{"id":754,"date":"2022-11-17T15:23:12","date_gmt":"2022-11-17T15:23:12","guid":{"rendered":"https:\/\/software.sil.org\/abyssinica\/?page_id=754"},"modified":"2024-10-29T16:47:47","modified_gmt":"2024-10-29T16:47:47","slug":"sample","status":"publish","type":"page","link":"https:\/\/software.sil.org\/abyssinica\/sample\/","title":{"rendered":"Type Sample"},"content":{"rendered":"<p>This document demonstrates all of the characters in the font. It is organized by Unicode block. Alternate glyphs that are available through features are demonstrated in the <a href=\"features\">Features<\/a> document. At the end is a sample demonstrating an example of running text.<\/p>\n<h3>Basic Latin:<\/h3>\n<p><span class='abyssinica-R normal'>!&#8221;#$%&amp;'()*+,.\/0123456789:;=>?@ ABCDEFGHIJKLMNOPQRSTUVWWYZ[&#093;^` abcdefghijklmnopqrstuvwxyz{|}~<\/span><\/p>\n<h3>Latin-1 Supplement:<\/h3>\n<p><span class='abyssinica-R normal'> \u00a1\u00a2\u00a3\u00a4\u00a5\u00a6\u00a7\u00a8\u00a9\u00aa\u00ab\u00ac\u00ad\u00ae\u00af\u00b0\u00b1\u00b2\u00b3\u00b4\u00b5\u00b6\u00b7\u00b8\u00b9\u00ba\u00bb\u00bc\u00bd\u00be\u00bf \u00c0\u00c1\u00c2\u00c3\u00c4\u00c5\u00c6\u00c7\u00c8\u00c9\u00ca\u00cb\u00cc\u00cd\u00ce\u00cf\u00d0\u00d1\u00d2\u00d3\u00d4\u00d5\u00d6\u00d7\u00d8\u00d9\u00da\u00db\u00dc\u00dd\u00de\u00df \u00e0\u00e1\u00e2\u00e3\u00e4\u00e5\u00e6\u00e7\u00e8\u00e9\u00ea\u00eb\u00ec\u00ed\u00ee\u00ef\u00f0\u00f1\u00f2\u00f3\u00f4\u00f5\u00f6\u00f7\u00f8\u00f9\u00fa\u00fb\u00fc\u00fd\u00fe\u00ff<\/span><\/p>\n<h3>Latin Extended-A:<\/h3>\n<p><span class='abyssinica-R normal'>\u0131\u0152\u0153\u0160\u0161\u0178\u017d\u017e<\/span><\/p>\n<h3>Latin Extended-B:<\/h3>\n<p><span class='abyssinica-R normal'>\u0192<\/span><\/p>\n<h3>Spacing Modifier Letters:<\/h3>\n<p><span class='abyssinica-R normal'>\u02c6 \u02c7 \u02d0 \u02d8 \u02d9 \u02da \u02db \u02dc \u02dd<\/span><\/p>\n<h3>Combining Diacritical Marks:<\/h3>\n<p><span class='abyssinica-R normal'>\u25cc\u0300\u25cc\u0301\u25cc\u0302\u25cc\u0303\u25cc\u0304\u25cc\u0307\u25cc\u0308\u25cc\u030b\u25cc\u030c\u25cc\u030f CGJ (U+034F)<\/br><br \/>\n\u1206\u0300\u1206\u0301\u1206\u0302\u1206\u0303\u1206\u0304\u1206\u0307\u1206\u0308\u1206\u030b\u1206\u030c\u1206\u030f<\/span><\/p>\n<h3>Greek and Coptic:<\/h3>\n<p><span class='abyssinica-R normal'> \u03c0 <\/span><\/p>\n<h3>General Punctuation:<\/h3>\n<p><span class='abyssinica-R normal'>\u2007\u2008\u2009\u200a\u2013\u2014\u2018\u2019\u201a\u201c\u201d\u201e\u2020\u2021\u2022\u2026\u2030\u2039\u203a\u203b\u2044\u2060<\/span><\/p>\n<h3>Superscripts and Subscripts<\/h3>\n<p><span class='abyssinica-R normal'>\u2070\u2074\u2075\u2076\u2077\u2078\u2079 &#x2080;&#x2081;&#x2082;&#x2083;&#x2084;&#x2085;&#x2086;&#x2087;&#x2088;&#x2089;<\/span><\/p>\n<h3>Currency Symbols:<\/h3>\n<p><span class='abyssinica-R normal'> \u20ac<\/span><\/p>\n<h3>Letterlike Symbols, Mathematical Operators, Control Pictures, Geometric Shapes, Dingbats:<\/h3>\n<p><span class='abyssinica-R normal'>\u2122\u2126 \u2202\u2205\u2206\u220f\u2211\u2219\u221a\u221e\u222b\u2248\u2260\u2264\u2265 \u2423 \u25ca \u25cc \u2713<\/span><\/p>\n<h3>Enclosed Alphanumerics<\/h3>\n<p><span class='abyssinica-R normal'>&#x2460;&#x2461;&#x2462;&#x2463;&#x2464;&#x2465;&#x2466;&#x2467;&#x2468;<\/span><\/p>\n<h3>Ethiopic:<\/h3>\n<h4>Syllables:<\/h4>\n<p><span class='abyssinica-R normal'>\u1200\u1201\u1202\u1203\u1204\u1205\u1206\u1207 \u1208\u1209\u120a\u120b\u120c\u120d\u120e\u120f \u1210\u1211\u1212\u1213\u1214\u1215\u1216\u1217 \u1218\u1219\u121a\u121b\u121c\u121d\u121e\u121f \u1220\u1221\u1222\u1223\u1224\u1225\u1226\u1227 \u1228\u1229\u122a\u122b\u122c\u122d\u122e\u122f \u1230\u1231\u1232\u1233\u1234\u1235\u1236\u1237 \u1238\u1239\u123a\u123b\u123c\u123d\u123e\u123f \u1240\u1241\u1242\u1243\u1244\u1245\u1246\u1247 \u1248\u124a\u124b\u124c\u124d \u1250\u1251\u1252\u1253\u1254\u1255 \u1256\u1258\u125a\u125b\u125c\u125d \u1260\u1261\u1262\u1263\u1264\u1265\u1266\u1267 \u1268\u1269\u126a\u126b\u126c\u126d\u126e\u126f \u1270\u1271\u1272\u1273\u1274\u1275\u1276\u1277 \u1278\u1279\u127a\u127b\u127c\u127d\u127e\u127f \u1280\u1281\u1282\u1283\u1284\u1285\u1286\u1287 \u1288\u128a\u128b\u128c\u128d \u1290\u1291\u1292\u1293\u1294\u1295\u1296\u1297 \u1298\u1299\u129a\u129b\u129c\u129d\u129e\u129f \u12a0\u12a1\u12a2\u12a3\u12a4\u12a5\u12a6 \u12a7\u12a8\u12a9\u12aa\u12ab\u12ac\u12ad\u12ae\u12af \u12b0\u12b2\u12b3\u12b4\u12b5 \u12b8\u12b9\u12ba\u12bb\u12bc\u12bd\u12be\u12c0\u12c2\u12c3\u12c4\u12c5 \u12c8\u12c9\u12ca\u12cb\u12cc\u12cd\u12ce\u12cf \u12d0\u12d1\u12d2\u12d3\u12d4\u12d5\u12d6 \u12d8\u12d9\u12da\u12db\u12dc\u12dd\u12de\u12df \u12e0\u12e1\u12e2\u12e3\u12e4\u12e5\u12e6\u12e7 \u12e8\u12e9\u12ea\u12eb\u12ec\u12ed\u12ee\u12ef \u12f0\u12f1\u12f2\u12f3\u12f4\u12f5\u12f6\u12f7 \u12f8\u12f9\u12fa\u12fb\u12fc\u12fd\u12fe\u12ff \u1300\u1301\u1302\u1303\u1304\u1305\u1306\u1307 \u1308\u1309\u130a\u130b\u130c\u130d\u130e\u130f\u1310\u1312\u1313\u1314\u1315 \u1318\u1319\u131a\u131b\u131c\u131d\u131e\u131f \u1320\u1321\u1322\u1323\u1324\u1325\u1326\u1327 \u1328\u1329\u132a\u132b\u132c\u132d\u132e\u132f \u1330\u1331\u1332\u1333\u1334\u1335\u1336\u1337 \u1338\u1339\u133a\u133b\u133c\u133d\u133e\u133f \u1340\u1341\u1342\u1343\u1344\u1345\u1346\u1347 \u1348\u1349\u134a\u134b\u134c\u134d\u134e\u134f \u1350\u1351\u1352\u1353\u1354\u1355\u1356\u1357 \u1358 \u1359 \u135a<\/span><\/p>\n<h4>Combining Marks<\/h4>\n<p><span class='abyssinica-R normal'>\u25cc\u135e\u25cc\u135f\u25cc\u135d<\/br>&#x1206;&#x135e;&#x1206;&#x135f;&#x1206;&#x135d; &#x1206;&#x135e;&#x0301;&#x1206;&#x135f;&#x0301;&#x1206;&#x135d;&#x135f;<\/span><\/p>\n<h4>Punctuation<\/h4>\n<p><span class='abyssinica-R normal'>\u1360\u1361\u1362\u1363\u1364\u1365\u1366\u1367\u1368<\/span><\/p>\n<h4>Digits<\/h4>\n<p><span class='abyssinica-R normal'>\u1369\u136a\u136b\u136c\u136d\u136e\u136f\u1370\u1371<\/span><\/p>\n<h4>Numbers<\/h4>\n<p><span class='abyssinica-R normal'>\u1372\u1373\u1374\u1375\u1376\u1377\u1378\u1379\u137a\u137b\u137c<\/span><\/p>\n<h3>Ethiopic Supplement<\/h3>\n<h4>Syllables for Gurage<\/h4>\n<p><span class='abyssinica-R normal'>\u1380\u1381\u1382\u1383\u1384\u1385\u1386\u1387\u1388\u1389\u138a\u138b\u138c\u138d\u138e\u138f<\/span><\/p>\n<h4>Tonal Marks<\/h4>\n<p><span class='abyssinica-R normal'>\u1390 \u1391 \u1392 \u1393 \u1394 \u1395 \u1396 \u1397 \u1398 \u1399<\/span><\/p>\n<h3>Ethiopic Extended<\/h3>\n<h4>Syllables for Me\u2019en<\/h4>\n<p><span class='abyssinica-R normal'>\u2d80\u2d81\u2d82\u2d83\u2d84\u2d85\u2d86\u2d87\u2d88\u2d89\u2d8a\u2d8b\u2d8c\u2d8d\u2d8e\u2d8f\u2d90\u2d91\u2d92<\/span><\/p>\n<h4>Syllables for Blin<\/h4>\n<p><span class='abyssinica-R normal'>\u2d93\u2d94\u2d95\u2d96<\/span><\/p>\n<h4>Syllables for Gurage<\/h4>\n<p><span class='abyssinica-R normal'>\u2da0\u2da1\u2da2\u2da3\u2da4\u2da5\u2da6 \u2da8\u2da9\u2daa\u2dab\u2dac\u2dad\u2dae \u2db0\u2db1\u2db2\u2db3\u2db4\u2db5\u2db6 \u2db8\u2db9\u2dba\u2dbb\u2dbc\u2dbd\u2dbe \u2dc0\u2dc1\u2dc2\u2dc3\u2dc4\u2dc5\u2dc6 \u2dc8\u2dc9\u2dca\u2dcb\u2dcc\u2dcd\u2dce \u2dd0\u2dd1\u2dd2\u2dd3\u2dd4\u2dd5\u2dd6 \u2dd8\u2dd9\u2dda\u2ddb\u2ddc\u2ddd\u2dde<\/span><\/p>\n<h3>Ethiopic Extended-A<\/h3>\n<h4>Gamo-Gofa-Dawro and Basketo<\/h4>\n<p><span class='abyssinica-R normal'>\uab01\uab02\uab03\uab04\uab05\uab06 \uab09\uab0a\uab0b\uab0c\uab0d\uab0e<\/span><\/p>\n<h4>Gamo-Gofa-Dawro<\/h4>\n<p><span class='abyssinica-R normal'>\uab11\uab12\uab13\uab14\uab15\uab16 <\/span><\/p>\n<h4>Gumuz<\/h4>\n<p><span class='abyssinica-R normal'>\uab20\uab21\uab22\uab23\uab24\uab25\uab26 \uab28\uab29\uab2a\uab2b\uab2c\uab2d\uab2e<\/span><\/p>\n<h3>Ethiopic Extended-B<\/h3>\n<h4>Syllables for Gurage<\/h4>\n<p><span class='abyssinica-R normal'>\ud839\udfe0\ud839\udfe1\ud839\udfe2\ud839\udfe3\ud839\udfe4\ud839\udfe5\ud839\udfe6 \ud839\udfe8\ud839\udfe9\ud839\udfea\ud839\udfeb \ud839\udfed\ud839\udfee \ud839\udff0\ud839\udff1\ud839\udff2 \ud839\udff3\ud839\udff4\ud839\udff5\ud839\udff6\ud839\udff7 \ud839\udff8\ud839\udff9\ud839\udffa \ud839\udffb\ud839\udffc \ud839\udffd\ud839\udffe<\/span><\/p>\n<h2>Sample Text<\/h2>\n<h3>Amharic UDHR #26:<\/h3>\n<p><span class='abyssinica-R normal'>\u12a5\u12eb\u1295\u12f3\u1295\u12f1\u1361\u1230\u12cd\u1361\u12e8\u1218\u121b\u122d\u1361\u1218\u1265\u1275\u1361\u12a0\u1208\u12cd\u1362\u1361\u1275\u121d\u1205\u122d\u1275\u1361\u1262\u12eb\u1295\u1235\u1361\u1262\u12eb\u1295\u1235\u1361\u1260\u12a0\u1295\u12f0\u129b\u1361\u12f0\u1228\u1303\u1293\u1361\u1260\u1218\u1230\u1228\u1273\u12ca\u1361\u12f0\u1228\u1303\u12ce\u127d\u1361\u1260\u1290\u133b\u1361\u120a\u1206\u1295\u1361\u12ed\u1308\u1263\u120d\u1362\u1361\u12e8\u12a0\u1295\u12f0\u129b\u1361\u12f0\u1228\u1303\u1361\u1275\u121d\u1205\u122d\u1275\u1361\u1218\u121b\u122d\u1361\u130d\u12f4\u1273\u1361\u1290\u12cd\u1362\u1361\u12e8\u1274\u12ad\u1292\u12ad\u1293\u1361\u12e8\u120d\u12e9\u1361\u120d\u12e9\u1361\u1219\u12eb\u1361\u1275\u121d\u1205\u122d\u1275\u1361\u1260\u1320\u1245\u120b\u120b\u12cd\u1361\u12e8\u12a8\u134d\u1270\u129b\u1361\u12f0\u1228\u1303\u1361\u12f0\u130d\u121e\u1361\u1260\u127d\u120e\u1273\u1361\u1218\u1220\u1228\u1275\u1361\u1208\u1201\u1209\u121d\u1361\u12a5\u12a9\u120d\u1361\u1218\u1230\u1320\u1275\u1361\u12a0\u1208\u1260\u1275\u1362<\/span><\/p>\n<p><span class='abyssinica-R normal'>\u1275\u121d\u1205\u122d\u1275\u1361\u1208\u12a5\u12eb\u1295\u12f3\u1295\u12f1\u1361\u1230\u12cd\u1361\u1201\u1294\u1273\u1361\u121b\u123b\u123b\u12eb\u1293\u1361\u1208\u1230\u1265\u12d3\u12ca\u1361\u1218\u1265\u1276\u127d\u121d\u1361\u1218\u1220\u1228\u1273\u12ca\u1361\u1290\u133b\u1290\u1276\u127d\u1361\u12ad\u1265\u122d\u1361\u121b\u12f3\u1260\u122d\u12eb\u1361\u12e8\u121a\u12cd\u120d\u1361\u1218\u1206\u1295\u1361\u12a0\u1208\u1260\u1275\u1362\u1361\u12a5\u1295\u12f2\u1201\u121d\u1361\u12e8\u1270\u1208\u12eb\u12e8\u1361\u12d8\u122d\u1361\u12c8\u12ed\u121d\u1361\u1203\u12ed\u121b\u1296\u1275\u1361\u1263\u120f\u1278\u12cd\u1361\u1215\u12dd\u1266\u127d\u1361\u1218\u12ab\u12a8\u120d\u1361\u1201\u1209\u1361\u1218\u130d\u1263\u1263\u1275\u1295\u1361\u1270\u127b\u127d\u120e\u1361\u12e8\u1218\u1296\u122d\u1295\u1293\u1361\u12e8\u1218\u1270\u1263\u1260\u122d\u1295\u1361\u1218\u1295\u1348\u1235\u1361\u12e8\u121a\u12eb\u1320\u1290\u12ad\u122d\u1293\u1361\u12e8\u1270\u1263\u1260\u1229\u1275\u1361\u1218\u1295\u130d\u1225\u1273\u1275\u1361\u12f5\u122d\u1305\u1275\u1361\u1230\u120b\u121d\u1295\u1361\u1208\u1218\u1320\u1260\u1245\u1361\u12e8\u121a\u1348\u133d\u121b\u1278\u12cd\u1361\u1270\u130d\u1263\u122e\u127d\u1361\u12a5\u1295\u12f2\u1235\u134b\u134b\u1361\u12e8\u121a\u12eb\u1260\u1228\u1273\u1271\u1361\u1218\u1206\u1295\u1361\u12a0\u1208\u1260\u1275\u1362\u1361<\/span><\/p>\n<p><span class='abyssinica-R normal'>\u12c8\u120b\u1306\u127d\u1361\u1208\u120d\u1306\u127b\u1278\u12cd\u1361\u1208\u1218\u1235\u1320\u1275\u1361\u12e8\u121a\u1348\u120d\u1309\u1275\u1295\u1361\u1275\u121d\u1205\u122d\u1275\u1361\u1208\u1218\u121d\u1228\u1325\u1361\u12e8\u1245\u12f5\u121a\u12eb\u1361\u1218\u1265\u1275\u1361\u12a0\u120b\u127d\u12cd\u1362\u1361<\/span><\/p>\n\n","protected":false},"excerpt":{"rendered":"<p>This document demonstrates all of the characters in the font. It is organized by Unicode block. Alternate glyphs that are available through features are demonstrated in the Features document. At the end is a sample demonstrating an example of running text. Basic Latin: !&#8221;#$%&amp;'()*+,.\/0123456789:;=>?@ ABCDEFGHIJKLMNOPQRSTUVWWYZ[&#093;^` abcdefghijklmnopqrstuvwxyz{|}~ Latin-1 Supplement: \u00a1\u00a2\u00a3\u00a4\u00a5\u00a6\u00a7\u00a8\u00a9\u00aa\u00ab\u00ac\u00ad\u00ae\u00af\u00b0\u00b1\u00b2\u00b3\u00b4\u00b5\u00b6\u00b7\u00b8\u00b9\u00ba\u00bb\u00bc\u00bd\u00be\u00bf \u00c0\u00c1\u00c2\u00c3\u00c4\u00c5\u00c6\u00c7\u00c8\u00c9\u00ca\u00cb\u00cc\u00cd\u00ce\u00cf\u00d0\u00d1\u00d2\u00d3\u00d4\u00d5\u00d6\u00d7\u00d8\u00d9\u00da\u00db\u00dc\u00dd\u00de\u00df \u00e0\u00e1\u00e2\u00e3\u00e4\u00e5\u00e6\u00e7\u00e8\u00e9\u00ea\u00eb\u00ec\u00ed\u00ee\u00ef\u00f0\u00f1\u00f2\u00f3\u00f4\u00f5\u00f6\u00f7\u00f8\u00f9\u00fa\u00fb\u00fc\u00fd\u00fe\u00ff Latin Extended-A: \u0131\u0152\u0153\u0160\u0161\u0178\u017d\u017e Latin [&hellip;]<\/p>\n","protected":false},"author":18,"featured_media":0,"parent":0,"menu_order":0,"comment_status":"closed","ping_status":"closed","template":"","meta":{"_acf_changed":false,"hide_sidebar":false,"hide_h1":false,"footnotes":""},"class_list":["post-754","page","type-page","status-publish","hentry"],"acf":[],"_links":{"self":[{"href":"https:\/\/software.sil.org\/abyssinica\/wp-json\/wp\/v2\/pages\/754","targetHints":{"allow":["GET"]}}],"collection":[{"href":"https:\/\/software.sil.org\/abyssinica\/wp-json\/wp\/v2\/pages"}],"about":[{"href":"https:\/\/software.sil.org\/abyssinica\/wp-json\/wp\/v2\/types\/page"}],"author":[{"embeddable":true,"href":"https:\/\/software.sil.org\/abyssinica\/wp-json\/wp\/v2\/users\/18"}],"replies":[{"embeddable":true,"href":"https:\/\/software.sil.org\/abyssinica\/wp-json\/wp\/v2\/comments?post=754"}],"version-history":[{"count":6,"href":"https:\/\/software.sil.org\/abyssinica\/wp-json\/wp\/v2\/pages\/754\/revisions"}],"predecessor-version":[{"id":842,"href":"https:\/\/software.sil.org\/abyssinica\/wp-json\/wp\/v2\/pages\/754\/revisions\/842"}],"wp:attachment":[{"href":"https:\/\/software.sil.org\/abyssinica\/wp-json\/wp\/v2\/media?parent=754"}],"curies":[{"name":"wp","href":"https:\/\/api.w.org\/{rel}","templated":true}]}}