{"id":1417,"date":"2022-03-22T19:08:28","date_gmt":"2022-03-22T19:08:28","guid":{"rendered":"https:\/\/software.sil.org\/awami\/?page_id=1417"},"modified":"2025-10-17T14:11:11","modified_gmt":"2025-10-17T14:11:11","slug":"sample","status":"publish","type":"page","link":"https:\/\/software.sil.org\/awami\/sample\/","title":{"rendered":"Type Sample"},"content":{"rendered":"<table>\n<thead>\n<tr>\n<th align=\"left\"><font color=\"red\">Note:<\/font><\/th>\n<\/tr>\n<\/thead>\n<tbody>\n<tr>\n<td align=\"left\"><strong>This page will only display properly in Mozilla Firefox. Also, Graphite must be enabled. See <a href=\"https:\/\/graphite.sil.org\/graphite_firefox\" target=\"_blank\" rel=\"noopener\">Using Graphite in Mozilla Firefox<\/a>.<\/strong><\/td>\n<\/tr>\n<\/tbody>\n<\/table>\n<p>This document demonstrates all of the characters in the font. It is organized by Unicode block. Alternate glyphs that are available through features are demonstrated in the <a href=\"features\">Features<\/a> document. At the end is a sample demonstrating Arabic shaping and another example of running text.<\/p>\n<h3>Basic Latin:<\/h3>\n<p>Regular: <span class='awamiL-R normal'> ! &#x22; # $ % &amp; &#x27; ( ) * + , &#8211; . \/ 0 1 2 3 4 5 6 7 8 9 : ; &lt; = > ? @ A B C D E F G H I J K L M N O P Q R S T U V W X Y Z [ \\ ] ^ _ ` a b c d e f g h i j k l m n o p q r s t u v w x y z { | } ~<\/span><\/p>\n<p><strong>Bold<\/strong>: <span class='awamiL-B normal'> ! &#x22; # $ % &amp; &#x27; ( ) * + , &#8211; . \/ 0 1 2 3 4 5 6 7 8 9 : ; &lt; = > ? @ A B C D E F G H I J K L M N O P Q R S T U V W X Y Z [ \\ ] ^ _ ` a b c d e f g h i j k l m n o p q r s t u v w x y z { | } ~<\/span><\/p>\n<h3>Latin-1 Supplement:<\/h3>\n<p>Regular: <span dir=\"rtl\" class='awamiL-R normal'>   \u00a1 \u00a2 \u00a3 \u00a4 \u00a5 \u00a6 \u00a7 \u00a8 \u00a9 \u00aa \u00ab \u00ac \u00ad \u00ae \u00af \u00b0 \u00b1 \u00b2 \u00b3 \u00b4 \u00b5 \u00b6 \u00b7 \u00b8 \u00b9 \u00ba \u00bb \u00bc \u00bd \u00be \u00bf \u00c0 \u00c1 \u00c2 \u00c3 \u00c4 \u00c5 \u00c6 \u00c7 \u00c8 \u00c9 \u00ca \u00cb \u00cc \u00cd \u00ce \u00cf \u00d1 \u00d2 \u00d3 \u00d4 \u00d5 \u00d6 \u00d7 \u00d8 \u00d9 \u00da \u00db \u00dc \u00dd \u00de \u00df \u00e0 \u00e1 \u00e2 \u00e3 \u00e4 \u00e5 \u00e6 \u00e7 \u00e8 \u00e9 \u00ea \u00eb \u00ec \u00ed \u00ee \u00ef \u00f1 \u00f2 \u00f3 \u00f4 \u00f5 \u00f6 \u00f7 \u00f8 \u00f9 \u00fa \u00fb \u00fc \u00fd \u00fe \u00ff<\/span><\/p>\n<p><strong>Bold<\/strong>: <span dir=\"rtl\" class='awamiL-B normal'>   \u00a1 \u00a2 \u00a3 \u00a4 \u00a5 \u00a6 \u00a7 \u00a8 \u00a9 \u00aa \u00ab \u00ac \u00ad \u00ae \u00af \u00b0 \u00b1 \u00b2 \u00b3 \u00b4 \u00b5 \u00b6 \u00b7 \u00b8 \u00b9 \u00ba \u00bb \u00bc \u00bd \u00be \u00bf \u00c0 \u00c1 \u00c2 \u00c3 \u00c4 \u00c5 \u00c6 \u00c7 \u00c8 \u00c9 \u00ca \u00cb \u00cc \u00cd \u00ce \u00cf \u00d1 \u00d2 \u00d3 \u00d4 \u00d5 \u00d6 \u00d7 \u00d8 \u00d9 \u00da \u00db \u00dc \u00dd \u00de \u00df \u00e0 \u00e1 \u00e2 \u00e3 \u00e4 \u00e5 \u00e6 \u00e7 \u00e8 \u00e9 \u00ea \u00eb \u00ec \u00ed \u00ee \u00ef \u00f1 \u00f2 \u00f3 \u00f4 \u00f5 \u00f6 \u00f7 \u00f8 \u00f9 \u00fa \u00fb \u00fc \u00fd \u00fe \u00ff<\/span><\/p>\n<h3>Latin Extended-A:<\/h3>\n<p>Regular: <span dir=\"rtl\" class='awamiL-R normal'>\u0131 OE oe \u0160 \u0161 \u0178 \u017d \u017e<\/span><\/p>\n<p><strong>Bold<\/strong>: <span dir=\"rtl\" class='awamiL-B normal'>\u0131 OE oe \u0160 \u0161 \u0178 \u017d \u017e<\/span><\/p>\n<h3>Latin Extended-B:<\/h3>\n<p>Regular:<span class='awamiL-R normal'> \u0192<\/span><\/p>\n<p><strong>Bold<\/strong>:<span class='awamiL-B normal'> \u0192<\/span><\/p>\n<h3>Spacing Modifier Letters:<\/h3>\n<p>Regular: <span class='awamiL-R normal'>\u02c6 \u02c7 \u02c9 \u02d0 \u02d8 \u02d9 \u02da \u02db \u02dc<\/span><\/p>\n<p><strong>Bold<\/strong>: <span class='awamiL-B normal'>\u02c6 \u02c7 \u02c9 \u02d0 \u02d8 \u02d9 \u02da \u02db \u02dc<\/span><\/p>\n<h3>Combining Diacritical Marks:<\/h3>\n<p>Regular: <span class='awamiL-R normal'>\u25cc\u0327 \u25cc\u0300 \u25cc\u0301 \u0302\u25cc \u25cc\u0303 \u0308\u25cc \u25cc\u030a \u25cc\u030c \u25cc\u0327 CGJ (U+034F)<\/span><\/p>\n<p><strong>Bold<\/strong>: <span class='awamiL-B normal'>\u25cc\u0327 \u25cc\u0300 \u25cc\u0301 \u0302\u25cc \u25cc\u0303 \u0308\u25cc \u25cc\u030a \u25cc\u030c \u25cc\u0327 CGJ (U+034F)<\/span><\/p>\n<h3>Greek and Coptic:<\/h3>\n<p>Regular: <span class='awamiL-R normal'> &#x03C0; <\/span><\/p>\n<p><strong>Bold<\/strong>: <span class='awamiL-B normal'> &#x03C0; <\/span><\/p>\n<h3>General Punctuation, Superscripts and Subscripts, Supplemental Punctuation:<\/h3>\n<p>Regular:<span class='awamiL-R normal'> \u2010 &#8211; \u2012 \u2013 \u2014 \u2015 \u2018 \u2019 \u201a \u201c \u201d \u201e \u2020 \u2021 \u2022 \u2025\u2026 \u2030 \u2039 \u203a \u2044 \u2074<\/span><\/p>\n<p><strong>Bold<\/strong>:<span class='awamiL-B normal'> \u2010 &#8211; \u2012 \u2013 \u2014 \u2015 \u2018 \u2019 \u201a \u201c \u201d \u201e \u2020 \u2021 \u2022 \u2025\u2026 \u2030 \u2039 \u203a \u2044 \u2074<\/span><\/p>\n<h3>Currency Symbols:<\/h3>\n<p>Regular:<span class='awamiL-R normal'> \u20ac<\/span><\/p>\n<p><strong>Bold<\/strong>:<span class='awamiL-B normal'> \u20ac<\/span><\/p>\n<h3>Letterlike Symbols, Geometric Shapes:<\/h3>\n<p>Regular:<span class='awamiL-R normal'>\u2122 \u25cc<\/span><\/p>\n<p><strong>Bold<\/strong>:<span class='awamiL-B normal'>\u2122 \u25cc<\/span><\/p>\n<h3>Arabic:<\/h3>\n<h4>Regular:<\/h4>\n<p dir=\"rtl\"><span dir=\"rtl\" class='awami-R normal'>&#x0600; &#x0601; &#x0602; &#x0603; &#x0604; &#x0609; &#x060A; &#x060B; &#x060C; &#x060D; &#x060E; &#x060F; &#x25cc;&#x0610; &#x25cc;&#x0611; &#x25cc;&#x0612; &#x25cc;&#x0613; &#x25cc;&#x0614; &#x25cc;&#x0615; &#x061B; &#x061C; &#x061F; &#x0620; &#x0621; &#x0622; &#x0623; &#x0624; &#x0625; &#x0626; &#x0627; &#x0628; &#x0629; &#x062A; &#x062B; &#x062C; &#x062D; &#x062E; &#x062F; &#x0630; &#x0631; &#x0632; &#x0633; &#x0634; &#x0635; &#x0636; &#x0637; &#x0638; &#x0639; &#x063A; &#x0641; &#x0642; &#x0643; &#x0644; &#x0645; &#x0646; &#x0647; &#x0648; &#x0649; &#x064A; &#x25cc;&#x064B; &#x25cc;&#x064C; &#x25cc;&#x064D; &#x25cc;&#x064E; &#x25cc;&#x064F; &#x25cc;&#x0650; &#x25cc;&#x0651; &#x25cc;&#x0652; &#x25cc;&#x0653; &#x25cc;&#x0654; &#x25cc;&#x0655; &#x25cc;&#x0656; &#x25cc;&#x0657; &#x25cc;&#x0658; &#x25cc;&#x0659; &#x25cc;&#x065A; &#x25cc;&#x065B; &#x25cc;&#x065E; &#x25cc;&#x065F; &#x0660; &#x0661; &#x0662; &#x0663; &#x0664; &#x0665; &#x0666; &#x0667; &#x0668; &#x0669; &#x066A; &#x066B; &#x066C; &#x066D; &#x066E; &#x066F; &#x0670; &#x0671; &#x0672; &#x0673; &#x0674; &#x0675; &#x0679; &#x067A; &#x067B; &#x067C; &#x067D; &#x067E; &#x0681; &#x0682; &#x0683; &#x0684; &#x0685; &#x0686; &#x0687; &#x0688; &#x0689; &#x068A; &#x068B; &#x068E; &#x0690; &#x0691; &#x0693; &#x0694; &#x0695; &#x0696; &#x0697; &#x0698; &#x0699; &#x069A; &#x069B; &#x069C; &#x069E; &#x06A0; &#x06A1; &#x06A4; &#x06A5; &#x06A8; &#x06A9; &#x06AB; &#x06AD; &#x06AF; &#x06B0; &#x06B1; &#x06B3; &#x06B5; &#x06B7; &#x06B9; &#x06BA; &#x06BB; &#x06BC; &#x06BD; &#x06BE; &#x06C0; &#x06C1; &#x06C2; &#x06C3; &#x06C4; &#x06C5; &#x06C6; &#x06C7; &#x06C8; &#x06C9; &#x06CA; &#x06CB; &#x06CC; &#x06CD; &#x06CE; &#x06CF; &#x06D0; &#x06D2; &#x06D3; &#x06D4; &#x06D5; &#x25cc;&#x06DC; &#x06DD; &#x25cc;&#x06E0; &#x25cc;&#x06E1; &#x25cc;&#x06EA; &#x25cc;&#x06ED; &#x06F0; &#x06F1; &#x06F2; &#x06F3; &#x06F4; &#x06F5; &#x06F6; &#x06F7; &#x06F8; &#x06F9; &#x06FB; <\/span><\/p>\n<h4>Bold:<\/h4>\n<p dir=\"rtl\"><span dir=\"rtl\" class='awami-B normal'>&#x0600; &#x0601; &#x0602; &#x0603; &#x0604; &#x0609; &#x060A; &#x060B; &#x060C; &#x060D; &#x060E; &#x060F; &#x25cc;&#x0610; &#x25cc;&#x0611; &#x25cc;&#x0612; &#x25cc;&#x0613; &#x25cc;&#x0614; &#x25cc;&#x0615; &#x061B; &#x061C; &#x061F; &#x0620; &#x0621; &#x0622; &#x0623; &#x0624; &#x0625; &#x0626; &#x0627; &#x0628; &#x0629; &#x062A; &#x062B; &#x062C; &#x062D; &#x062E; &#x062F; &#x0630; &#x0631; &#x0632; &#x0633; &#x0634; &#x0635; &#x0636; &#x0637; &#x0638; &#x0639; &#x063A; &#x0641; &#x0642; &#x0643; &#x0644; &#x0645; &#x0646; &#x0647; &#x0648; &#x0649; &#x064A; &#x25cc;&#x064B; &#x25cc;&#x064C; &#x25cc;&#x064D; &#x25cc;&#x064E; &#x25cc;&#x064F; &#x25cc;&#x0650; &#x25cc;&#x0651; &#x25cc;&#x0652; &#x25cc;&#x0653; &#x25cc;&#x0654; &#x25cc;&#x0655; &#x25cc;&#x0656; &#x25cc;&#x0657; &#x25cc;&#x0658; &#x25cc;&#x0659; &#x25cc;&#x065A; &#x25cc;&#x065B; &#x25cc;&#x065E; &#x25cc;&#x065F; &#x0660; &#x0661; &#x0662; &#x0663; &#x0664; &#x0665; &#x0666; &#x0667; &#x0668; &#x0669; &#x066A; &#x066B; &#x066C; &#x066D; &#x066E; &#x066F; &#x0670; &#x0671; &#x0672; &#x0673; &#x0674; &#x0675; &#x0679; &#x067A; &#x067B; &#x067C; &#x067D; &#x067E; &#x0681; &#x0682; &#x0683; &#x0684; &#x0685; &#x0686; &#x0687; &#x0688; &#x0689; &#x068A; &#x068B; &#x068E; &#x0690; &#x0691; &#x0693; &#x0694; &#x0695; &#x0696; &#x0697; &#x0698; &#x0699; &#x069A; &#x069B; &#x069C; &#x069E; &#x06A0; &#x06A1; &#x06A4; &#x06A5; &#x06A8; &#x06A9; &#x06AB; &#x06AD; &#x06AF; &#x06B0; &#x06B1; &#x06B3; &#x06B5; &#x06B7; &#x06B9; &#x06BA; &#x06BB; &#x06BC; &#x06BD; &#x06BE; &#x06C0; &#x06C1; &#x06C2; &#x06C3; &#x06C4; &#x06C5; &#x06C6; &#x06C7; &#x06C8; &#x06C9; &#x06CA; &#x06CB; &#x06CC; &#x06CD; &#x06CE; &#x06CF; &#x06D0; &#x06D2; &#x06D3; &#x06D4; &#x06D5; &#x25cc;&#x06DC; &#x06DD; &#x25cc;&#x06E0; &#x25cc;&#x06E1; &#x25cc;&#x06EA; &#x25cc;&#x06ED; &#x06F0; &#x06F1; &#x06F2; &#x06F3; &#x06F4; &#x06F5; &#x06F6; &#x06F7; &#x06F8; &#x06F9; &#x06FB; <\/span><\/p>\n<h3>Arabic Supplement:<\/h3>\n<h4>Regular:<\/h4>\n<p dir=\"rtl\"><span dir=\"rtl\" class='awami-R normal'>&#x0754; &#x0759; &#x075A; &#x075C; &#x0762; &#x0763; &#x0768; &#x0769; &#x076A; &#x076B; &#x076C; &#x076D; &#x076E; &#x076F; &#x0770; &#x0771; &#x0772; &#x0773; &#x0774; &#x0775; &#x0776; &#x0777; &#x0778; &#x0779; &#x077A; &#x077B; &#x077C; &#x077D; &#x077E; &#x077F;<\/span><\/p>\n<h4>Bold:<\/h4>\n<p dir=\"rtl\"><span dir=\"rtl\" class='awami-B normal'>&#x0754; &#x0759; &#x075A; &#x075C; &#x0762; &#x0763; &#x0768; &#x0769; &#x076A; &#x076B; &#x076C; &#x076D; &#x076E; &#x076F; &#x0770; &#x0771; &#x0772; &#x0773; &#x0774; &#x0775; &#x0776; &#x0777; &#x0778; &#x0779; &#x077A; &#x077B; &#x077C; &#x077D; &#x077E; &#x077F;<\/span><\/p>\n<h3>Arabic Extended-A:<\/h3>\n<h4>Regular:<\/h4>\n<p dir=\"rtl\"><span dir=\"rtl\" class='awami-R normal'>&#x08C7; &#x08C8; &#x25cc;&#x08F7; &#x25cc;&#x08FF;<\/span><\/p>\n<h4>Bold:<\/h4>\n<p dir=\"rtl\"><span dir=\"rtl\" class='awami-B normal'>&#x08C7; &#x08C8; &#x25cc;&#x08F7; &#x25cc;&#x08FF;<\/span><\/p>\n<h3>Arabic Presentation Forms A and B:<\/h3>\n<h4>Regular:<\/h4>\n<p dir=\"rtl\"><span class='awami-R normal'>&#xFBC6; &#xFBC7; &#xFD3E; &#xFD3F; &#xFD40; &#xFD41; &#xFD42; &#xFD43; &#xFD44; &#xFD45; &#xFD47; &#xFD48; &#xFD4F; &#xFD90; &#xFD91; &#xFDCF; &#xFDF2; &#xFDFA; &#xFDFB; &#xFDFC; &#xFDFD; &#xFDFE; &#xFDFF;<\/span><\/p>\n<h4>Bold:<\/h4>\n<p dir=\"rtl\"><span class='awami-B normal'>&#xFBC6; &#xFBC7; &#xFD3E; &#xFD3F; &#xFD40; &#xFD41; &#xFD42; &#xFD43; &#xFD44; &#xFD45; &#xFD47; &#xFD48; &#xFD4F; &#xFD90; &#xFD91; &#xFDCF; &#xFDF2; &#xFDFA; &#xFDFB; &#xFDFC; &#xFDFD; &#xFDFE; &#xFDFF;<\/span><\/p>\n<h3>Arabic Extended-C:<\/h3>\n<h4>Regular:<\/h4>\n<p dir=\"rtl\"><span class='awami-R normal'>&#x10ED0;<\/span><\/p>\n<h4>Bold:<\/h4>\n<p dir=\"rtl\"><span class='awami-B normal'>&#x10ED0;<\/span><\/p>\n<h2>Arabic Shaping (some basic shapes):<\/h2>\n<h4>Regular:<\/h4>\n<p dir=\"rtl\"><span class='awami-R normal'>&#x0627; &#x200D;&#x0627; &#x0628; &#x0628;&#x0628;&#x0628; &#x062c; &#x062c;&#x062c;&#x062c; &#x062f; &#x200d;&#x062f; &#x0631; &#x200d;&#x0631; &#x0633; &#x0633;&#x0633;&#x0633;  &#x0635; &#x0635;&#x0635;&#x0635; &#x0637; &#x0637;&#x0637;&#x0637; &#x0639; &#x0639;&#x0639;&#x0639; &#x0641; &#x0641;&#x0641;&#x0641; &#x0642; &#x0642;&#x0642;&#x0642; &#x0643; &#x0643;&#x0643;&#x0643; &#x0644; &#x0644;&#x0644;&#x0644; &#x0645; &#x0645;&#x0645;&#x0645; &#x0646; &#x0646;&#x0646;&#x0646; &#x0647; &#x0647;&#x0647;&#x0647; &#x0648; &#x200d;&#x0648; &#x064A; &#x064A;&#x064A;&#x064A; &#x06a9; &#x06a9;&#x06a9;&#x06a9; &#x06d2; &#x200d;&#x06d2; &#x0644;&#x0627; <\/br><br \/>\n&#x202D;&#x6DD;&#x31;&#x32;&#x33;&#x202C; &#x202D;&#x6DD;&#x0661;&#x0662;&#x0663;&#x202C;<\/span><\/p>\n<h4>Bold:<\/h4>\n<p dir=\"rtl\"><span class='awami-B normal'>&#x0627; &#x200D;&#x0627; &#x0628; &#x0628;&#x0628;&#x0628; &#x062c; &#x062c;&#x062c;&#x062c; &#x062f; &#x200d;&#x062f; &#x0631; &#x200d;&#x0631; &#x0633; &#x0633;&#x0633;&#x0633;  &#x0635; &#x0635;&#x0635;&#x0635; &#x0637; &#x0637;&#x0637;&#x0637; &#x0639; &#x0639;&#x0639;&#x0639; &#x0641; &#x0641;&#x0641;&#x0641; &#x0642; &#x0642;&#x0642;&#x0642; &#x0643; &#x0643;&#x0643;&#x0643; &#x0644; &#x0644;&#x0644;&#x0644; &#x0645; &#x0645;&#x0645;&#x0645; &#x0646; &#x0646;&#x0646;&#x0646; &#x0647; &#x0647;&#x0647;&#x0647; &#x0648; &#x200d;&#x0648; &#x064A; &#x064A;&#x064A;&#x064A; &#x06a9; &#x06a9;&#x06a9;&#x06a9; &#x06d2; &#x200d;&#x06d2; &#x0644;&#x0627; <\/br><br \/>\n&#x202D;&#x6DD;&#x31;&#x32;&#x33;&#x202C; &#x202D;&#x6DD;&#x0661;&#x0662;&#x0663;&#x202C;<\/span><\/p>\n<h2>Urdu UDHR #26:<\/h2>\n<p dir=\"rtl\"><span class='awami-B normal'> \u062f\u0641\u0639\u06c1 \u06f2\u06f6\u06d4<\/span><\/p>\n<p dir=\"rtl\"><span class='awami-R normal'>(\u06f1) \u06c1\u0631 \u0634\u062e\u0635 \u06a9\u0648 \u062a\u0639\u0644\u06cc\u0645 \u06a9\u0627 \u062d\u0642 \u06c1\u06d2\u06d4 \u062a\u0639\u0644\u06cc\u0645 \u0645\u0641\u062a \u06c1\u0648 \u06af\u06cc\u060c \u06a9\u0645 \u0633\u06d2 \u06a9\u0645 \u0627\u0628\u062a\u062f\u0627\u0626\u06cc \u0627\u0648\u0631 \u0628\u0646\u06cc\u0627\u062f\u06cc \u062f\u0631\u062c\u0648\u06ba \u0645\u06cc\u06ba\u06d4 \u0627\u0628\u062a\u062f\u0627\u0626\u06cc \u062a\u0639\u0644\u06cc\u0645 \u062c\u0628\u0631\u06cc \u06c1\u0648 \u06af\u06cc\u06d4 \u0641\u0646\u0651\u06cc \u0627\u0648\u0631 \u067e\u06cc\u0634\u06c1 \u0648\u0631\u0627\u0646\u06c1 \u062a\u0639\u0644\u06cc\u0645 \u062d\u0627\u0635\u0644 \u06a9\u0631\u0646\u06d2 \u06a9\u0627 \u0639\u0627\u0645 \u0627\u0646\u062a\u0638\u0627\u0645 \u06a9\u06cc\u0627 \u062c\u0627\u0626\u06d2 \u06af\u0627 \u0627\u0648\u0631 \u0644\u06cc\u0627\u0642\u062a \u06a9\u06cc \u0628\u0646\u0627 \u067e\u0631 \u0627\u0639\u0644\u06cc\u0670 \u062a\u0639\u0644\u06cc\u0645 \u062d\u0627\u0635\u0644 \u06a9\u0631\u0646\u0627 \u0633\u0628 \u06a9\u06d2 \u0644\u0626\u06d2 \u0645\u0633\u0627\u0648\u06cc \u0637\u0648\u0631 \u067e\u0631 \u0645\u0645\u06a9\u0646 \u06c1\u0648 \u06af\u0627\u06d4<\/span><\/p>\n<p dir=\"rtl\"><span class='awami-R normal'>(\u06f2) \u062a\u0639\u0644\u06cc\u0645 \u06a9\u0627 \u0645\u0642\u0635\u062f \u0627\u0646\u0633\u0627\u0646\u06cc \u0634\u062e\u0635\u06cc\u062a \u06a9\u06cc \u067e\u0648\u0631\u06cc \u0646\u0634\u0648\u0648\u0646\u0645\u0627 \u06c1\u0648 \u06af\u0627\u06d4 \u0627\u0648\u0631 \u0648\u06c1 \u0627\u0646\u0633\u0627\u0646\u06cc \u062d\u0642\u0648\u0642 \u0627\u0648\u0631 \u0628\u0646\u06cc\u0627\u062f\u06cc \u0622\u0632\u0627\u062f\u06cc\u0648\u06ba \u06a9\u06d2 \u0627\u062d\u062a\u0631\u0627\u0645 \u0645\u06cc\u06ba \u0627\u0636\u0627\u0641\u06c1 \u06a9\u0631\u0646\u06d2 \u06a9\u0627 \u0630\u0631\u06cc\u0639\u06c1 \u06c1\u0648 \u06af\u06cc\u06d4 \u0648\u06c1 \u062a\u0645\u0627\u0645 \u0642\u0648\u0645\u0648\u06ba \u0627\u0648\u0631 \u0646\u0633\u0644\u06cc \u06cc\u0627 \u0645\u0630\u06c1\u0628\u06cc \u06af\u0631\u0648\u06c1\u0648\u06ba \u06a9\u06d2 \u062f\u0631\u0645\u06cc\u0627\u0646 \u0628\u0627\u06c1\u0645\u06cc \u0645\u0641\u0627\u06c1\u0645\u062a\u060c \u0631\u0648\u0627\u062f\u0627\u0631\u06cc \u0627\u0648\u0631 \u062f\u0648\u0633\u062a\u06cc \u06a9\u0648 \u062a\u0631\u0642\u06cc \u062f\u06d2 \u06af\u06cc \u0627\u0648\u0631 \u0627\u0645\u0646 \u06a9\u0648 \u0628\u0631\u0642\u0631\u0627\u0631 \u0631\u06a9\u06be\u0646\u06d2 \u06a9\u06d2 \u0644\u0626\u06d2 \u0627\u0642\u0648\u0627\u0645\u0650 \u0645\u062a\u062d\u062f\u06c1 \u06a9\u06cc \u0633\u0631\u06af\u0631\u0645\u06cc\u0648\u06ba \u06a9\u0648 \u0622\u06af\u06d2 \u0628\u0691\u06be\u0627\u0626\u06d2 \u06af\u06cc\u06d4<\/span><\/p>\n<p dir=\"rtl\"><span class='awami-R normal'>(\u06f3) \u0648\u0627\u0644\u062f\u06cc\u0646 \u06a9\u0648 \u0627\u0633 \u0628\u0627\u062a \u06a9\u06d2 \u0627\u0646\u062a\u062e\u0627\u0628 \u06a9\u0627 \u0627\u0648\u0651\u0644\u06cc\u0646 \u062d\u0642 \u06c1\u06d2 \u06a9\u06c1 \u0627\u0646 \u06a9\u06d2 \u0628\u0686\u0648\u06ba \u06a9\u0648 \u06a9\u0633 \u0642\u0633\u0645 \u06a9\u06cc \u062a\u0639\u0644\u06cc\u0645 \u062f\u06cc \u062c\u0627\u0626\u06d2 \u06af\u06cc\u06d4<\/span><\/p>\n<h2>Uyghur UDHR #26:<\/h2>\n<p dir=\"rtl\"><span class='awami-hamz-1-B normal'>26 \u0645\u0627\u062f\u062f\u0627<\/span><\/p>\n<p dir=\"rtl\"><span class='awami-hamz-1-R normal'>\u06be\u06d5\u0645\u06d5 \u0626\u0627\u062f\u06d5\u0645 \u0628\u0649\u0644\u0649\u0645 \u0626\u06d0\u0644\u0649\u0634 \u06be\u0648\u0642\u06c7\u0642\u0649\u063a\u0627 \u0626\u0649\u06af\u06d5. \u0628\u0649\u0644\u0649\u0645 \u0626\u06d0\u0644\u0649\u0634 \u06be\u06d5\u0642\u0633\u0649\u0632 \u0628\u0648\u0644\u06c7\u0634\u0649 \u0643\u06d0\u0631\u06d5\u0643. \u06be\u06d0\u0686 \u0628\u0648\u0644\u0645\u0649\u063a\u0627\u0646\u062f\u0627\u060c \u0628\u0627\u0634\u0644\u0627\u0646\u063a\u06c7\u0686 \u06cb\u06d5 \u0626\u0627\u0633\u0627\u0633\u0649\u064a \u0628\u0627\u0633\u0642\u06c7\u0686\u062a\u0627 \u0634\u06c7\u0646\u062f\u0627\u0642 \u0628\u0648\u0644\u06c7\u0634\u0649 \u0643\u06d0\u0631\u06d5\u0643. \u0628\u0627\u0634\u0644\u0627\u0646\u063a\u06c7\u0686 \u0645\u0627\u0626\u0627\u0631\u0649\u067e \u0645\u06d5\u062c\u0628\u06c7\u0631\u0649\u064a\u06d5\u062a \u062e\u0627\u0631\u0627\u0643\u062a\u06d0\u0631\u0649\u062f\u0627 \u0628\u0648\u0644\u06c7\u0634\u0649 \u0643\u06d0\u0631\u06d5\u0643. \u062a\u06d0\u062e\u0646\u0649\u0643\u0627 \u0645\u0627\u0626\u0627\u0631\u0649\u067e\u0649 \u06cb\u06d5 \u0643\u06d5\u0633\u067e\u0649\u064a \u0645\u0627\u0626\u0627\u0631\u0649\u067e\u0649 \u0626\u0648\u0645\u06c7\u0645\u064a\u06c8\u0632\u0644\u06c8\u0643 \u062a\u06d5\u0633\u0649\u0633 \u0642\u0649\u0644\u0649\u0634 \u0643\u06d0\u0631\u06d5\u0643. \u0626\u0627\u0644\u0649\u064a \u0645\u0627\u0626\u0627\u0631\u0649\u067e\u0646\u0649\u06ad \u0626\u0649\u0634\u0649\u0643\u0649\u0646\u0649 \u0646\u06d5\u062a\u0649\u062c\u0649\u06af\u06d5 \u0642\u0627\u0631\u0627\u067e \u0628\u0627\u0631\u0644\u0649\u0642 \u0643\u0649\u0634\u0649\u0644\u06d5\u0631\u06af\u06d5 \u062a\u06d5\u06ad \u0626\u06d0\u0686\u0649\u06cb\u06d0\u062a\u0649\u0634 \u0643\u06d0\u0631\u06d5\u0643.<\/span><\/p>\n<p dir=\"rtl\"><span class='awami-hamz-1-R normal'>\u0645\u0627\u0626\u0627\u0631\u0649\u067e\u0646\u0649\u06ad \u0645\u06d5\u0642\u0633\u0649\u062a\u0649 \u0626\u0627\u062f\u0645\u0646\u0649\u06ad \u062e\u0627\u0633\u0644\u0649\u0642\u0649\u0646\u0649 \u0628\u0648\u0644\u06c7\u0642 \u064a\u06d0\u062a\u0649\u0644\u062f\u06c8\u0631\u06c8\u0634 \u06be\u06d5\u0645\u062f\u06d5 \u0643\u0649\u0634\u0649\u0644\u0649\u0643 \u06be\u0648\u0642\u06c7\u0642\u0649 \u06cb\u06d5 \u0626\u0627\u0633\u0627\u0633\u0649\u064a \u0626\u06d5\u0631\u0643\u0649\u0646\u0644\u0649\u0643\u0643\u06d5 \u0628\u0648\u0644\u063a\u0627\u0646 \u06be\u06c6\u0631\u0645\u06d5\u062a\u0646\u0649 \u0643\u06c8\u0686\u06d5\u064a\u062a\u0649\u0634. \u0645\u0627\u0626\u0627\u0631\u0649\u067e \u06be\u06d5\u0631\u0642\u0627\u064a\u0633\u0649 \u062f\u06c6\u0644\u06d5\u062a\u0644\u06d5\u0631\u060c \u0626\u0649\u0631\u0642\u0644\u0627\u0631\u060c \u064a\u0627\u0643\u0649 \u06be\u06d5\u0631\u0642\u0627\u064a\u0633\u0649 \u062f\u0649\u0646\u0649\u064a \u06af\u06c7\u0631\u06c7\u06be\u0644\u0627\u0631 \u0626\u0627\u0631\u0627 \u0686\u06c7\u0634\u0649\u0646\u0649\u0634\u0646\u0649\u060c \u064a\u0648\u0644 \u0642\u0648\u064a\u06c7\u0634\u0646\u0649 \u06cb\u06d5 \u062f\u0648\u0633\u062a\u0644\u06c7\u0642\u0646\u0649 \u0626\u0649\u0644\u06af\u0649\u0631\u0649 \u0633\u06c8\u0631\u06c8\u0634\u0649 \u06be\u06d5\u0645\u062f\u06d5 \u0628\u0649\u0631\u0644\u06d5\u0634\u0643\u06d5\u0646 \u062f\u06c6\u0644\u06d5\u062a\u0644\u06d5\u0631 \u062a\u06d5\u0634\u0643\u0649\u0644\u0627\u062a\u0649\u0646\u0649\u06ad \u062a\u0649\u0646\u0686\u0644\u0649\u0642\u0646\u0649 \u0642\u0648\u063a\u062f\u0627\u0634 \u064a\u0648\u0644\u0649\u062f\u0649\u0643\u0649 \u062a\u06c7\u0631\u0644\u06c7\u0643 \u067e\u0627\u0626\u0627\u0644\u0649\u064a\u06d5\u062a\u0644\u0649\u0631\u0646\u0649 \u0626\u0627\u0644\u063a\u0627 \u0633\u06c8\u0631\u06c8\u0634\u0649 \u0643\u06d0\u0631\u06d5\u0643.<\/span><\/p>\n<p dir=\"rtl\"><span class='awami-hamz-1-R normal'>\u0626\u0627\u062a\u0627-\u0626\u0627\u0646\u0649\u0644\u0627\u0631 \u067e\u06d5\u0631\u0632\u06d5\u0646\u062a\u0644\u0649\u0631\u0649\u0646\u0649\u06ad \u0626\u06d0\u0644\u0649\u0634\u0642\u0627 \u062a\u06d0\u06af\u0649\u0634\u0644\u0649\u0643 \u0628\u0649\u0644\u0649\u0645 \u062a\u06c7\u0631\u0644\u0649\u0631\u0649\u0646\u0649 \u0626\u0627\u06cb\u06cb\u0627\u0644 \u062a\u0627\u0644\u0644\u0627\u0634 \u06be\u0648\u0642\u06c7\u0642\u0649\u063a\u0627 \u0649\u06af\u06d5.<\/span><\/p>\n<p><br \/>\n<\/p>\n<p><br \/>\n<br \/>\n<br \/>\n<\/p>\n","protected":false},"excerpt":{"rendered":"<p>Note: This page will only display properly in Mozilla Firefox. Also, Graphite must be enabled. See Using Graphite in Mozilla Firefox. This document demonstrates all of the characters in the font. It is organized by Unicode block. Alternate glyphs that are available through features are demonstrated in the Features document. At the end is a [&hellip;]<\/p>\n","protected":false},"author":18,"featured_media":0,"parent":0,"menu_order":0,"comment_status":"closed","ping_status":"closed","template":"","meta":{"_acf_changed":false,"hide_sidebar":false,"hide_h1":false,"footnotes":""},"class_list":["post-1417","page","type-page","status-publish","hentry"],"acf":[],"_links":{"self":[{"href":"https:\/\/software.sil.org\/awami\/wp-json\/wp\/v2\/pages\/1417","targetHints":{"allow":["GET"]}}],"collection":[{"href":"https:\/\/software.sil.org\/awami\/wp-json\/wp\/v2\/pages"}],"about":[{"href":"https:\/\/software.sil.org\/awami\/wp-json\/wp\/v2\/types\/page"}],"author":[{"embeddable":true,"href":"https:\/\/software.sil.org\/awami\/wp-json\/wp\/v2\/users\/18"}],"replies":[{"embeddable":true,"href":"https:\/\/software.sil.org\/awami\/wp-json\/wp\/v2\/comments?post=1417"}],"version-history":[{"count":12,"href":"https:\/\/software.sil.org\/awami\/wp-json\/wp\/v2\/pages\/1417\/revisions"}],"predecessor-version":[{"id":1608,"href":"https:\/\/software.sil.org\/awami\/wp-json\/wp\/v2\/pages\/1417\/revisions\/1608"}],"wp:attachment":[{"href":"https:\/\/software.sil.org\/awami\/wp-json\/wp\/v2\/media?parent=1417"}],"curies":[{"name":"wp","href":"https:\/\/api.w.org\/{rel}","templated":true}]}}