{"id":810,"date":"2026-01-27T23:00:08","date_gmt":"2026-01-27T23:00:08","guid":{"rendered":"https:\/\/software.sil.org\/bjcree\/?page_id=810"},"modified":"2026-02-11T18:02:22","modified_gmt":"2026-02-11T18:02:22","slug":"sample","status":"publish","type":"page","link":"https:\/\/software.sil.org\/bjcree\/sample\/","title":{"rendered":"Type Sample"},"content":{"rendered":"<p>This document demonstrates all of the characters in the font in Regular and Bold weights. Medium and SemiBold are also available, but they are not shown here. It is organized by Unicode block. At the end is a sample demonstrating an example of running text.<\/p>\n<h3>Basic Latin:<\/h3>\n<p>Regular: <span class=\"cans-R normal\">  ! &#8221; # $ % &amp; &#8216; ( ) * + , &#8211; . \/ 0 1 2 3 4 5 6 7 8 9 : ; &lt; = &gt; ? @ A B C D E F G H I J K L M N O P Q R S T U V W X Y Z [ \\ ] ^ _ ` a b c d e f g h i j k l m n o p q r s t u v w x y z { | } ~<\/span><\/p>\n<p><b>Bold:<\/b> <span class=\"cans-B normal\">  ! &#8221; # $ % &amp; &#8216; ( ) * + , &#8211; . \/ 0 1 2 3 4 5 6 7 8 9 : ; &lt; = &gt; ? @ A B C D E F G H I J K L M N O P Q R S T U V W X Y Z [ \\ ] ^ _ ` a b c d e f g h i j k l m n o p q r s t u v w x y z { | } ~<\/span><\/p>\n<h3>Latin-1 Supplement:<\/h3>\n<p>Regular: <span class=\"cans-R normal\">\u00a0 \u00a1 \u00a2 \u00a3 \u00a4 \u00a5 \u00a6 \u00a7 \u00a8 \u00a9 \u00aa \u00ab \u00ac \u00ad \u00ae \u00af \u00b0 \u00b1 \u00b2 \u00b3 \u00b4 \u00b5 \u00b6 \u00b7 \u00b8 \u00b9 \u00ba \u00bb \u00bc \u00bd \u00be \u00bf \u00c0 \u00c1 \u00c2 \u00c3 \u00c4 \u00c5 \u00c6 \u00c7 \u00c8 \u00c9 \u00ca \u00cb \u00cc \u00cd \u00ce \u00cf \u00d0 \u00d1 \u00d2 \u00d3 \u00d4 \u00d5 \u00d6 \u00d7 \u00d8 \u00d9 \u00da \u00db \u00dc \u00dd \u00de \u00df \u00e0 \u00e1 \u00e2 \u00e3 \u00e4 \u00e5 \u00e6 \u00e7 \u00e8 \u00e9 \u00ea \u00eb \u00ec \u00ed \u00ee \u00ef \u00f0 \u00f1 \u00f2 \u00f3 \u00f4 \u00f5 \u00f6 \u00f7 \u00f8 \u00f9 \u00fa \u00fb \u00fc \u00fd \u00fe \u00ff<br \/>\n<\/span><\/p>\n<p><b>Bold:<\/b> <span class=\"cans-B normal\">\u00a0 \u00a1 \u00a2 \u00a3 \u00a4 \u00a5 \u00a6 \u00a7 \u00a8 \u00a9 \u00aa \u00ab \u00ac \u00ad \u00ae \u00af \u00b0 \u00b1 \u00b2 \u00b3 \u00b4 \u00b5 \u00b6 \u00b7 \u00b8 \u00b9 \u00ba \u00bb \u00bc \u00bd \u00be \u00bf \u00c0 \u00c1 \u00c2 \u00c3 \u00c4 \u00c5 \u00c6 \u00c7 \u00c8 \u00c9 \u00ca \u00cb \u00cc \u00cd \u00ce \u00cf \u00d0 \u00d1 \u00d2 \u00d3 \u00d4 \u00d5 \u00d6 \u00d7 \u00d8 \u00d9 \u00da \u00db \u00dc \u00dd \u00de \u00df \u00e0 \u00e1 \u00e2 \u00e3 \u00e4 \u00e5 \u00e6 \u00e7 \u00e8 \u00e9 \u00ea \u00eb \u00ec \u00ed \u00ee \u00ef \u00f0 \u00f1 \u00f2 \u00f3 \u00f4 \u00f5 \u00f6 \u00f7 \u00f8 \u00f9 \u00fa \u00fb \u00fc \u00fd \u00fe \u00ff<br \/>\n<\/span><\/p>\n<h3>Latin Extended-A and -B:<\/h3>\n<p>Regular: <span class=\"cans-R normal\">\u0100 \u0101 \u0112 \u0113 \u012a \u012b \u0131 \u014c \u014d \u0152 \u0153 \u0160 \u0161 \u0178 \u017d \u017e \u0192<\/span><\/p>\n<p><b>Bold:<\/b> <span class=\"cans-B normal\">\u0100 \u0101 \u0112 \u0113 \u012a \u012b \u0131 \u014c \u014d \u0152 \u0153 \u0160 \u0161 \u0178 \u017d \u017e \u0192<\/span><\/p>\n<h3>Spacing Modifier Letters:<\/h3>\n<p>Regular: <span class=\"cans-R normal\">\u02c6 \u02c7 \u02d8 \u02d9 \u02da \u02db \u02dc \u02dd<br \/>\n<\/span><\/p>\n<p><b>Bold:<\/b> <span class=\"cans-B normal\">\u02c6 \u02c7 \u02d8 \u02d9 \u02da \u02db \u02dc \u02dd<br \/>\n<\/span><\/p>\n<h3>Combining Diacritical Marks:<\/h3>\n<p>Regular: <span class=\"cans-R normal\">\u0300 \u0301 \u0302 \u0303 \u0304 \u0308 \u030a \u030c \u0327 CGJ<br \/>\n<\/span><\/p>\n<p><b>Bold:<\/b> <span class=\"cans-B normal\">\u0300 \u0301 \u0302 \u0303 \u0304 \u0308 \u030a \u030c \u0327 CGJ<br \/>\n<\/span><\/p>\n<h3>Greek and Coptic:<\/h3>\n<p>Regular: <span class=\"cans-R normal\"> \u03c0 <\/span><\/p>\n<p><b>Bold:<\/b> <span class=\"cans-B normal\"> \u03c0 <\/span><\/p>\n<h3>General Punctuation, Superscripts and Subscripts, Currency Symbols:<\/h3>\n<p>Regular: <span class=\"cans-R normal\">\u2000 \u2001 \u2002 \u2003 \u2004 \u2005 \u2006 \u2007 \u2008 \u2009 \u200a ZWJ ZWS ZWNJ \u2010 \u2011 \u2012 \u2013 \u2014 \u2015 \u2018 \u2019 \u201a \u201c \u201d \u201e \u2020 \u2021 \u2022 \u2026 \u2027 \u202f \u2030 \u2039 \u203a \u2044 WJ \u2074 \u20ac\u2060<\/span><\/p>\n<p><b>Bold:<\/b> <span class=\"cans-B normal\">\u2000 \u2001 \u2002 \u2003 \u2004 \u2005 \u2006 \u2007 \u2008 \u2009 \u200a ZWJ ZWS ZWNJ \u2010 \u2011 \u2012 \u2013 \u2014 \u2015 \u2018 \u2019 \u201a \u201c \u201d \u201e \u2020 \u2021 \u2022 \u2026 \u2027 \u202f \u2030 \u2039 \u203a \u2044 WJ \u2074 \u20ac\u2060<\/span><\/p>\n<h3>Letterlike Symbols, Mathematical Operators, Control Pictures, Geometric Shapes, Dingbats:<\/h3>\n<p>Regular: <span class=\"cans-R normal\">\u2122 \u2126 \u2202 \u2206 \u220f \u2211 \u2212 \u2215 \u2219 \u221a \u221e \u222b \u2248 \u2260 \u2264 \u2265 \u2308 \u2309 \u2423 \u25ca \u25cc \ufb01 \ufb02 VSs \ufeff \ufffc \ufffd<\/span><\/p>\n<p><b>Bold:<\/b> <span class=\"cans-B normal\">\u2122 \u2126 \u2202 \u2206 \u220f \u2211 \u2212 \u2215 \u2219 \u221a \u221e \u222b \u2248 \u2260 \u2264 \u2265 \u2308 \u2309 \u2423 \u25ca \u25cc \ufb01 \ufb02 VSs \ufeff \ufffc \ufffd<\/span><\/p>\n<h3>Unified Canadian Aboriginal Syllabics<\/h3>\n<h4>Syllables<\/h4>\n<p>Regular: <span class=\"cans-R normal\">\u1401 \u1402 \u1403 \u1404 \u1405 \u1406 \u1407 \u1408 \u1409 \u140a \u140b \u140c \u140d \u140e \u140f \u1410 \u1411 \u1412 \u1413 \u1414 \u1415 \u1416 \u1417 \u1418 \u1419 \u141a \u141b \u141c \u141d \u141e \u141f \u1420 \u1421 \u1422 \u1423 \u1424 \u1425 \u1426 \u1427 \u1428 \u1429 \u142a \u142b \u142c \u142d \u142e \u142f \u1430 \u1431 \u1432 \u1433 \u1434 \u1435 \u1438 \u1439 \u143a \u143b \u143c \u143d \u143e \u143f \u1440 \u1441 \u1442 \u1443 \u1444 \u1445 \u1446 \u1447 \u1448 \u1449 \u144a \u144c \u144d \u144e \u144f \u1450 \u1451 \u1452 \u1455 \u1456 \u1457 \u1458 \u1459 \u145a \u145b \u145c \u145d \u145e \u145f \u1460 \u1461 \u1462 \u1463 \u1464 \u1465 \u1466 \u146b \u146c \u146d \u146e \u146f \u1470 \u1471 \u1472 \u1473 \u1474 \u1475 \u1476 \u1477 \u1478 \u1479 \u147a \u147b \u147c \u147d \u147e \u147f \u1480 \u1481 \u1482 \u1483 \u1484 \u1489 \u148a \u148b \u148c \u148d \u148e \u148f \u1490 \u1491 \u1492 \u1493 \u1494 \u1495 \u1496 \u1497 \u1498 \u1499 \u149a \u149b \u149c \u149d \u149e \u149f \u14a0 \u14a1 \u14a2 \u14a3 \u14a4 \u14a5 \u14a6 \u14a7 \u14a8 \u14a9 \u14aa \u14ab \u14ac \u14ad \u14ae \u14af \u14b0 \u14b1 \u14b2 \u14b3 \u14b4 \u14b5 \u14b6 \u14b7 \u14b8 \u14b9 \u14ba \u14bb \u14bc \u14bd \u14c0 \u14c1 \u14c2 \u14c3 \u14c4 \u14c5 \u14c6 \u14c7 \u14c8 \u14c9 \u14ca \u14cb \u14cc \u14cd \u14ce \u14cf \u14d0 \u14d1 \u14d2 \u14d3 \u14d4 \u14d5 \u14d6 \u14d7 \u14d8 \u14d9 \u14da \u14db \u14dc \u14dd \u14de \u14df \u14e0 \u14e1 \u14e2 \u14e3 \u14e4 \u14e5 \u14e6 \u14e7 \u14e8 \u14e9 \u14ea \u14eb \u14ec \u14ed \u14ee \u14ef \u14f0 \u14f1 \u14f2 \u14f3 \u14f4 \u14f5 \u14f6 \u14f7 \u14f8 \u14f9 \u14fa \u14fb \u14fc \u14fd \u14fe \u14ff \u1500 \u1501 \u1502 \u1503 \u1504 \u1505 \u1507 \u1509 \u150a \u150b \u150c \u150d \u150e \u150f \u1510 \u1511 \u1512 \u1513 \u1514 \u1515 \u1516 \u1517 \u1518 \u1519 \u151a \u151b \u151c \u151d \u151e \u151f \u1520 \u1521 \u1522 \u1523 \u1524 \u1525 \u1526 \u1527 \u1528 \u1529 \u152a \u152b \u152c \u152d \u152e \u152f \u1530 \u1531 \u1532 \u1533 \u1534 \u1535 \u1536 \u1537 \u1538 \u1539 \u153a \u153b \u153c \u153d \u153e \u1540 \u1541 \u1542 \u1543 \u1544 \u1545 \u1546 \u1547 \u1548 \u1549 \u154a \u154b \u154c \u154d \u154e \u154f \u1550 \u1551 \u1552 \u1553 \u1554 \u1555 \u1556 \u1557 \u1558 \u1559 \u155a \u155b \u155c \u155d \u155e \u155f \u1560 \u1561 \u1562 \u1563 \u1564 \u1565 \u1566 \u1567 \u1568 \u1569 \u156a \u157d \u15a7 \u15a8 \u15a9 \u15aa \u15ab \u15ac \u15ad \u15ae<\/span><\/p>\n<p><b>Bold:<\/b> <span class=\"cans-B normal\">\u1401 \u1402 \u1403 \u1404 \u1405 \u1406 \u1407 \u1408 \u1409 \u140a \u140b \u140c \u140d \u140e \u140f \u1410 \u1411 \u1412 \u1413 \u1414 \u1415 \u1416 \u1417 \u1418 \u1419 \u141a \u141b \u141c \u141d \u141e \u141f \u1420 \u1421 \u1422 \u1423 \u1424 \u1425 \u1426 \u1427 \u1428 \u1429 \u142a \u142b \u142c \u142d \u142e \u142f \u1430 \u1431 \u1432 \u1433 \u1434 \u1435 \u1438 \u1439 \u143a \u143b \u143c \u143d \u143e \u143f \u1440 \u1441 \u1442 \u1443 \u1444 \u1445 \u1446 \u1447 \u1448 \u1449 \u144a \u144c \u144d \u144e \u144f \u1450 \u1451 \u1452 \u1455 \u1456 \u1457 \u1458 \u1459 \u145a \u145b \u145c \u145d \u145e \u145f \u1460 \u1461 \u1462 \u1463 \u1464 \u1465 \u1466 \u146b \u146c \u146d \u146e \u146f \u1470 \u1471 \u1472 \u1473 \u1474 \u1475 \u1476 \u1477 \u1478 \u1479 \u147a \u147b \u147c \u147d \u147e \u147f \u1480 \u1481 \u1482 \u1483 \u1484 \u1489 \u148a \u148b \u148c \u148d \u148e \u148f \u1490 \u1491 \u1492 \u1493 \u1494 \u1495 \u1496 \u1497 \u1498 \u1499 \u149a \u149b \u149c \u149d \u149e \u149f \u14a0 \u14a1 \u14a2 \u14a3 \u14a4 \u14a5 \u14a6 \u14a7 \u14a8 \u14a9 \u14aa \u14ab \u14ac \u14ad \u14ae \u14af \u14b0 \u14b1 \u14b2 \u14b3 \u14b4 \u14b5 \u14b6 \u14b7 \u14b8 \u14b9 \u14ba \u14bb \u14bc \u14bd \u14c0 \u14c1 \u14c2 \u14c3 \u14c4 \u14c5 \u14c6 \u14c7 \u14c8 \u14c9 \u14ca \u14cb \u14cc \u14cd \u14ce \u14cf \u14d0 \u14d1 \u14d2 \u14d3 \u14d4 \u14d5 \u14d6 \u14d7 \u14d8 \u14d9 \u14da \u14db \u14dc \u14dd \u14de \u14df \u14e0 \u14e1 \u14e2 \u14e3 \u14e4 \u14e5 \u14e6 \u14e7 \u14e8 \u14e9 \u14ea \u14eb \u14ec \u14ed \u14ee \u14ef \u14f0 \u14f1 \u14f2 \u14f3 \u14f4 \u14f5 \u14f6 \u14f7 \u14f8 \u14f9 \u14fa \u14fb \u14fc \u14fd \u14fe \u14ff \u1500 \u1501 \u1502 \u1503 \u1504 \u1505 \u1507 \u1509 \u150a \u150b \u150c \u150d \u150e \u150f \u1510 \u1511 \u1512 \u1513 \u1514 \u1515 \u1516 \u1517 \u1518 \u1519 \u151a \u151b \u151c \u151d \u151e \u151f \u1520 \u1521 \u1522 \u1523 \u1524 \u1525 \u1526 \u1527 \u1528 \u1529 \u152a \u152b \u152c \u152d \u152e \u152f \u1530 \u1531 \u1532 \u1533 \u1534 \u1535 \u1536 \u1537 \u1538 \u1539 \u153a \u153b \u153c \u153d \u153e \u1540 \u1541 \u1542 \u1543 \u1544 \u1545 \u1546 \u1547 \u1548 \u1549 \u154a \u154b \u154c \u154d \u154e \u154f \u1550 \u1551 \u1552 \u1553 \u1554 \u1555 \u1556 \u1557 \u1558 \u1559 \u155a \u155b \u155c \u155d \u155e \u155f \u1560 \u1561 \u1562 \u1563 \u1564 \u1565 \u1566 \u1567 \u1568 \u1569 \u156a \u157d \u15a7 \u15a8 \u15a9 \u15aa \u15ab \u15ac \u15ad \u15ae<\/span><\/p>\n<h4>Symbol<\/h4>\n<p>Regular: <span class=\"cans-R normal\">\u166d<\/span><\/p>\n<p><b>Bold<\/b>: <span class=\"cans-B normal\">\u166d<\/span><\/p>\n<h4>Punctuation<\/h4>\n<p>Regular: <span class=\"cans-R normal\">\u166e<\/span><\/p>\n<p><b>Bold:<\/b> <span class=\"cans-B normal\">\u166e<\/span><\/p>\n<h4>Syllables<\/h4>\n<p>Regular: <span class=\"cans-R normal\">\u1677 \u1678 \u1679 \u167a \u167b \u167c \u167d \u167e \u167f<\/span><\/p>\n<p><b>Bold<\/b>: <span class=\"cans-B normal\">\u1677 \u1678 \u1679 \u167a \u167b \u167c \u167d \u167e \u167f<\/span><\/p>\n<h3>Unified Canadian Aboriginal Syllabics Extended<\/h3>\n<h4>Syllables for Moose Cree<\/h4>\n<p>Regular: <span class=\"cans-R normal\">\u18b0 \u18b1 \u18b2 \u18b3 \u18b4 \u18b5 \u18b6 \u18b7 \u18b8 \u18b9 \u18ba \u18bb \u18bc \u18bd \u18be \u18bf \u18c0 \u18c1 \u18c2 \u18c3 \u18c4 \u18c5 \u18c6 \u18c7 \u18c8 \u18c9 \u18ca \u18cb \u18cc \u18cd \u18ce \u18cf \u18d0 \u18d1 \u18d2 \u18d3 \u18d4 \u18d5 \u18d6 \u18d7 \u18d8 \u18d9 \u18da \u18db \u18dc \u18dd \u18de \u18df \u18e0 \u18e1 \u18e2 \u18e3 \u18e4<\/span><\/p>\n<p><b>Bold<\/b>: <span class=\"cans-B normal\">\u18b0 \u18b1 \u18b2 \u18b3 \u18b4 \u18b5 \u18b6 \u18b7 \u18b8 \u18b9 \u18ba \u18bb \u18bc \u18bd \u18be \u18bf \u18c0 \u18c1 \u18c2 \u18c3 \u18c4 \u18c5 \u18c6 \u18c7 \u18c8 \u18c9 \u18ca \u18cb \u18cc \u18cd \u18ce \u18cf \u18d0 \u18d1 \u18d2 \u18d3 \u18d4 \u18d5 \u18d6 \u18d7 \u18d8 \u18d9 \u18da \u18db \u18dc \u18dd \u18de \u18df \u18e0 \u18e1 \u18e2 \u18e3 \u18e4<\/span><\/p>\n<h2>Sample Text<\/h2>\n<h3>Swampy Cree UDHR #26:<\/h3>\n<p><span class=\"cans-B normal\">\u14c2\u1511\u1455\u14c7 \u142f\u152d\u1420 \u1431\u1422\u146d\u1455\u14ef\u14c7\u1403\u1472\u1423<\/span><\/p>\n<p><span class=\"cans-R normal\">1. \u14a5\u14ef\u140c \u140a\u140c\u14c7 \u1401 \u14a5\u14c2\u146f\u140e\u14ef\u141f \u146d\u148b \u140a\u1511\u148b\u141f \u1405\u146d\u14aa\u140e\u140e\u14c2\u1420 \u1405\u141f \u140a\u1422\u146d\u1420 \u1405\u1455\u1421\u1472\u1424 \u14c0\u1422\u1455 \u1431\u146f \u140a\u14c2\u1403 \u144e\u142f\u14c7\u140c \u1472 \u1417\u140c\u14c7\u1438\u14aa\u141f \u146d\u148b \u140a\u152d\u14a5\u1421\u1455\u14aa\u146f\u141f\u166e<\/span><\/p>\n<p><span class=\"cans-R normal\">2. \u14a5\u14ef\u140c \u140a\u140c\u14c7 \u1401 \u14a5\u14c2\u146f\u1403\u14ef\u141f \u142f\u152d\u147e\u14c4\u1420 \u146d\u148b \u1403\u1511 \u1472\u14c7\u1417\u1438\u14a5\u141f \u1403\u1422\u1431 \u1472 \u140e \u140a\u1438\u148b\u1455\u1474 \u1403\u14c2\u14c2\u140e \u140a\u1450\u1422\u146b\u140e\u14c7 \u1405\u1455 \u140a\u1422\u146d\u1420\u166e<\/span><\/p>\n<p><span class=\"cans-R normal\">3. \u1405\u141f \u1403\u144c\u14c2\u1455\u14a7\u140e\u14c2\u1417\u1424 \u1403\u14c2\u14c2\u1417\u1420 \u1472\u1455 \u1405\u148b \u14c2\u1438\u140e\u14aa\u1472\u1423 \u1472\u1421\u146d\u1405\u140e\u1423 \u1431\u148b \u1405\u146d\u14aa\u140e\u140e\u14c2\u1420 \u14c0\u1422\u1455 \u1472\u1455 \u14c4\u146d\u1455\u14c2\u1417\u1423 \u140a\u1422\u146d \u140a\u1422\u1472\u1424 \u1472 \u1455\u143a\u14aa\u1472\u1420 \u1417\u140c\u14c7\u1438\u148b\u146b\u140e\u1423 \u14a5\u14ef\u140c\u1423\u1472\u14a5\u1420 \u1472 \u1431\u14a7\u144c\u14aa\u1472\u1420 \u142f\u152d\u147e\u14c4\u1420 \u1472 \u1431\u14a7\u1455\u1450\u148b\u1472\u144c\u1420 \u142f\u14aa\u1417\u14ef\u14c7\u1403\u146b\u140e\u1423 \u14c0\u1422\u1455 \u1472\u1455\u14c4\u1420 \u1472 \u1431\u148b\u140c\u1431\u14c2\u1472\u14c2\u1417\u1420 \u14c0\u1422\u1455 \u1431\u146f \u1472 \u14c4\u14f1\u14c0\u1403\u1472\u144c\u146d \u1417\u140c\u14c7\u1438\u148b\u146b\u140e\u14c7\u166e<\/span><\/p>\n<h3>Moose Cree (Horden\u2019s Old Testament Lessons, p 172) <!--https:\/\/archive.org\/details\/properlessonsfro00lond --><\/h3>\n<p><span class=\"cans-R normal\">1 \u140a\u18bd\u1490 \u14ab\u1472 \u140a\u14c7 \u144e\u1525\u18b5\u1466 \u1473 \u146d \u1405\u148c\u1466 \u146d\u14d5\u152d\u1466 \u1403\u14d5\u14d5\u1427\u140a, \u146d \u1403\u144c\u1424 \u1401\u140b\u1438, \u1456\u1431\u1505\u146f\u14a1 \u1401 \u1431\u14ab\u144e\u14f0\u1466 \u1405\u144e\u142f\u14d5\u148b\u146b\u1424 \u1403\u1505\u1543\u1403\u14ea \u1405 \u146d\u148b\u14aa\u14c2\u1450\u14aa, \u1473 \u1405\u144e\u1525\u1473\u140e\u1473\u1438\u1427\u1404\u1505\u1455\u1427\u140a\u1483, \u14c7\u14aa\u1427\u1403\u14da \u1472\u1455 \u140a\u146f\u14ef\u142f\u152d\u1424, \u14c7\u14aa \u14c0\u1525\u1455 \u1472\u1455 \u146d\u14a5\u1427\u140a\u14d0 \u14a3\u1427\u1473\u14a1 \u1405\u1405 \u1431\u1434\u14c7 \u14ab\u1472 \u1456\u1431\u1505\u146f\u14a1 \u1473 \u1403\u1427\u144c\u152e\u14d0\u166e<\/span><\/p>\n<p><span class=\"cans-R normal\">2 \u1405\u144e\u142f\u14d5\u148b\u146b\u1424 \u1405\u1466 \u140b\u152d\u14a5\u140e\u14d0 \u14ab\u1472 \u146d \u1405\u144e\u144e\u146f\u14d5\u1427\u140a, \u1401 \u1403\u144e\u146f\u14d5\u148b,<\/span><\/p>\n<p><span class=\"cans-R normal\">3 \u1405\u1455 \u1405\u148b \u146d\u1450\u144c, \u1403\u1450\u144c \u1427\u140b\u1438\u14c4\u1456\u1483 \u1403\u144c\u146b, \u1473\u14f1 \u14ab\u1472 \u148b\u146d\u14a1 \u146d\u1546\u156a \u14ef\u1431\u1511\u1511\u1483, \u1405\u144e\u1525\u1472\u1424 \u1490\u1550\u1455\u14c2\u1483 \u1473 \u1403\u1455\u1427\u1472\u1483\u166e<\/span><\/p>\n<p><span class=\"cans-R normal\">4 \u1472\u1455 \u1403\u146d\u14d0 \u14ab\u1472, \u146d\u148b \u1405\u148b \u14a5\u14c2\u1427\u146b\u152d\u14d0 \u14ef\u1431\u1511\u1511\u1483; \u14c2 \u146d \u1403\u1455\u1513\u1427\u140b\u1456\u1427\u140a\u1483 \u14ab\u1472 \u1473\u1473\u146d\u1427\u140a\u1483 \u1401\u146f\u1455 \u146d\u148b \u140a\u1511\u14a5\u1505\u146d\u1483\u166e<\/span><\/p>\n\n","protected":false},"excerpt":{"rendered":"<p>This document demonstrates all of the characters in the font in Regular and Bold weights. Medium and SemiBold are also available, but they are not shown here. It is organized by Unicode block. At the end is a sample demonstrating an example of running text. Basic Latin: Regular: ! &#8221; # $ % &amp; &#8216; [&hellip;]<\/p>\n","protected":false},"author":18,"featured_media":0,"parent":0,"menu_order":0,"comment_status":"closed","ping_status":"closed","template":"","meta":{"_acf_changed":false,"hide_sidebar":false,"hide_h1":false,"footnotes":""},"class_list":["post-810","page","type-page","status-publish","hentry"],"acf":[],"_links":{"self":[{"href":"https:\/\/software.sil.org\/bjcree\/wp-json\/wp\/v2\/pages\/810","targetHints":{"allow":["GET"]}}],"collection":[{"href":"https:\/\/software.sil.org\/bjcree\/wp-json\/wp\/v2\/pages"}],"about":[{"href":"https:\/\/software.sil.org\/bjcree\/wp-json\/wp\/v2\/types\/page"}],"author":[{"embeddable":true,"href":"https:\/\/software.sil.org\/bjcree\/wp-json\/wp\/v2\/users\/18"}],"replies":[{"embeddable":true,"href":"https:\/\/software.sil.org\/bjcree\/wp-json\/wp\/v2\/comments?post=810"}],"version-history":[{"count":8,"href":"https:\/\/software.sil.org\/bjcree\/wp-json\/wp\/v2\/pages\/810\/revisions"}],"predecessor-version":[{"id":813,"href":"https:\/\/software.sil.org\/bjcree\/wp-json\/wp\/v2\/pages\/810\/revisions\/813"}],"wp:attachment":[{"href":"https:\/\/software.sil.org\/bjcree\/wp-json\/wp\/v2\/media?parent=810"}],"curies":[{"name":"wp","href":"https:\/\/api.w.org\/{rel}","templated":true}]}}