{"id":941,"date":"2022-03-17T21:02:58","date_gmt":"2022-03-17T21:02:58","guid":{"rendered":"https:\/\/software.sil.org\/idiqlat\/?page_id=941"},"modified":"2025-12-17T19:34:29","modified_gmt":"2025-12-17T19:34:29","slug":"sample","status":"publish","type":"page","link":"https:\/\/software.sil.org\/idiqlat\/sample\/","title":{"rendered":"Type Sample"},"content":{"rendered":"<p>This document demonstrates all of the characters in the font. It is organized by Unicode block. Alternate glyphs that are available through features are demonstrated in the <a href=\"features\">Features<\/a> document. At the end is a sample demonstrating Syriac shaping.<\/p>\n<h2>Type Sample<\/h2>\n<h3>Basic Latin:<\/h3>\n<p>Regular: <span class=\"idiqlatL-R normal\"> ! &#8221; # $ % &amp; &#8216; ( ) * + , &#8211; . \/ 0 1 2 3 4 5 6 7 8 9 : ; &lt; = &gt; ? @ A B C D E F G H I J K L M N O P Q R S T U V W X Y Z [ \u00a0] ^ _ ` a b c d e f g h i j k l m n o p q r s t u v w x y z { | } ~<\/span><\/p>\n<h3>Latin-1 Supplement:<\/h3>\n<p>Regular: <span class=\"idiqlatL-R normal\"> \u00a1 \u00a2 \u00a3 \u00a4 \u00a5 \u00a6 \u00a7 \u00a8 \u00a9 \u00aa \u00ab \u00ac \u00ad \u00ae \u00af \u00b0 \u00b1 \u00b2 \u00b3 \u00b4 \u00b5 \u00b6 \u00b7 \u00b8 \u00b9 \u00ba \u00bb \u00bc \u00bd \u00be \u00bf \u00c0 \u00c1 \u00c2 \u00c3 \u00c4 \u00c5 \u00c6 \u00c7 \u00c8 \u00c9 \u00ca \u00cb \u00cc \u00cd \u00ce \u00cf \u00d1 \u00d2 \u00d3 \u00d4 \u00d5 \u00d6 \u00d7 \u00d8 \u00d9 \u00da \u00db \u00dc \u00dd \u00de \u00df \u00e0 \u00e1 \u00e2 \u00e3 \u00e4 \u00e5 \u00e6 \u00e7 \u00e8 \u00e9 \u00ea \u00eb \u00ec \u00ed \u00ee \u00ef \u00f1 \u00f2 \u00f3 \u00f4 \u00f5 \u00f6 \u00f7 \u00f8 \u00f9 \u00fa \u00fb \u00fc \u00fd \u00fe \u00ff<\/span><\/p>\n<h3>Latin Extended-A:<\/h3>\n<p>Regular: <span class=\"idiqlatL-R normal\"> \u0131 \u0152 \u0153 \u0160 \u0161 \u0178 \u017d \u017e<\/span><\/p>\n<h3>Latin Extended-B:<\/h3>\n<p>Regular: <span class=\"idiqlatL-R normal\">\u0192<\/span><\/p>\n<h3>Spacing Modifier Letters:<\/h3>\n<p>Regular: <span class=\"idiqlatL-R normal\">\u02c6 \u02c7 \u02c9 \u02d0 \u02d8 \u02d9 \u02da \u02db \u02dc \u02dd<\/span><\/p>\n<h3>Combining Diacritical Marks, Combining Diacritical Marks Supplement:<\/h3>\n<p>Regular: <span class=\"idiqlatL-R normal\">\u25cc\u0303 \u25cc\u0304 \u25cc\u0307 \u25cc\u0308 \u25cc\u030a \u25cc\u0320 \u25cc\u0323 \u25cc\u0324 \u25cc\u0325 \u25cc\u032d \u25cc\u032e \u25cc\u0330 \u25cc\u0331 \u25cc\u1df8 \u25cc\u1dfa<\/span><\/p>\n<h3>Greek and Coptic:<\/h3>\n<p>Regular: <span class=\"idiqlatL-R normal\"> \u03c0 <\/span><\/p>\n<h3>General Punctuation, Superscripts &amp; Subscripts:<\/h3>\n<p>Regular: <span class=\"idiqlatL-R normal\">\u2010 \u2011 \u2012 \u2013 \u2014 \u2015 \u2018 \u2019 \u201a \u201b \u201c \u201d \u201e \u201f \u2020 \u2021 \u2022 \u2026 \u2027 \u2030 \u2039 \u203a \u203e \u2044 \u2074 <\/span><\/p>\n<h3>Currency Symbols:<\/h3>\n<p>Regular: <span class=\"idiqlatL-R normal\">\u20ac<\/span><\/p>\n<h3>Letterlike Symbols, Mathematical Operators, Control Pictures, Geometric Shapes, Miscellaneous Mathematical Symbols-B, Supplemental Punctuation:<\/h3>\n<p>Regular: <span class=\"idiqlatL-R normal\">\u2122 \u2126 \u2202 \u2206 \u220f \u2211 \u2212 \u2215 \u2219 \u221a \u221e \u222b \u2260 \u2264 \u2265 \u25ca \u25cc \u29f5 \u2e22 \u2e23<\/span><\/p>\n<h3>Miscellaneous Symbols<\/h3>\n<p>Regular: <span class=\"idiqlatL-R normal\">\u2670 \u2671<\/span><\/p>\n<h3>Arabic<\/h3>\n<p>Regular: <span class=\"idiqlat-R normal\">\u060c \u061b \u061f \u0640 \u25cc\u0651<\/span><\/p>\n<h3>Syriac:<\/h3>\n<h4>Regular:<\/h4>\n<p dir=\"rtl\">\n<span class=\"idiqlat-R normal\">\u0700 \u0701 \u0702 \u0703 \u0704 \u0705 \u0706 \u0707 \u0708 \u0709 \u070a \u070b \u070c \u070d \u070f \u0710 \u25cc\u0711 \u0712 \u0713 \u0714 \u0715 \u0716 \u0717 \u0718 \u0719 \u071a \u071b \u071c \u071d \u071e \u071f \u0720 \u0722 \u0723 \u0724 \u0725 \u0726 \u0728 \u072a \u072b \u072c \u072d \u072e \u072f \u25cc\u0730 \u25cc\u0731 \u25cc\u0732 \u25cc\u0733 \u25cc\u0734 \u25cc\u0735 \u25cc\u0736 \u25cc\u0737 \u25cc\u0738 \u25cc\u0739 \u25cc\u073a \u25cc\u073b \u25cc\u073c \u25cc\u073d \u25cc\u073e \u25cc\u073f \u25cc\u0740 \u25cc\u0741 \u25cc\u0742 \u25cc\u0743 \u25cc\u0744 \u25cc\u0745 \u25cc\u0746 \u25cc\u0747 \u25cc\u0748 \u25cc\u0749 \u25cc\u074a \u074d \u074e \u074f<\/span>\n<\/p>\n<h2>Syriac Shaping (some basic shapes):<\/h2>\n<h4>Regular:<\/h4>\n<p dir=\"rtl\">\n<span class=\"idiqlat-R normal\">\u0710 \u200d\u0710 \u0712 \u0712\u0712\u0712 \u0713 \u0713\u0713\u0713 \u0715 \u200d\u0715 \u0717 \u200d\u0717 \u0718 \u200d\u0718 \u0719 \u200d\u0719 \u071a \u071a\u071a\u071a \u071b \u071b\u071b\u071b \u071d \u071d\u071d\u071d \u071f \u071f\u071f\u071f \u0720 \u0720\u0720\u0720 \u0721 \u0721\u0721\u0721 \u0722 \u0722\u0722\u0722 \u0723 \u0723\u0723\u0723 \u0725 \u0725\u0725\u0725 \u0726 \u0726\u0726\u0726 \u0728 \u200d\u0728 \u0729 \u0729\u0729\u0729 \u072a \u200d\u072a \u072b \u072b\u072b\u072b \u072c \u200d\u072c <\/span>\n<\/p>\n<h2>Syriac abbreviation mark:<\/h2>\n<h4>Regular:<\/h4>\n<p dir=\"rtl\">\n<span class=\"idiqlat-R normal\">\u0712\u070f\u071d\u0718 \u072c\u070f\u072b\u0712\u0718<\/span>\n<\/p>\n<p><br \/>\n<\/p>\n","protected":false},"excerpt":{"rendered":"<p>This document demonstrates all of the characters in the font. It is organized by Unicode block. Alternate glyphs that are available through features are demonstrated in the Features document. At the end is a sample demonstrating Syriac shaping. Type Sample Basic Latin: Regular: ! &#8221; # $ % &amp; &#8216; ( ) * + , [&hellip;]<\/p>\n","protected":false},"author":18,"featured_media":0,"parent":0,"menu_order":0,"comment_status":"closed","ping_status":"closed","template":"","meta":{"_acf_changed":false,"hide_sidebar":false,"hide_h1":false,"footnotes":""},"class_list":["post-941","page","type-page","status-publish","hentry"],"acf":[],"_links":{"self":[{"href":"https:\/\/software.sil.org\/idiqlat\/wp-json\/wp\/v2\/pages\/941","targetHints":{"allow":["GET"]}}],"collection":[{"href":"https:\/\/software.sil.org\/idiqlat\/wp-json\/wp\/v2\/pages"}],"about":[{"href":"https:\/\/software.sil.org\/idiqlat\/wp-json\/wp\/v2\/types\/page"}],"author":[{"embeddable":true,"href":"https:\/\/software.sil.org\/idiqlat\/wp-json\/wp\/v2\/users\/18"}],"replies":[{"embeddable":true,"href":"https:\/\/software.sil.org\/idiqlat\/wp-json\/wp\/v2\/comments?post=941"}],"version-history":[{"count":14,"href":"https:\/\/software.sil.org\/idiqlat\/wp-json\/wp\/v2\/pages\/941\/revisions"}],"predecessor-version":[{"id":958,"href":"https:\/\/software.sil.org\/idiqlat\/wp-json\/wp\/v2\/pages\/941\/revisions\/958"}],"wp:attachment":[{"href":"https:\/\/software.sil.org\/idiqlat\/wp-json\/wp\/v2\/media?parent=941"}],"curies":[{"name":"wp","href":"https:\/\/api.w.org\/{rel}","templated":true}]}}