{"id":695,"date":"2023-08-02T15:29:12","date_gmt":"2023-08-02T15:29:12","guid":{"rendered":"https:\/\/software.sil.org\/kanchenjunga\/?page_id=695"},"modified":"2024-09-09T14:46:33","modified_gmt":"2024-09-09T14:46:33","slug":"sample","status":"publish","type":"page","link":"https:\/\/software.sil.org\/kanchenjunga\/sample\/","title":{"rendered":"Type Sample"},"content":{"rendered":"<p>This document demonstrates all of the characters in the font. It is organized by Unicode block. At the end is a sample demonstrating Kirat Rai in a sample of running text.<\/p>\n<h2>Type Sample<\/h2>\n<h3>Basic Latin:<\/h3>\n<p>Regular: <span dir=\"ltr\" class='Kanchenjunga-R normal'> ! &#8221; # $ % &amp; &#8216; ( ) * + , &#8211; . \/ 0 1 2 3 4 5 6 7 8 9 : ; &lt; = > ? @ A B C D E F G H I J K L M N O P Q R S T U V W X Y Z [ \\ ] ^ _ ` a b c d e f g h i j k l m n o p q r s t u v w x y z { | } ~<\/span><\/p>\n<p><strong>Bold<\/strong>: <span dir=\"ltr\" class='Kanchenjunga-B normal'> ! &#8221; # $ % &amp; &#8216; ( ) * + , &#8211; . \/ 0 1 2 3 4 5 6 7 8 9 : ; &lt; = > ? @ A B C D E F G H I J K L M N O P Q R S T U V W X Y Z [ \\ ] ^ _ ` a b c d e f g h i j k l m n o p q r s t u v w x y z { | } ~<\/span><\/p>\n<h3>Latin-1 Supplement:<\/h3>\n<p>Regular: <span dir=\"ltr\" class='Kanchenjunga-R normal'>   \u00a1 \u00a2 \u00a3 \u00a4 \u00a5 \u00a6 \u00a7 \u00a8 \u00a9 \u00aa \u00ab \u00ac \u00ad \u00ae \u00af \u00b0 \u00b1 \u00b2 \u00b3 \u00b4 \u00b5 \u00b6 \u00b7 \u00b8 \u00b9 \u00ba \u00bb \u00bc \u00bd \u00be \u00bf \u00c0 \u00c1 \u00c2 \u00c3 \u00c4 \u00c5 \u00c6 \u00c7 \u00c8 \u00c9 \u00ca \u00cb \u00cc \u00cd \u00ce \u00cf \u00d1 \u00d2 \u00d3 \u00d4 \u00d5 \u00d6 \u00d7 \u00d8 \u00d9 \u00da \u00db \u00dc \u00dd \u00de \u00df \u00e0 \u00e1 \u00e2 \u00e3 \u00e4 \u00e5 \u00e6 \u00e7 \u00e8 \u00e9 \u00ea \u00eb \u00ec \u00ed \u00ee \u00ef \u00f1 \u00f2 \u00f3 \u00f4 \u00f5 \u00f6 \u00f7 \u00f8 \u00f9 \u00fa \u00fb \u00fc \u00fd \u00fe \u00ff<\/span><\/p>\n<p><strong>Bold<\/strong>: <span dir=\"ltr\" class='Kanchenjunga-B normal'>   \u00a1 \u00a2 \u00a3 \u00a4 \u00a5 \u00a6 \u00a7 \u00a8 \u00a9 \u00aa \u00ab \u00ac \u00ad \u00ae \u00af \u00b0 \u00b1 \u00b2 \u00b3 \u00b4 \u00b5 \u00b6 \u00b7 \u00b8 \u00b9 \u00ba \u00bb \u00bc \u00bd \u00be \u00bf \u00c0 \u00c1 \u00c2 \u00c3 \u00c4 \u00c5 \u00c6 \u00c7 \u00c8 \u00c9 \u00ca \u00cb \u00cc \u00cd \u00ce \u00cf \u00d1 \u00d2 \u00d3 \u00d4 \u00d5 \u00d6 \u00d7 \u00d8 \u00d9 \u00da \u00db \u00dc \u00dd \u00de \u00df \u00e0 \u00e1 \u00e2 \u00e3 \u00e4 \u00e5 \u00e6 \u00e7 \u00e8 \u00e9 \u00ea \u00eb \u00ec \u00ed \u00ee \u00ef \u00f1 \u00f2 \u00f3 \u00f4 \u00f5 \u00f6 \u00f7 \u00f8 \u00f9 \u00fa \u00fb \u00fc \u00fd \u00fe \u00ff<\/span><\/p>\n<h3>Latin Extended-A:<\/h3>\n<p>Regular: <span dir=\"ltr\" class='Kanchenjunga-R normal'> \u0131 \u0152 \u0153 \u0160 \u0161 \u0178 \u017d \u017e<\/span><\/p>\n<p><strong>Bold<\/strong>: <span dir=\"ltr\" class='Kanchenjunga-B normal'> \u0131 \u0152 \u0153 \u0160 \u0161 \u0178 \u017d \u017e<\/span><\/p>\n<h3>Latin Extended-B:<\/h3>\n<p>Regular:<span dir=\"ltr\" class='Kanchenjunga-R normal'> \u0192<\/span><\/p>\n<p><strong>Bold<\/strong>:<span dir=\"ltr\" class='Kanchenjunga-B normal'> \u0192<\/span><\/p>\n<h3>Spacing Modifier Letters:<\/h3>\n<p>Regular: <span dir=\"ltr\" class='Kanchenjunga-R normal'> \u02c6 \u02c7 \u02c9 \u02d8 \u02d9 \u02da \u02db \u02dc \u02dd<\/span><\/p>\n<p><strong>Bold<\/strong>: <span dir=\"ltr\" class='Kanchenjunga-B normal'> \u02c6 \u02c7 \u02c9 \u02d8 \u02d9 \u02da \u02db \u02dc \u02dd<\/span><\/p>\n<h3>Combining Diacritical Marks:<\/h3>\n<p>Regular: <span dir=\"ltr\" class='Kanchenjunga-R normal'>&#x25cc;&#x0300; &#x25cc;&#x0301; &#x25cc;&#x0302; &#x25cc;&#x0303; &#x25cc;&#x0308; &#x25cc;&#x030A; &#x25cc;&#x030C; &#x25cc;&#x0327; CGJ (U+034F)<\/p>\n<p><strong>Bold<\/strong>: <span dir=\"ltr\" class='Kanchenjunga-B normal'>&#x25cc;&#x0300; &#x25cc;&#x0301; &#x25cc;&#x0302; &#x25cc;&#x0303; &#x25cc;&#x0308; &#x25cc;&#x030A; &#x25cc;&#x030C; &#x25cc;&#x0327; CGJ (U+034F)<\/p>\n<h3>Greek and Coptic:<\/h3>\n<p>Regular: <span dir=\"ltr\" class='Kanchenjunga-R normal'> \u03c0 <\/span><\/p>\n<p><strong>Bold<\/strong>: <span dir=\"ltr\" class='Kanchenjunga-B normal'> \u03c0 <\/span><\/p>\n<h3>General Punctuation, Supplemental Punctuation:<\/h3>\n<p>Regular:<span dir=\"ltr\" class='Kanchenjunga-R normal'> \u2010 \u2011 \u2012 \u2013 \u2014 \u2015 \u2018 \u2019 \u201a \u201c \u201d \u201e \u2020 \u2021 \u2022 \u2026 \u2030 \u2039 \u203a \u2044 <\/span><\/p>\n<p><strong>Bold<\/strong>:<span dir=\"ltr\" class='Kanchenjunga-B normal'> \u2010 \u2011 \u2012 \u2013 \u2014 \u2015 \u2018 \u2019 \u201a \u201c \u201d \u201e \u2020 \u2021 \u2022 \u2026 \u2030 \u2039 \u203a \u2044 <\/span><\/p>\n<h3>Currency Symbols:<\/h3>\n<p>Regular: <span dir=\"ltr\" class='Kanchenjunga-R normal'>&#x20A8; &#x20AC; &#x20B9;<\/span><\/p>\n<p><strong>Bold<\/strong>: <span dir=\"ltr\" class='Kanchenjunga-B normal'>&#x20A8; &#x20AC; &#x20B9;<\/span><\/p>\n<h3>Letterlike Symbols, Mathematical Operators, Control Pictures, Geometric Shapes, Miscellaneous Mathematical Symbols-B:<\/h3>\n<p>Regular: <span dir=\"ltr\" class='Kanchenjunga-R normal'>\u2122 \u2126 \u2202 \u2206 \u220f \u2211 \u2212 \u2215 \u2219 \u221a \u221e \u222b \u2260 \u2264 \u2265 \u25ca \u25cc <\/span><\/p>\n<p><strong>Bold<\/strong>: <span dir=\"ltr\" class='Kanchenjunga-B normal'>\u2122 \u2126 \u2202 \u2206 \u220f \u2211 \u2212 \u2215 \u2219 \u221a \u221e \u222b \u2260 \u2264 \u2265 \u25ca \u25cc <\/span><\/p>\n<h3>Kirat Rai:<\/h3>\n<p>Regular:<span dir=\"ltr\" class='Kanchenjunga-R normal'> &#x16D40; &#x16D41; &#x16D42; &#x16D43; &#x16D44; &#x16D45; &#x16D46; &#x16D47; &#x16D48; &#x16D49; &#x16D4A; &#x16D4B; &#x16D4C; &#x16D4D; &#x16D4E; &#x16D4F; &#x16D50; &#x16D51; &#x16D52; &#x16D53; &#x16D54; &#x16D55; &#x16D56; &#x16D57; &#x16D58; &#x16D59; &#x16D5A; &#x16D5B; &#x16D5C; &#x16D5D; &#x16D5E; &#x16D5F; &#x16D60; &#x16D61; &#x16D62; &#x16D63; &#x16D64; &#x16D65; &#x16D66; &#x16D67; &#x16D68; &#x16D69; &#x16D6A; &#x16D6B; &#x16D6C; &#x16D6D; &#x16D6E; &#x16D6F; &#x16D70; &#x16D71; &#x16D72; &#x16D73; &#x16D74; &#x16D75; &#x16D76; &#x16D77; &#x16D78; &#x16D79;<\/span><\/p>\n<p><strong>Bold<\/strong>:<span dir=\"ltr\" class='Kanchenjunga-B normal'> &#x16D40; &#x16D41; &#x16D42; &#x16D43; &#x16D44; &#x16D45; &#x16D46; &#x16D47; &#x16D48; &#x16D49; &#x16D4A; &#x16D4B; &#x16D4C; &#x16D4D; &#x16D4E; &#x16D4F; &#x16D50; &#x16D51; &#x16D52; &#x16D53; &#x16D54; &#x16D55; &#x16D56; &#x16D57; &#x16D58; &#x16D59; &#x16D5A; &#x16D5B; &#x16D5C; &#x16D5D; &#x16D5E; &#x16D5F; &#x16D60; &#x16D61; &#x16D62; &#x16D63; &#x16D64; &#x16D65; &#x16D66; &#x16D67; &#x16D68; &#x16D69; &#x16D6A; &#x16D6B; &#x16D6C; &#x16D6D; &#x16D6E; &#x16D6F; &#x16D70; &#x16D71; &#x16D72; &#x16D73; &#x16D74; &#x16D75; &#x16D76; &#x16D77; &#x16D78; &#x16D79;<\/span><\/p>\n<h2>Sample Text<\/h2>\n<h3>Kanchenjunga Running Text (Regular)<\/h3>\n<p><span class='Kanchenjunga-R normal'>\u202d\ud81b\udd43\ud81b\udd63\ud81b\udd56 \ud81b\udd4a\ud81b\udd63\ud81b\udd57\ud81b\udd4a\ud81b\udd63\ud81b\udd45\ud81b\udd64\ud81b\udd5b\ud81b\udd43\ud81b\udd69 \ud81b\udd56\ud81b\udd48 \ud81b\udd49\ud81b\udd69\ud81b\udd5b\ud81b\udd69\ud81b\udd5e\ud81b\udd65\ud81b\udd48 \ud81b\udd4a\ud81b\udd63\ud81b\udd57\ud81b\udd4a\ud81b\udd63\ud81b\udd45\ud81b\udd64\ud81b\udd5b \ud81b\udd6e \ud81b\udd43\ud81b\udd69\ud81b\udd44\ud81b\udd69 \ud81b\udd43\ud81b\udd63\ud81b\udd56<br \/>\n\ud81b\udd52\ud81b\udd67\ud81b\udd56\ud81b\udd43\ud81b\udd69\ud81b\udd5d\ud81b\udd54\ud81b\udd63 \ud81b\udd5c\ud81b\udd63\ud81b\udd43\ud81b\udd63\ud81b\udd48 \ud81b\udd6e \ud81b\udd43\ud81b\udd4b\ud81b\udd67\ud81b\udd48\ud81b\udd62\ud81b\udd69\ud81b\udd56\ud81b\udd49\ud81b\udd64 \ud81b\udd52\ud81b\udd65\ud81b\udd44\ud81b\udd63\ud81b\udd52\ud81b\udd67\ud81b\udd52 \ud81b\udd5b\ud81b\udd5c\ud81b\udd63\ud81b\udd43\ud81b\udd63\ud81b\udd48 \ud81b\udd6e \ud81b\udd4a\ud81b\udd63\ud81b\udd57\ud81b\udd4a\ud81b\udd63\ud81b\udd45\ud81b\udd64\ud81b\udd5b<br \/>\n\ud81b\udd45\ud81b\udd63\ud81b\udd56\ud81b\udd6b\ud81b\udd56\ud81b\udd65\ud81b\udd5e\ud81b\udd69 \ud81b\udd56\ud81b\udd48 \ud81b\udd60\ud81b\udd67\ud81b\udd48\ud81b\udd60\ud81b\udd67\ud81b\udd48\ud81b\udd5f\ud81b\udd63 \ud81b\udd5c\ud81b\udd63\ud81b\udd43\ud81b\udd63\ud81b\udd48 \ud81b\udd6e \ud81b\udd43\ud81b\udd5d\ud81b\udd65\ud81b\udd48\ud81b\udd5e\ud81b\udd69 \ud81b\udd59\ud81b\udd65\ud81b\udd41\ud81b\udd5f\ud81b\udd63\ud81b\udd45\ud81b\udd63\ud81b\udd49\ud81b\udd64 \ud81b\udd5b\ud81b\udd5c\ud81b\udd63\ud81b\udd43\ud81b\udd63\ud81b\udd48 \ud81b\udd6e<br \/>\n\ud81b\udd59\ud81b\udd65\ud81b\udd41\ud81b\udd5f\ud81b\udd63\ud81b\udd45\ud81b\udd63\ud81b\udd54\ud81b\udd63 \ud81b\udd62\ud81b\udd63\ud81b\udd5c\ud81b\udd5b-\ud81b\udd62\ud81b\udd63\ud81b\udd5c \ud81b\udd59\ud81b\udd65\ud81b\udd41\ud81b\udd5f\ud81b\udd63\ud81b\udd5e\ud81b\udd64\ud81b\udd5b\ud81b\udd49\ud81b\udd64 \ud81b\udd5e\ud81b\udd64\ud81b\udd52\ud81b\udd6b\ud81b\udd52\ud81b\udd65\ud81b\udd43\ud81b\udd69 \ud81b\udd5b\ud81b\udd5c\ud81b\udd63\ud81b\udd43\ud81b\udd63\ud81b\udd48 \ud81b\udd6f<br \/>\n<\/span><\/p>\n<p><span class='Kanchenjunga-R normal'>\u202d\ud81b\udd57\ud81b\udd69\ud81b\udd44\ud81b\udd56\ud81b\udd63\ud81b\udd5b \ud81b\udd57\ud81b\udd6a \ud81b\udd60\ud81b\udd63\ud81b\udd48\ud81b\udd54\ud81b\udd63 \ud81b\udd43\ud81b\udd63\ud81b\udd56 \ud81b\udd4a\ud81b\udd63\ud81b\udd57\ud81b\udd4a\ud81b\udd63\ud81b\udd45\ud81b\udd64\ud81b\udd5b\ud81b\udd54\ud81b\udd63 \ud81b\udd45\ud81b\udd64\ud81b\udd57\ud81b\udd5b\ud81b\udd63-\ud81b\udd4a\ud81b\udd63\ud81b\udd57\ud81b\udd5b\ud81b\udd63  \ud81b\udd5b\ud81b\udd57\ud81b\udd65\ud81b\udd48 \ud81b\udd6e<br \/>\n\ud81b\udd45\ud81b\udd64\ud81b\udd57\ud81b\udd5b\ud81b\udd63-\ud81b\udd4a\ud81b\udd63\ud81b\udd57\ud81b\udd5b\ud81b\udd63\ud81b\udd59\ud81b\udd65\ud81b\udd54\ud81b\udd63 \ud81b\udd56\ud81b\udd64\ud81b\udd56\ud81b\udd63\ud81b\udd5b\ud81b\udd6b\ud81b\udd5b\ud81b\udd63\ud81b\udd43\ud81b\udd69 \ud81b\udd60\ud81b\udd63\ud81b\udd56\ud81b\udd48\ud81b\udd54\ud81b\udd63 \ud81b\udd60\ud81b\udd69\ud81b\udd5b\ud81b\udd58\ud81b\udd69\ud81b\udd48\ud81b\udd5b\ud81b\udd63 \ud81b\udd5b\ud81b\udd65\ud81b\udd5b\ud81b\udd63\ud81b\udd5e\ud81b\udd64 \ud81b\udd6e<br \/>\n\ud81b\udd45\ud81b\udd69\ud81b\udd56\ud81b\udd44\ud81b\udd64, \ud81b\udd57\ud81b\udd67\ud81b\udd5e\ud81b\udd67\ud81b\udd5e\ud81b\udd67 \ud81b\udd5e\ud81b\udd67\ud81b\udd5b \ud81b\udd45\ud81b\udd64\ud81b\udd57\ud81b\udd5b\ud81b\udd63\ud81b\udd62\ud81b\udd69\ud81b\udd56\ud81b\udd62\ud81b\udd65\ud81b\udd52\ud81b\udd6b\ud81b\udd54\ud81b\udd63 \ud81b\udd5f\ud81b\udd63\ud81b\udd48\ud81b\udd6b\ud81b\udd48\ud81b\udd64\ud81b\udd56\ud81b\udd6b\ud81b\udd44\ud81b\udd63\ud81b\udd44\ud81b\udd64 \ud81b\udd45\ud81b\udd64\ud81b\udd57\ud81b\udd5b\ud81b\udd63-\ud81b\udd4a\ud81b\udd63\ud81b\udd57\ud81b\udd5b\ud81b\udd63 \ud81b\udd57\ud81b\udd65\ud81b\udd48\ud81b\udd60\ud81b\udd64\ud81b\udd56\ud81b\udd44\ud81b\udd63 \ud81b\udd6f<br \/>\n<\/span><\/p>\n<p><span class='Kanchenjunga-R normal'>\u202d\ud81b\udd47\ud81b\udd63\ud81b\udd57\ud81b\udd4a\ud81b\udd63\ud81b\udd45\ud81b\udd64\ud81b\udd5b\ud81b\udd43\ud81b\udd69 \ud81b\udd54\ud81b\udd67\ud81b\udd48\ud81b\udd54\ud81b\udd63 \ud81b\udd43\ud81b\udd44\ud81b\udd52\ud81b\udd67\ud81b\udd52 \ud81b\udd59\ud81b\udd54\ud81b\udd6b\ud81b\udd54\ud81b\udd67 \ud81b\udd56\ud81b\udd48 \ud81b\udd52\ud81b\udd67\ud81b\udd5b\ud81b\udd52\ud81b\udd67\ud81b\udd5b\ud81b\udd5f\ud81b\udd63<br \/>\n\ud81b\udd5b\ud81b\udd63\ud81b\udd5b\ud81b\udd69\ud81b\udd5b\ud81b\udd45\ud81b\udd63 \ud81b\udd5c\ud81b\udd63\ud81b\udd43\ud81b\udd63\ud81b\udd48 \ud81b\udd6e \ud81b\udd45\ud81b\udd69\ud81b\udd5e\ud81b\udd67\ud81b\udd56\ud81b\udd63\ud81b\udd57\ud81b\udd54\ud81b\udd63 \ud81b\udd43\ud81b\udd44 \ud81b\udd60\ud81b\udd63\ud81b\udd48\ud81b\udd43\ud81b\udd69 \ud81b\udd43\ud81b\udd65\ud81b\udd44\ud81b\udd5e\ud81b\udd67\ud81b\udd52\ud81b\udd5b\ud81b\udd63 \ud81b\udd5e\ud81b\udd64\ud81b\udd5b\ud81b\udd63\ud81b\udd54\ud81b\udd63<br \/>\n\ud81b\udd43\ud81b\udd63\ud81b\udd56\ud81b\udd44\ud81b\udd63 \ud81b\udd5b\ud81b\udd69\ud81b\udd54\ud81b\udd63\ud81b\udd48\ud81b\udd67 \ud81b\udd5b\ud81b\udd63\ud81b\udd5b\ud81b\udd69\ud81b\udd5b\ud81b\udd63\ud81b\udd5f\ud81b\udd63\ud81b\udd49\ud81b\udd64 \ud81b\udd5b\ud81b\udd67\ud81b\udd52\ud81b\udd6b\ud81b\udd52\ud81b\udd64\ud81b\udd56\ud81b\udd44\ud81b\udd63 \ud81b\udd6f<\/p>\n<p><\/span><\/p>\n<h3>Kanchenjunga Running Text (Bold)<\/h3>\n<p><span class='Kanchenjunga-B normal'>\u202d\ud81b\udd43\ud81b\udd63\ud81b\udd56 \ud81b\udd4a\ud81b\udd63\ud81b\udd57\ud81b\udd4a\ud81b\udd63\ud81b\udd45\ud81b\udd64\ud81b\udd5b\ud81b\udd43\ud81b\udd69 \ud81b\udd56\ud81b\udd48 \ud81b\udd49\ud81b\udd69\ud81b\udd5b\ud81b\udd69\ud81b\udd5e\ud81b\udd65\ud81b\udd48 \ud81b\udd4a\ud81b\udd63\ud81b\udd57\ud81b\udd4a\ud81b\udd63\ud81b\udd45\ud81b\udd64\ud81b\udd5b \ud81b\udd6e \ud81b\udd43\ud81b\udd69\ud81b\udd44\ud81b\udd69 \ud81b\udd43\ud81b\udd63\ud81b\udd56<br \/>\n\ud81b\udd52\ud81b\udd67\ud81b\udd56\ud81b\udd43\ud81b\udd69\ud81b\udd5d\ud81b\udd54\ud81b\udd63 \ud81b\udd5c\ud81b\udd63\ud81b\udd43\ud81b\udd63\ud81b\udd48 \ud81b\udd6e \ud81b\udd43\ud81b\udd4b\ud81b\udd67\ud81b\udd48\ud81b\udd62\ud81b\udd69\ud81b\udd56\ud81b\udd49\ud81b\udd64 \ud81b\udd52\ud81b\udd65\ud81b\udd44\ud81b\udd63\ud81b\udd52\ud81b\udd67\ud81b\udd52 \ud81b\udd5b\ud81b\udd5c\ud81b\udd63\ud81b\udd43\ud81b\udd63\ud81b\udd48 \ud81b\udd6e \ud81b\udd4a\ud81b\udd63\ud81b\udd57\ud81b\udd4a\ud81b\udd63\ud81b\udd45\ud81b\udd64\ud81b\udd5b<br \/>\n\ud81b\udd45\ud81b\udd63\ud81b\udd56\ud81b\udd6b\ud81b\udd56\ud81b\udd65\ud81b\udd5e\ud81b\udd69 \ud81b\udd56\ud81b\udd48 \ud81b\udd60\ud81b\udd67\ud81b\udd48\ud81b\udd60\ud81b\udd67\ud81b\udd48\ud81b\udd5f\ud81b\udd63 \ud81b\udd5c\ud81b\udd63\ud81b\udd43\ud81b\udd63\ud81b\udd48 \ud81b\udd6e \ud81b\udd43\ud81b\udd5d\ud81b\udd65\ud81b\udd48\ud81b\udd5e\ud81b\udd69 \ud81b\udd59\ud81b\udd65\ud81b\udd41\ud81b\udd5f\ud81b\udd63\ud81b\udd45\ud81b\udd63\ud81b\udd49\ud81b\udd64 \ud81b\udd5b\ud81b\udd5c\ud81b\udd63\ud81b\udd43\ud81b\udd63\ud81b\udd48 \ud81b\udd6e<br \/>\n\ud81b\udd59\ud81b\udd65\ud81b\udd41\ud81b\udd5f\ud81b\udd63\ud81b\udd45\ud81b\udd63\ud81b\udd54\ud81b\udd63 \ud81b\udd62\ud81b\udd63\ud81b\udd5c\ud81b\udd5b-\ud81b\udd62\ud81b\udd63\ud81b\udd5c \ud81b\udd59\ud81b\udd65\ud81b\udd41\ud81b\udd5f\ud81b\udd63\ud81b\udd5e\ud81b\udd64\ud81b\udd5b\ud81b\udd49\ud81b\udd64 \ud81b\udd5e\ud81b\udd64\ud81b\udd52\ud81b\udd6b\ud81b\udd52\ud81b\udd65\ud81b\udd43\ud81b\udd69 \ud81b\udd5b\ud81b\udd5c\ud81b\udd63\ud81b\udd43\ud81b\udd63\ud81b\udd48 \ud81b\udd6f<br \/>\n<\/span><\/p>\n<p><span class='Kanchenjunga-B normal'>\u202d\ud81b\udd57\ud81b\udd69\ud81b\udd44\ud81b\udd56\ud81b\udd63\ud81b\udd5b \ud81b\udd57\ud81b\udd6a \ud81b\udd60\ud81b\udd63\ud81b\udd48\ud81b\udd54\ud81b\udd63 \ud81b\udd43\ud81b\udd63\ud81b\udd56 \ud81b\udd4a\ud81b\udd63\ud81b\udd57\ud81b\udd4a\ud81b\udd63\ud81b\udd45\ud81b\udd64\ud81b\udd5b\ud81b\udd54\ud81b\udd63 \ud81b\udd45\ud81b\udd64\ud81b\udd57\ud81b\udd5b\ud81b\udd63-\ud81b\udd4a\ud81b\udd63\ud81b\udd57\ud81b\udd5b\ud81b\udd63  \ud81b\udd5b\ud81b\udd57\ud81b\udd65\ud81b\udd48 \ud81b\udd6e<br \/>\n\ud81b\udd45\ud81b\udd64\ud81b\udd57\ud81b\udd5b\ud81b\udd63-\ud81b\udd4a\ud81b\udd63\ud81b\udd57\ud81b\udd5b\ud81b\udd63\ud81b\udd59\ud81b\udd65\ud81b\udd54\ud81b\udd63 \ud81b\udd56\ud81b\udd64\ud81b\udd56\ud81b\udd63\ud81b\udd5b\ud81b\udd6b\ud81b\udd5b\ud81b\udd63\ud81b\udd43\ud81b\udd69 \ud81b\udd60\ud81b\udd63\ud81b\udd56\ud81b\udd48\ud81b\udd54\ud81b\udd63 \ud81b\udd60\ud81b\udd69\ud81b\udd5b\ud81b\udd58\ud81b\udd69\ud81b\udd48\ud81b\udd5b\ud81b\udd63 \ud81b\udd5b\ud81b\udd65\ud81b\udd5b\ud81b\udd63\ud81b\udd5e\ud81b\udd64 \ud81b\udd6e<br \/>\n\ud81b\udd45\ud81b\udd69\ud81b\udd56\ud81b\udd44\ud81b\udd64, \ud81b\udd57\ud81b\udd67\ud81b\udd5e\ud81b\udd67\ud81b\udd5e\ud81b\udd67 \ud81b\udd5e\ud81b\udd67\ud81b\udd5b \ud81b\udd45\ud81b\udd64\ud81b\udd57\ud81b\udd5b\ud81b\udd63\ud81b\udd62\ud81b\udd69\ud81b\udd56\ud81b\udd62\ud81b\udd65\ud81b\udd52\ud81b\udd6b\ud81b\udd54\ud81b\udd63 \ud81b\udd5f\ud81b\udd63\ud81b\udd48\ud81b\udd6b\ud81b\udd48\ud81b\udd64\ud81b\udd56\ud81b\udd6b\ud81b\udd44\ud81b\udd63\ud81b\udd44\ud81b\udd64 \ud81b\udd45\ud81b\udd64\ud81b\udd57\ud81b\udd5b\ud81b\udd63-\ud81b\udd4a\ud81b\udd63\ud81b\udd57\ud81b\udd5b\ud81b\udd63 \ud81b\udd57\ud81b\udd65\ud81b\udd48\ud81b\udd60\ud81b\udd64\ud81b\udd56\ud81b\udd44\ud81b\udd63 \ud81b\udd6f<br \/>\n<\/span><\/p>\n<p><span class='Kanchenjunga-B normal'>\u202d\ud81b\udd47\ud81b\udd63\ud81b\udd57\ud81b\udd4a\ud81b\udd63\ud81b\udd45\ud81b\udd64\ud81b\udd5b\ud81b\udd43\ud81b\udd69 \ud81b\udd54\ud81b\udd67\ud81b\udd48\ud81b\udd54\ud81b\udd63 \ud81b\udd43\ud81b\udd44\ud81b\udd52\ud81b\udd67\ud81b\udd52 \ud81b\udd59\ud81b\udd54\ud81b\udd6b\ud81b\udd54\ud81b\udd67 \ud81b\udd56\ud81b\udd48 \ud81b\udd52\ud81b\udd67\ud81b\udd5b\ud81b\udd52\ud81b\udd67\ud81b\udd5b\ud81b\udd5f\ud81b\udd63<br \/>\n\ud81b\udd5b\ud81b\udd63\ud81b\udd5b\ud81b\udd69\ud81b\udd5b\ud81b\udd45\ud81b\udd63 \ud81b\udd5c\ud81b\udd63\ud81b\udd43\ud81b\udd63\ud81b\udd48 \ud81b\udd6e \ud81b\udd45\ud81b\udd69\ud81b\udd5e\ud81b\udd67\ud81b\udd56\ud81b\udd63\ud81b\udd57\ud81b\udd54\ud81b\udd63 \ud81b\udd43\ud81b\udd44 \ud81b\udd60\ud81b\udd63\ud81b\udd48\ud81b\udd43\ud81b\udd69 \ud81b\udd43\ud81b\udd65\ud81b\udd44\ud81b\udd5e\ud81b\udd67\ud81b\udd52\ud81b\udd5b\ud81b\udd63 \ud81b\udd5e\ud81b\udd64\ud81b\udd5b\ud81b\udd63\ud81b\udd54\ud81b\udd63<br \/>\n\ud81b\udd43\ud81b\udd63\ud81b\udd56\ud81b\udd44\ud81b\udd63 \ud81b\udd5b\ud81b\udd69\ud81b\udd54\ud81b\udd63\ud81b\udd48\ud81b\udd67 \ud81b\udd5b\ud81b\udd63\ud81b\udd5b\ud81b\udd69\ud81b\udd5b\ud81b\udd63\ud81b\udd5f\ud81b\udd63\ud81b\udd49\ud81b\udd64 \ud81b\udd5b\ud81b\udd67\ud81b\udd52\ud81b\udd6b\ud81b\udd52\ud81b\udd64\ud81b\udd56\ud81b\udd44\ud81b\udd63 \ud81b\udd6f<\/p>\n<p><\/span><\/p>\n\n","protected":false},"excerpt":{"rendered":"<p>This document demonstrates all of the characters in the font. It is organized by Unicode block. At the end is a sample demonstrating Kirat Rai in a sample of running text. Type Sample Basic Latin: Regular: ! &#8221; # $ % &amp; &#8216; ( ) * + , &#8211; . \/ 0 1 2 3 [&hellip;]<\/p>\n","protected":false},"author":19,"featured_media":0,"parent":0,"menu_order":0,"comment_status":"closed","ping_status":"closed","template":"","meta":{"_acf_changed":false,"hide_sidebar":false,"hide_h1":false,"footnotes":""},"class_list":["post-695","page","type-page","status-publish","hentry"],"acf":[],"_links":{"self":[{"href":"https:\/\/software.sil.org\/kanchenjunga\/wp-json\/wp\/v2\/pages\/695","targetHints":{"allow":["GET"]}}],"collection":[{"href":"https:\/\/software.sil.org\/kanchenjunga\/wp-json\/wp\/v2\/pages"}],"about":[{"href":"https:\/\/software.sil.org\/kanchenjunga\/wp-json\/wp\/v2\/types\/page"}],"author":[{"embeddable":true,"href":"https:\/\/software.sil.org\/kanchenjunga\/wp-json\/wp\/v2\/users\/19"}],"replies":[{"embeddable":true,"href":"https:\/\/software.sil.org\/kanchenjunga\/wp-json\/wp\/v2\/comments?post=695"}],"version-history":[{"count":4,"href":"https:\/\/software.sil.org\/kanchenjunga\/wp-json\/wp\/v2\/pages\/695\/revisions"}],"predecessor-version":[{"id":753,"href":"https:\/\/software.sil.org\/kanchenjunga\/wp-json\/wp\/v2\/pages\/695\/revisions\/753"}],"wp:attachment":[{"href":"https:\/\/software.sil.org\/kanchenjunga\/wp-json\/wp\/v2\/media?parent=695"}],"curies":[{"name":"wp","href":"https:\/\/api.w.org\/{rel}","templated":true}]}}