{"id":809,"date":"2024-09-12T16:29:35","date_gmt":"2024-09-12T16:29:35","guid":{"rendered":"https:\/\/software.sil.org\/kedebideri\/?page_id=809"},"modified":"2025-09-09T18:51:01","modified_gmt":"2025-09-09T18:51:01","slug":"sample","status":"publish","type":"page","link":"https:\/\/software.sil.org\/kedebideri\/sample\/","title":{"rendered":"Type Sample"},"content":{"rendered":"<p>This document demonstrates all of the characters in the font. It is organized by Unicode block. At the end is a paragraph demonstrating Beria Erfe in running text.<\/p>\n<h2>Type Sample<\/h2>\n<h3>Basic Latin:<\/h3>\n<p>Regular: <span dir=\"ltr\" class='Kedebideri-R normal'> ! &#8221; # $ % &amp; &#8216; ( ) * + , &#8211; . \/ 0 1 2 3 4 5 6 7 8 9 : ; &lt; = > ? @ A B C D E F G H I J K L M N O P Q R S T U V W X Y Z [ \\ ] ^ _ ` a b c d e f g h i j k l m n o p q r s t u v w x y z { | } ~<\/span><\/p>\n<p><strong>Bold<\/strong>: <span dir=\"ltr\" class='Kedebideri-B normal'> ! &#8221; # $ % &amp; &#8216; ( ) * + , &#8211; . \/ 0 1 2 3 4 5 6 7 8 9 : ; &lt; = > ? @ A B C D E F G H I J K L M N O P Q R S T U V W X Y Z [ \\ ] ^ _ ` a b c d e f g h i j k l m n o p q r s t u v w x y z { | } ~<\/span><\/p>\n<h3>Latin-1 Supplement:<\/h3>\n<p>Regular: <span dir=\"ltr\" class='Kedebideri-R normal'>   \u00a1 \u00a2 \u00a3 \u00a4 \u00a5 \u00a6 \u00a7 \u00a8 \u00a9 \u00aa \u00ab \u00ac \u00ad \u00ae \u00af \u00b0 \u00b1 \u00b2 \u00b3 \u00b4 \u00b5 \u00b6 \u00b7 \u00b8 \u00b9 \u00ba \u00bb \u00bc \u00bd \u00be \u00bf \u00c0 \u00c1 \u00c2 \u00c3 \u00c4 \u00c5 \u00c6 \u00c7 \u00c8 \u00c9 \u00ca \u00cb \u00cc \u00cd \u00ce \u00cf \u00d1 \u00d2 \u00d3 \u00d4 \u00d5 \u00d6 \u00d7 \u00d8 \u00d9 \u00da \u00db \u00dc \u00dd \u00de \u00df \u00e0 \u00e1 \u00e2 \u00e3 \u00e4 \u00e5 \u00e6 \u00e7 \u00e8 \u00e9 \u00ea \u00eb \u00ec \u00ed \u00ee \u00ef \u00f1 \u00f2 \u00f3 \u00f4 \u00f5 \u00f6 \u00f7 \u00f8 \u00f9 \u00fa \u00fb \u00fc \u00fd \u00fe \u00ff<\/span><\/p>\n<p><strong>Bold<\/strong>: <span dir=\"ltr\" class='Kedebideri-B normal'>   \u00a1 \u00a2 \u00a3 \u00a4 \u00a5 \u00a6 \u00a7 \u00a8 \u00a9 \u00aa \u00ab \u00ac \u00ad \u00ae \u00af \u00b0 \u00b1 \u00b2 \u00b3 \u00b4 \u00b5 \u00b6 \u00b7 \u00b8 \u00b9 \u00ba \u00bb \u00bc \u00bd \u00be \u00bf \u00c0 \u00c1 \u00c2 \u00c3 \u00c4 \u00c5 \u00c6 \u00c7 \u00c8 \u00c9 \u00ca \u00cb \u00cc \u00cd \u00ce \u00cf \u00d1 \u00d2 \u00d3 \u00d4 \u00d5 \u00d6 \u00d7 \u00d8 \u00d9 \u00da \u00db \u00dc \u00dd \u00de \u00df \u00e0 \u00e1 \u00e2 \u00e3 \u00e4 \u00e5 \u00e6 \u00e7 \u00e8 \u00e9 \u00ea \u00eb \u00ec \u00ed \u00ee \u00ef \u00f1 \u00f2 \u00f3 \u00f4 \u00f5 \u00f6 \u00f7 \u00f8 \u00f9 \u00fa \u00fb \u00fc \u00fd \u00fe \u00ff<\/span><\/p>\n<h3>Latin Extended-A:<\/h3>\n<p>Regular: <span dir=\"ltr\" class='Kedebideri-R normal'> \u0131 \u0152 \u0153 \u0160 \u0161 \u0178 \u017d \u017e<\/span><\/p>\n<p><strong>Bold<\/strong>: <span dir=\"ltr\" class='Kedebideri-B normal'> \u0131 \u0152 \u0153 \u0160 \u0161 \u0178 \u017d \u017e<\/span><\/p>\n<h3>Latin Extended-B:<\/h3>\n<p>Regular:<span dir=\"ltr\" class='Kedebideri-R normal'> \u0192<\/span><\/p>\n<p><strong>Bold<\/strong>:<span dir=\"ltr\" class='Kedebideri-B normal'> \u0192<\/span><\/p>\n<h3>Spacing Modifier Letters:<\/h3>\n<p>Regular: <span dir=\"ltr\" class='Kedebideri-R normal'> \u02c6 \u02c7 \u02c9 \u02d8 \u02d9 \u02da \u02db \u02dc \u02dd<\/span><\/p>\n<p><strong>Bold<\/strong>: <span dir=\"ltr\" class='Kedebideri-B normal'> \u02c6 \u02c7 \u02c9 \u02d8 \u02d9 \u02da \u02db \u02dc \u02dd<\/span><\/p>\n<h3>Combining Diacritical Marks:<\/h3>\n<p>Regular: <span dir=\"ltr\" class='Kedebideri-R normal'>&#x25cc;&#x0300; &#x25cc;&#x0301; &#x25cc;&#x0304; &#x25cc;&#x0307; CGJ (U+034F)<\/p>\n<p><strong>Bold<\/strong>: <span dir=\"ltr\" class='Kedebideri-B normal'>&#x25cc;&#x0300; &#x25cc;&#x0301; &#x25cc;&#x0304; &#x25cc;&#x0307; CGJ (U+034F)<\/p>\n<h3>Greek and Coptic:<\/h3>\n<p>Regular: <span dir=\"ltr\" class='Kedebideri-R normal'> \u03c0 <\/span><\/p>\n<p><em>Bold<\/em>: <span dir=\"ltr\" class='Kedebideri-B normal'> \u03c0 <\/span><\/p>\n<h3>General Punctuation, Supplemental Punctuation:<\/h3>\n<p>Regular:<span dir=\"ltr\" class='Kedebideri-R normal'> \u2010 \u2011 \u2012 \u2013 \u2014 \u2015 \u2018 \u2019 \u201a \u201c \u201d \u201e \u2020 \u2021 \u2022 \u2026 \u2030 \u2039 \u203a \u2044 <\/span><\/p>\n<p><strong>Bold<\/strong>:<span dir=\"ltr\" class='Kedebideri-B normal'> \u2010 \u2011 \u2012 \u2013 \u2014 \u2015 \u2018 \u2019 \u201a \u201c \u201d \u201e \u2020 \u2021 \u2022 \u2026 \u2030 \u2039 \u203a \u2044 <\/span><\/p>\n<h3>Currency Symbols:<\/h3>\n<p>Regular: <span dir=\"ltr\" class='Kedebideri-R normal'>&#x20AC;<\/span><\/p>\n<p><strong>Bold<\/strong>: <span dir=\"ltr\" class='Kedebideri-B normal'>&#x20AC;<\/span><\/p>\n<h3>Letterlike Symbols, Mathematical Operators, Control Pictures, Geometric Shapes, Miscellaneous Mathematical Symbols-B:<\/h3>\n<p>Regular: <span dir=\"ltr\" class='Kedebideri-R normal'>\u2122 \u2126 \u2202 \u2206 \u220f \u2211 \u2212 \u2215 \u2219 \u221a \u221e \u222b \u2260 \u2264 \u2265 \u25ca \u25cc <\/span><\/p>\n<p><strong>Bold<\/strong>: <span dir=\"ltr\" class='Kedebideri-B normal'>\u2122 \u2126 \u2202 \u2206 \u220f \u2211 \u2212 \u2215 \u2219 \u221a \u221e \u222b \u2260 \u2264 \u2265 \u25ca \u25cc <\/span><\/p>\n<h3>Beria Erfe:<\/h3>\n<p>Regular:<span dir=\"ltr\" class='Kedebideri-R normal'> &#x16EA0; &#x16EA1; &#x16EA2; &#x16EA3; &#x16EA4; &#x16EA5; &#x16EA6; &#x16EA7; &#x16EA8; &#x16EA9; &#x16EAA; &#x16EAB; &#x16EAC; &#x16EAD; &#x16EAE; &#x16EAF; &#x16EB0; &#x16EB1; &#x16EB2; &#x16EB3; &#x16EB4; &#x16EB5; &#x16EB6; &#x16EB7; &#x16EB8; &#x16EBB; &#x16EBC; &#x16EBD; &#x16EBE; &#x16EBF; &#x16EC0; &#x16EC1; &#x16EC2; &#x16EC3; &#x16EC4; &#x16EC5; &#x16EC6; &#x16EC7; &#x16EC8; &#x16EC9; &#x16ECA; &#x16ECB; &#x16ECC; &#x16ECD; &#x16ECE; &#x16ECF; &#x16ED0; &#x16ED1; &#x16ED2; &#x16ED3; <\/span><\/p>\n<p><strong>Bold<\/strong>:<span dir=\"ltr\" class='Kedebideri-B normal'> &#x16EA0; &#x16EA1; &#x16EA2; &#x16EA3; &#x16EA4; &#x16EA5; &#x16EA6; &#x16EA7; &#x16EA8; &#x16EA9; &#x16EAA; &#x16EAB; &#x16EAC; &#x16EAD; &#x16EAE; &#x16EAF; &#x16EB0; &#x16EB1; &#x16EB2; &#x16EB3; &#x16EB4; &#x16EB5; &#x16EB6; &#x16EB7; &#x16EB8; &#x16EBB; &#x16EBC; &#x16EBD; &#x16EBE; &#x16EBF; &#x16EC0; &#x16EC1; &#x16EC2; &#x16EC3; &#x16EC4; &#x16EC5; &#x16EC6; &#x16EC7; &#x16EC8; &#x16EC9; &#x16ECA; &#x16ECB; &#x16ECC; &#x16ECD; &#x16ECE; &#x16ECF; &#x16ED0; &#x16ED1; &#x16ED2; &#x16ED3; <\/span><\/p>\n<h2>Sample Text<\/h2>\n<h3>UDHR Article 1 in Zaghawa<\/h3>\n<p><span class='Kedebideri-R normal'>\ud81b\udeaf \ud81b\udece\ud81b\udeca\ud81b\udec4\ud81b\udec4\ud81b\udeca\ud81b\udeca \ud81b\udecf\ud81b\udebe\ud81b\udecc\ud81b\udebe\ud81b\udebf \ud81b\udebc\ud81b\udebe\u0301\ud81b\udec0\ud81b\udec2\ud81b\udec0\ud81b\udebb \ud81b\udec0\ud81b\udebb\ud81b\udecc\ud81b\udebd\ud81b\udec2 \ud81b\udebc\ud81b\udebe\u0301\ud81b\udec0\ud81b\udec2\ud81b\udec0\ud81b\udebb \ud81b\udec2\ud81b\udec7\ud81b\udec7\ud81b\udebe\ud81b\udecc \ud81b\uded0\ud81b\udebe\ud81b\uded3\ud81b\udec2\ud81b\udecd\ud81b\udec2\ud81b\udec2. \ud81b\udeb0\ud81b\udebe\ud81b\udebe\ud81b\udecc \ud81b\udebc\ud81b\udebb\u0301\ud81b\udecc\ud81b\udec2\ud81b\udec2 \ud81b\udebe\ud81b\udec0\ud81b\udebe\ud81b\udec0\ud81b\udec2\ud81b\udec7\ud81b\udebe\ud81b\udebe \ud81b\udec4\ud81b\udec2\ud81b\uded3\ud81b\udebe\ud81b\udecd\ud81b\udebe \ud81b\udebb\ud81b\udec0\ud81b\udec2\ud81b\udec5 \ud81b\udec0\ud81b\udebb \ud81b\udec4\ud81b\udec2\ud81b\udebd\ud81b\udec2\ud81b\uded3\ud81b\udebe\ud81b\uded3\ud81b\udec2. \ud81b\udeb5\ud81b\udeca\ud81b\udecc\ud81b\udebe \ud81b\udec7\ud81b\udec2\ud81b\udec0\ud81b\uded1 \ud81b\udec7\ud81b\udec2 \ud81b\udec1\ud81b\udec2\ud81b\uded3\ud81b\udebe\ud81b\udec0\ud81b\udec2 \ud81b\udebc\ud81b\udebb\ud81b\udec0\ud81b\udebb\ud81b\udecc\ud81b\udebb\ud81b\udebb\ud81b\udec0\ud81b\udeca \ud81b\udec2\ud81b\udec7\ud81b\udec7\ud81b\udebe\ud81b\udecc \ud81b\udec7\ud81b\udeca\ud81b\udec0\ud81b\udec2\ud81b\udec7\ud81b\udeca\ud81b\udec7\ud81b\udec9 \ud81b\udebd\ud81b\udec2\ud81b\udecd\ud81b\udeca.<br \/>\n<\/span><\/p>\n<p><span class='Kedebideri-B normal'>\ud81b\udeaf \ud81b\udece\ud81b\udeca\ud81b\udec4\ud81b\udec4\ud81b\udeca\ud81b\udeca \ud81b\udecf\ud81b\udebe\ud81b\udecc\ud81b\udebe\ud81b\udebf \ud81b\udebc\ud81b\udebe\u0301\ud81b\udec0\ud81b\udec2\ud81b\udec0\ud81b\udebb \ud81b\udec0\ud81b\udebb\ud81b\udecc\ud81b\udebd\ud81b\udec2 \ud81b\udebc\ud81b\udebe\u0301\ud81b\udec0\ud81b\udec2\ud81b\udec0\ud81b\udebb \ud81b\udec2\ud81b\udec7\ud81b\udec7\ud81b\udebe\ud81b\udecc \ud81b\uded0\ud81b\udebe\ud81b\uded3\ud81b\udec2\ud81b\udecd\ud81b\udec2\ud81b\udec2. \ud81b\udeb0\ud81b\udebe\ud81b\udebe\ud81b\udecc \ud81b\udebc\ud81b\udebb\u0301\ud81b\udecc\ud81b\udec2\ud81b\udec2 \ud81b\udebe\ud81b\udec0\ud81b\udebe\ud81b\udec0\ud81b\udec2\ud81b\udec7\ud81b\udebe\ud81b\udebe \ud81b\udec4\ud81b\udec2\ud81b\uded3\ud81b\udebe\ud81b\udecd\ud81b\udebe \ud81b\udebb\ud81b\udec0\ud81b\udec2\ud81b\udec5 \ud81b\udec0\ud81b\udebb \ud81b\udec4\ud81b\udec2\ud81b\udebd\ud81b\udec2\ud81b\uded3\ud81b\udebe\ud81b\uded3\ud81b\udec2. \ud81b\udeb5\ud81b\udeca\ud81b\udecc\ud81b\udebe \ud81b\udec7\ud81b\udec2\ud81b\udec0\ud81b\uded1 \ud81b\udec7\ud81b\udec2 \ud81b\udec1\ud81b\udec2\ud81b\uded3\ud81b\udebe\ud81b\udec0\ud81b\udec2 \ud81b\udebc\ud81b\udebb\ud81b\udec0\ud81b\udebb\ud81b\udecc\ud81b\udebb\ud81b\udebb\ud81b\udec0\ud81b\udeca \ud81b\udec2\ud81b\udec7\ud81b\udec7\ud81b\udebe\ud81b\udecc \ud81b\udec7\ud81b\udeca\ud81b\udec0\ud81b\udec2\ud81b\udec7\ud81b\udeca\ud81b\udec7\ud81b\udec9 \ud81b\udebd\ud81b\udec2\ud81b\udecd\ud81b\udeca.<br \/>\n<\/span><\/p>\n\n","protected":false},"excerpt":{"rendered":"<p>This document demonstrates all of the characters in the font. It is organized by Unicode block. At the end is a paragraph demonstrating Beria Erfe in running text. Type Sample Basic Latin: Regular: ! &#8221; # $ % &amp; &#8216; ( ) * + , &#8211; . \/ 0 1 2 3 4 5 6 [&hellip;]<\/p>\n","protected":false},"author":18,"featured_media":0,"parent":0,"menu_order":0,"comment_status":"closed","ping_status":"closed","template":"","meta":{"_acf_changed":false,"hide_sidebar":false,"hide_h1":false,"footnotes":""},"class_list":["post-809","page","type-page","status-publish","hentry"],"acf":[],"_links":{"self":[{"href":"https:\/\/software.sil.org\/kedebideri\/wp-json\/wp\/v2\/pages\/809","targetHints":{"allow":["GET"]}}],"collection":[{"href":"https:\/\/software.sil.org\/kedebideri\/wp-json\/wp\/v2\/pages"}],"about":[{"href":"https:\/\/software.sil.org\/kedebideri\/wp-json\/wp\/v2\/types\/page"}],"author":[{"embeddable":true,"href":"https:\/\/software.sil.org\/kedebideri\/wp-json\/wp\/v2\/users\/18"}],"replies":[{"embeddable":true,"href":"https:\/\/software.sil.org\/kedebideri\/wp-json\/wp\/v2\/comments?post=809"}],"version-history":[{"count":4,"href":"https:\/\/software.sil.org\/kedebideri\/wp-json\/wp\/v2\/pages\/809\/revisions"}],"predecessor-version":[{"id":860,"href":"https:\/\/software.sil.org\/kedebideri\/wp-json\/wp\/v2\/pages\/809\/revisions\/860"}],"wp:attachment":[{"href":"https:\/\/software.sil.org\/kedebideri\/wp-json\/wp\/v2\/media?parent=809"}],"curies":[{"name":"wp","href":"https:\/\/api.w.org\/{rel}","templated":true}]}}