{"id":494,"date":"2016-09-06T16:41:14","date_gmt":"2016-09-06T16:41:14","guid":{"rendered":"http:\/\/software.sil.org\/padauk\/?page_id=494"},"modified":"2025-10-07T12:40:17","modified_gmt":"2025-10-07T12:40:17","slug":"sample","status":"publish","type":"page","link":"https:\/\/software.sil.org\/padauk\/sample\/","title":{"rendered":"Type Sample"},"content":{"rendered":"<p>This document demonstrates all of the characters in the font. It is organized by Unicode block. Alternate glyphs that are available through features are demonstrated in the <a href=\"features\">Font features<\/a> document. At the end is an example of running text.<\/p>\n<h2>All Characters<\/h2>\n<h3>Basic Latin:<\/h3>\n<p><span class='padauk-R normal'>Regular: ! \u201c # $ % &amp; \u2018 ( ) * + , &#8211; . \/ 0 1 2 3 4 5 6 7 8 9 : ;  ? @ A B C D E F G H I J K L M N O P Q R S T U V W X Y Z [ \\ ] ^ _ &#x60; a b c d e f g h i j k l m n o p q r s t u v w x y z { | } ~<\/span><\/p>\n<p><span class='padaukbook-R normal'>Book: ! \u201c # $ % &amp; \u2018 ( ) * + , &#8211; . \/ 0 1 2 3 4 5 6 7 8 9 : ;  ? @ A B C D E F G H I J K L M N O P Q R S T U V W X Y Z [ \\ ] ^ _ &#x60; a b c d e f g h i j k l m n o p q r s t u v w x y z { | } ~<\/span><\/p>\n<h3>Latin-1 Supplement<\/h3>\n<p><span class='padauk-R normal'>Regular: \u00a1 \u00a2 \u00a3 \u00a4 \u00a5 \u00a6 \u00a7 \u00a8 \u00a9 \u00aa \u00ab \u00ac \u00ad \u00ae \u00af \u00b0 \u00b1 \u00b2 \u00b3 \u00b4 \u00b5 \u00b6 \u00b7 \u00b8 \u00b9 \u00ba \u00bb \u00bc \u00bd \u00be \u00bf \u00c0 \u00c1 \u00c2 \u00c3 \u00c4 \u00c5 \u00c6 \u00c7 \u00c8 \u00c9 \u00ca \u00cb \u00cc \u00cd \u00ce \u00cf \u00d1 \u00d2 \u00d3 \u00d4 \u00d5 \u00d6 \u00d7 \u00d8 \u00d9 \u00da \u00db \u00dc \u00dd \u00de \u00df \u00e0 \u00e1 \u00e2 \u00e3 \u00e4 \u00e5 \u00e6 \u00e7 \u00e8 \u00e9 \u00ea \u00eb \u00ec \u00ed \u00ee \u00ef \u00f1 \u00f2 \u00f3 \u00f4 \u00f5 \u00f6 \u00f7 \u00f8 \u00f9 \u00fa \u00fb \u00fc \u00fd \u00fe \u00ff<\/span><\/p>\n<p><span class='padaukbook-R normal'>Book: \u00a1 \u00a2 \u00a3 \u00a4 \u00a5 \u00a6 \u00a7 \u00a8 \u00a9 \u00aa \u00ab \u00ac \u00ad \u00ae \u00af \u00b0 \u00b1 \u00b2 \u00b3 \u00b4 \u00b5 \u00b6 \u00b7 \u00b8 \u00b9 \u00ba \u00bb \u00bc \u00bd \u00be \u00bf \u00c0 \u00c1 \u00c2 \u00c3 \u00c4 \u00c5 \u00c6 \u00c7 \u00c8 \u00c9 \u00ca \u00cb \u00cc \u00cd \u00ce \u00cf \u00d1 \u00d2 \u00d3 \u00d4 \u00d5 \u00d6 \u00d7 \u00d8 \u00d9 \u00da \u00db \u00dc \u00dd \u00de \u00df \u00e0 \u00e1 \u00e2 \u00e3 \u00e4 \u00e5 \u00e6 \u00e7 \u00e8 \u00e9 \u00ea \u00eb \u00ec \u00ed \u00ee \u00ef \u00f1 \u00f2 \u00f3 \u00f4 \u00f5 \u00f6 \u00f7 \u00f8 \u00f9 \u00fa \u00fb \u00fc \u00fd \u00fe \u00ff<\/span><\/p>\n<h3>Latin Extended-A, Latin Extended-B &amp; Spacing Modifier Letters<\/h3>\n<p><span class='padauk-R normal'>Regular: \u0131 \u0152 \u0153 \u0160 \u0161 \u0178 \u017d \u017e  \u0192  \u02c6 \u02c7 \u02d0 \u02d8 \u02d9 \u02da \u02db \u02dc \u02dd<\/span><\/p>\n<p><span class='padaukbook-R normal'>Book: \u0131 \u0152 \u0153 \u0160 \u0161 \u0178 \u017d \u017e  \u0192   \u02c6 \u02c7 \u02d0 \u02d8 \u02d9 \u02da \u02db \u02dc \u02dd<\/span><\/p>\n<h3>General Punctuation<\/h3>\n<p><span class='padauk-R normal'>Regular: \u2010 \u2011 \u2012 \u2013 \u2014 \u2015 \u2018 \u2019 \u201a \u201c \u201d \u201e \u2020 \u2021 \u2022 \u2026 \u2027 \u2030 \u2039 \u203a \u2044<\/span><\/p>\n<p><span class='padaukbook-R normal'>Book: \u2010 \u2011 \u2012 \u2013 \u2014 \u2015 \u2018 \u2019 \u201a \u201c \u201d \u201e \u2020 \u2021 \u2022 \u2026 \u2027 \u2030 \u2039 \u203a \u2044<\/span><\/p>\n<h3>Currency, Letterlike Symbols, Mathematical Operators, Control Pictures, Geometric Shapes<\/h3>\n<p><span class='padauk-R normal'>Regular: \u20a8 \u20ac \u20b9 \u2122 \u2126 \u2202 \u2206 \u220f \u2211 \u2212 \u2215 \u2219 \u221a \u221e\u222b\u2248 \u2260 \u2264 \u2265 \u2423 \u25ca \u25cc \ufb01 \ufb02<\/span><\/p>\n<p><span class='padaukbook-R normal'>Book: \u20a8 \u20ac \u20b9 \u2122 \u2126 \u2202 \u2206 \u220f \u2211 \u2212 \u2215 \u2219 \u221a \u221e\u222b\u2248 \u2260 \u2264 \u2265 \u2423 \u25ca \u25cc \ufb01 \ufb02<\/span><\/p>\n<h3>Private Use Area<\/h3>\n<p><span class='padauk-R normal'>Regular: \uf130 \uf131<\/span><\/p>\n<p><span class='padaukbook-R normal'>Book: \uf130 \uf131<\/span><\/p>\n<h3>Myanmar<\/h3>\n<p><span class='padauk-R normal'>Regular: \u1000 \u1001 \u1003 \u1004 \u1005 \u1006 \u1007 \u1008 \u1009 \u100a \u100b \u100c \u100d \u100e \u100f \u1010 \u1011 \u1012 \u1013 \u1014 \u1015 \u1017 \u1018 \u1019 \u101a \u101b \u101c \u101d \u101e \u101f \u1020 \u1021 \u1022 \u1023 \u1024 \u1025 \u1026 \u1027 \u1028 \u1029 \u102a \u102b \u102c \u102e \u1030 \u1031 \u1033 \u1035 \u1037 \u1038 \u103a \u103b \u103c \u103e  \u103f \u1040 \u1041 \u1042 \u1043 \u1044 \u1045 \u1046 \u1047 \u1048 \u1049 \u104a \u104b \u104c \u104d \u104e \u104f \u1050 \u1051 \u1052 \u1053 \u1054 \u1055  \u1056 \u1057 \u1059 \u105a \u105b  \u105c \u105d  \u105f \u1061 \u1062 \u1063 \u1064 \u1065 \u1066 \u1067 \u1068 \u1069 \u106a \u106b \u106c  \u106d \u106e \u106f \u1070 \u1072 \u1074 \u1075 \u1076 \u1077 \u1078 \u1079 \u107a \u107b \u107c \u107d \u107e \u107f \u1080 \u1081 \u1082 \u1083 \u1084 \u1086 \u1087 \u1088 \u1089 \u108a \u108b \u108c \u108e \u108f  \u1090 \u1091 \u1092 \u1093 \u1094 \u1095 \u1096 \u1097 \u1098 \u1099 \u109a \u109b \u109c \u109e \u109f<\/span><\/p>\n<p><span class='padaukbook-R normal'>Book: \u1000 \u1001 \u1003 \u1004 \u1005 \u1006 \u1007 \u1008 \u1009 \u100a \u100b \u100c \u100d \u100e \u100f \u1010 \u1011 \u1012 \u1013 \u1014 \u1015 \u1017 \u1018 \u1019 \u101a \u101b \u101c \u101d \u101e \u101f \u1020 \u1021 \u1022 \u1023 \u1024 \u1025 \u1026 \u1027 \u1028 \u1029 \u102a \u102b \u102c \u102e \u1030 \u1031 \u1033 \u1035 \u1037 \u1038 \u103a \u103b \u103c \u103e  \u103f \u1040 \u1041 \u1042 \u1043 \u1044 \u1045 \u1046 \u1047 \u1048 \u1049 \u104a \u104b \u104c \u104d \u104e \u104f \u1050 \u1051 \u1052 \u1053 \u1054 \u1055  \u1056 \u1057 \u1059 \u105a \u105b  \u105c \u105d  \u105f \u1061 \u1062 \u1063 \u1064 \u1065 \u1066 \u1067 \u1068 \u1069 \u106a \u106b \u106c  \u106d \u106e \u106f \u1070 \u1072 \u1074 \u1075 \u1076 \u1077 \u1078 \u1079 \u107a \u107b \u107c \u107d \u107e \u107f \u1080 \u1081 \u1082 \u1083 \u1084 \u1086 \u1087 \u1088 \u1089 \u108a \u108b \u108c \u108e \u108f  \u1090 \u1091 \u1092 \u1093 \u1094 \u1095 \u1096 \u1097 \u1098 \u1099 \u109a \u109b \u109c \u109e \u109f<\/span><\/p>\n<h3>Myanmar Extended-B<\/h3>\n<p><span class='padauk-R normal'>Regular: \ua9e0 \ua9e1 \ua9e2 \ua9e3 \ua9e4 \ua9e5 \ua9e6 \ua9e7 \ua9e8 \ua9e9 \ua9ea \ua9eb \ua9ec \ua9ed \ua9ee \ua9ef \ua9f0 \ua9f1 \ua9f2 \ua9f3 \ua9f4 \ua9f5 \ua9f6 \ua9f7 \ua9f8 \ua9f9 \ua9fa \ua9fb \ua9fc \ua9fd \ua9fe<\/span><\/p>\n<p><span class='padaukbook-R normal'>Book: \ua9e0 \ua9e1 \ua9e2 \ua9e3 \ua9e4 \ua9e5 \ua9e6 \ua9e7 \ua9e8 \ua9e9 \ua9ea \ua9eb \ua9ec \ua9ed \ua9ee \ua9ef \ua9f0 \ua9f1 \ua9f2 \ua9f3 \ua9f4 \ua9f5 \ua9f6 \ua9f7 \ua9f8 \ua9f9 \ua9fa \ua9fb \ua9fc \ua9fd \ua9fe<\/span><\/p>\n<h3>Myanmar Extended-A<\/h3>\n<p><span class='padauk-R normal'>Regular: \uaa60 \uaa61 \uaa62 \uaa63 \uaa64 \uaa65 \uaa66 \uaa67 \uaa68 \uaa69 \uaa6a \uaa6b \uaa6c \uaa6d \uaa6e \uaa6f \uaa70 \uaa71 \uaa72 \uaa73 \uaa74 \uaa75 \uaa76 \uaa77 \uaa78 \uaa79 \uaa7a \uaa7b \uaa7c \uaa7d \uaa7e \uaa7f<\/span><\/p>\n<p><span class='padaukbook-R normal'>Book: \uaa60 \uaa61 \uaa62 \uaa63 \uaa64 \uaa65 \uaa66 \uaa67 \uaa68 \uaa69 \uaa6a \uaa6b \uaa6c \uaa6d \uaa6e \uaa6f \uaa70 \uaa71 \uaa72 \uaa73 \uaa74 \uaa75 \uaa76 \uaa77 \uaa78 \uaa79 \uaa7a \uaa7b \uaa7c \uaa7d \uaa7e \uaa7f<\/span><\/p>\n<h3>Myanmar Extended-C<\/h3>\n<p><span class='padauk-R normal'>Regular: \ud805\uded0 \ud805\uded1 \ud805\uded2 \ud805\uded3 \ud805\uded4 \ud805\uded5 \ud805\uded6 \ud805\uded7 \ud805\uded8 \ud805\uded9 \ud805\udeda \ud805\udedb \ud805\udedc \ud805\udedd \ud805\udede \ud805\udedf \ud805\udee0 \ud805\udee1 \ud805\udee2 \ud805\udee3<\/span><\/p>\n<p><span class='padaukbook-R normal'>Book: \ud805\uded0 \ud805\uded1 \ud805\uded2 \ud805\uded3 \ud805\uded4 \ud805\uded5 \ud805\uded6 \ud805\uded7 \ud805\uded8 \ud805\uded9 \ud805\udeda \ud805\udedb \ud805\udedc \ud805\udedd \ud805\udede \ud805\udedf \ud805\udee0 \ud805\udee1 \ud805\udee2 \ud805\udee3<\/span><\/p>\n<h3>Kayah Li<\/h3>\n<p>\u200b<span class='padauk-R normal'>Regular: \ua92e<\/span><\/p>\n<p><span class='padaukbook-R normal'>Book: \u200c\u200d\ua92e<\/span><\/p>\n<h2>Myanmar UDHR #26<\/h2>\n<p><span class='padauk-R normal'>Regular: \u1021\u1015\u102d\u102f\u1012\u103a \u1042\u1046<br \/>\n\u101c\u1030\u1010\u102d\u102f\u1004\u103a\u1038\u101e\u100a\u103a \u1015\u100a\u102c\u101e\u1004\u103a \u101a\u1030\u1014\u102d\u102f\u1004\u103a\u1001\u103d\u1004\u103a\u1037\u101b\u103e\u102d\u101e\u100a\u103a\u104a \u1021\u1014\u100a\u103a\u1038\u1006\u102f\u1036\u1038\u1019\u1030\u101c\u1010\u1014\u103a\u1038\u1014\u103e\u1004\u103a\u1037 \u1021\u1001\u103c\u1031\u1001\u1036 \u1021\u1006\u1004\u103a\u1037 \u1021\u1010\u1014\u103a\u1038\u1019\u103b\u102c\u1038\u1010\u103d\u1004\u103a \u1015\u100a\u102c \u101e\u1004\u103a\u1000\u103c\u102c\u1038\u101b\u1031\u1038\u101e\u100a\u103a \u1021\u1001\u1019\u1032\u1037\u1016\u103c\u1005\u103a\u101b\u1019\u100a\u103a\u104b \u1019\u1030\u101c\u1010\u1014\u103a\u1038\u1015\u100a\u102c\u101e\u100a\u103a \u1019\u101e\u1004\u103a\u1019\u1014\u1031\u101b \u1015\u100a\u102c \u1016\u103c\u1005\u103a\u101b\u1019\u100a\u103a\u104b \u1005\u1000\u103a\u1019\u103e\u102f\u101c\u1000\u103a\u1019\u103e\u102f\u1015\u100a\u102c\u1014\u103e\u1004\u103a\u1037 \u1021\u101e\u1000\u103a\u1019\u103d\u1031\u1038\u1019\u103e\u102f \u1015\u100a\u102c\u1019\u103b\u102c\u1038\u1000\u102d\u102f \u101a\u1031\u1018\u1030\u101a\u103b\u1021\u102c\u1038\u1016\u103c\u1004\u103a\u1037 \u101e\u1004\u103a\u1000\u103c\u102c\u1038\u101b\u101a\u1030\u1014\u102d\u102f\u1004\u103a\u1005\u1031\u101b\u1019\u100a\u103a\u104b \u1011\u102d\u102f\u1037\u1015\u103c\u1004\u103a \u1021\u1011\u1000\u103a\u1010\u1014\u103a\u1038\u1015\u100a\u102c\u1021\u1010\u103d\u1000\u103a \u1021\u101b\u100a\u103a\u1021\u1001\u103b\u1004\u103a\u1038\u1000\u102d\u102f \u1021\u1001\u103c\u1031\u1001\u1036\u1015\u103c\u102f\u104d \u1010\u1030\u100a\u102e\u101e\u1031\u102c \u1021\u1001\u103d\u1004\u103a\u1037\u1021\u101b\u1031\u1038 \u101b\u101b\u103e\u102d\u1005\u1031\u101b\u1019\u100a\u103a\u104b<br \/>\n\u1015\u100a\u102c\u101e\u1004\u103a\u1000\u103c\u102c\u1038\u101b\u1031\u1038\u1000\u102d\u102f \u101c\u1030\u101e\u102c\u1038\u1010\u102d\u102f\u1037\u104f\u1005\u101b\u102d\u102f\u1000\u103a\u101c\u1000\u1039\u1001\u100f\u102c\u1021\u1015\u103c\u100a\u103a\u1037\u1021\u101d\u1010\u102d\u102f\u1038\u1010\u1000\u103a\u1019\u103e\u102f \u1021\u1015\u103c\u1004\u103a\u104a \u101c\u1030\u1037\u1021\u1001\u103d\u1004\u103a\u1037\u1021\u101b\u1031\u1038\u1014\u103e\u1004\u103a\u1037 \u1021\u1001\u103c\u1031\u1001\u1036\u101c\u103d\u1010\u103a\u101c\u1015\u103a\u1001\u103d\u1004\u103a\u1037 \u101b\u102d\u102f\u101e\u1031 \u101c\u1031\u1038\u1005\u102c\u1038\u1019\u103e\u102f \u1010\u102d\u102f\u1037\u1000\u102d\u102f \u101b\u103e\u1004\u103a\u101e\u1014\u103a\u1016\u103d\u1036\u1037\u1016\u103c\u102d\u102f\u1038\u101c\u102c\u1005\u1031\u101b\u1014\u103a \u101b\u100a\u103a\u101b\u103d\u101a\u103a\u104d \u101e\u1004\u103a\u1000\u103c\u102c\u1038 \u1005\u1031\u101b\u1019\u100a\u103a\u104b \u1015\u100a\u102c\u101e\u1004\u103a\u1000\u103c\u102c\u1038\u101b\u1031\u1038\u101e\u100a\u103a \u1014\u102d\u102f\u1004\u103a\u1004\u1036 \u1021\u102c\u1038\u101c\u102f\u1036\u1038 \u1010\u102d\u102f\u1037\u1010\u103d\u1004\u103a \u101c\u100a\u103a\u1038\u1000\u1031\u102c\u1004\u103a\u1038\u104a \u101c\u1030\u1019\u103b\u102d\u102f\u1038\u1005\u102f\u1019\u103b\u102c\u1038 \u1010\u103d\u1004\u103a\u101c\u100a\u103a\u1038\u1000\u1031\u102c\u1004\u103a\u1038\u104a \u1018\u102c\u101e\u102c\u101b\u1031\u1038\u1021\u101e\u1004\u103a\u1038\u1021\u1016\u103d\u1032\u1037\u1019\u103b\u102c\u1038\u1010\u103d\u1004\u103a \u101c\u100a\u103a\u1038\u1000\u1031\u102c\u1004\u103a\u1038\u104a \u1021\u1001\u103b\u1004\u103a\u1038\u1001\u103b\u1004\u103a\u1038\u1014\u102c\u1038\u101c\u100a\u103a\u1019\u103e\u102f\u104a \u101e\u100a\u103a\u1038\u1001\u1036 \u1019\u103e\u102f\u1014\u103e\u1004\u103a\u1037 \u1001\u1004\u103a\u1019\u1004\u103a\u101b\u1004\u103a\u1038\u1014\u103e\u102e\u1038\u1019\u103e\u102f\u1010\u102d\u102f\u1037\u1000\u102d\u102f \u1021\u102c\u1038\u1015\u1031\u1038\u101b\u1019\u100a\u103a\u104b \u1011\u102d\u102f\u1037\u1015\u103c\u1004\u103a \u1004\u103c\u102d\u1019\u103a\u1038\u1001\u103b\u1019\u103a\u1038\u101b\u1031\u1038 \u1010\u100a\u103a\u1010\u1036\u1037\u1021\u1031\u102c\u1004\u103a \u1006\u1031\u102c\u1004\u103a\u101b\u103d\u1000\u103a\u101b\u1014\u103a \u1021\u101c\u102d\u102f\u1037\u1004\u103e\u102c\u104a \u1000\u102f\u101c\u101e\u1019\u1002\u1039\u1002\u104f \u1006\u1031\u102c\u1004\u103a\u101b\u103d\u1000\u103a\u1019\u103e\u102f\u1019\u103b\u102c\u1038\u1000\u102d\u102f\u101c\u100a\u103a\u1038 \u1016\u103c\u1005\u103a\u1019\u103c\u1031\u102c\u1000\u103a \u1021\u1031\u102c\u1004\u103a \u1021\u102c\u1038\u1015\u1031\u1038\u101b\u1019\u100a\u103a\u104b<br \/>\n\u1019\u102d\u1018\u1010\u102d\u102f\u1037\u1010\u103d\u1004\u103a\u104a \u1019\u102d\u1019\u102d\u1010\u102d\u102f\u1037\u104f \u1000\u101c\u1031\u1038\u1019\u103b\u102c\u1038 \u101e\u1004\u103a\u101a\u1030\u101b\u1019\u100a\u103a\u1037 \u1015\u100a\u102c \u1021\u1019\u103b\u102d\u102f\u1038\u1021\u1005\u102c\u1038\u1000\u102d\u102f \u101b\u103d\u1031\u1038\u1001\u103b\u101a\u103a\u1014\u102d\u102f\u1004\u103a\u101e\u1031\u102c \u101c\u1000\u103a\u1026\u1038 \u1021\u1001\u103d\u1004\u103a\u1037\u1021\u101b\u1031\u1038\u101b\u103e\u102d\u101e\u100a\u103a\u104b<\/span><\/p>\n<p><span class='padaukbook-R normal'>Book: \u1021\u1015\u102d\u102f\u1012\u103a \u1042\u1046<br \/>\n\u101c\u1030\u1010\u102d\u102f\u1004\u103a\u1038\u101e\u100a\u103a \u1015\u100a\u102c\u101e\u1004\u103a \u101a\u1030\u1014\u102d\u102f\u1004\u103a\u1001\u103d\u1004\u103a\u1037\u101b\u103e\u102d\u101e\u100a\u103a\u104a \u1021\u1014\u100a\u103a\u1038\u1006\u102f\u1036\u1038\u1019\u1030\u101c\u1010\u1014\u103a\u1038\u1014\u103e\u1004\u103a\u1037 \u1021\u1001\u103c\u1031\u1001\u1036 \u1021\u1006\u1004\u103a\u1037 \u1021\u1010\u1014\u103a\u1038\u1019\u103b\u102c\u1038\u1010\u103d\u1004\u103a \u1015\u100a\u102c \u101e\u1004\u103a\u1000\u103c\u102c\u1038\u101b\u1031\u1038\u101e\u100a\u103a \u1021\u1001\u1019\u1032\u1037\u1016\u103c\u1005\u103a\u101b\u1019\u100a\u103a\u104b \u1019\u1030\u101c\u1010\u1014\u103a\u1038\u1015\u100a\u102c\u101e\u100a\u103a \u1019\u101e\u1004\u103a\u1019\u1014\u1031\u101b \u1015\u100a\u102c \u1016\u103c\u1005\u103a\u101b\u1019\u100a\u103a\u104b \u1005\u1000\u103a\u1019\u103e\u102f\u101c\u1000\u103a\u1019\u103e\u102f\u1015\u100a\u102c\u1014\u103e\u1004\u103a\u1037 \u1021\u101e\u1000\u103a\u1019\u103d\u1031\u1038\u1019\u103e\u102f \u1015\u100a\u102c\u1019\u103b\u102c\u1038\u1000\u102d\u102f \u101a\u1031\u1018\u1030\u101a\u103b\u1021\u102c\u1038\u1016\u103c\u1004\u103a\u1037 \u101e\u1004\u103a\u1000\u103c\u102c\u1038\u101b\u101a\u1030\u1014\u102d\u102f\u1004\u103a\u1005\u1031\u101b\u1019\u100a\u103a\u104b \u1011\u102d\u102f\u1037\u1015\u103c\u1004\u103a \u1021\u1011\u1000\u103a\u1010\u1014\u103a\u1038\u1015\u100a\u102c\u1021\u1010\u103d\u1000\u103a \u1021\u101b\u100a\u103a\u1021\u1001\u103b\u1004\u103a\u1038\u1000\u102d\u102f \u1021\u1001\u103c\u1031\u1001\u1036\u1015\u103c\u102f\u104d \u1010\u1030\u100a\u102e\u101e\u1031\u102c \u1021\u1001\u103d\u1004\u103a\u1037\u1021\u101b\u1031\u1038 \u101b\u101b\u103e\u102d\u1005\u1031\u101b\u1019\u100a\u103a\u104b<br \/>\n\u1015\u100a\u102c\u101e\u1004\u103a\u1000\u103c\u102c\u1038\u101b\u1031\u1038\u1000\u102d\u102f \u101c\u1030\u101e\u102c\u1038\u1010\u102d\u102f\u1037\u104f\u1005\u101b\u102d\u102f\u1000\u103a\u101c\u1000\u1039\u1001\u100f\u102c\u1021\u1015\u103c\u100a\u103a\u1037\u1021\u101d\u1010\u102d\u102f\u1038\u1010\u1000\u103a\u1019\u103e\u102f \u1021\u1015\u103c\u1004\u103a\u104a \u101c\u1030\u1037\u1021\u1001\u103d\u1004\u103a\u1037\u1021\u101b\u1031\u1038\u1014\u103e\u1004\u103a\u1037 \u1021\u1001\u103c\u1031\u1001\u1036\u101c\u103d\u1010\u103a\u101c\u1015\u103a\u1001\u103d\u1004\u103a\u1037 \u101b\u102d\u102f\u101e\u1031 \u101c\u1031\u1038\u1005\u102c\u1038\u1019\u103e\u102f \u1010\u102d\u102f\u1037\u1000\u102d\u102f \u101b\u103e\u1004\u103a\u101e\u1014\u103a\u1016\u103d\u1036\u1037\u1016\u103c\u102d\u102f\u1038\u101c\u102c\u1005\u1031\u101b\u1014\u103a \u101b\u100a\u103a\u101b\u103d\u101a\u103a\u104d \u101e\u1004\u103a\u1000\u103c\u102c\u1038 \u1005\u1031\u101b\u1019\u100a\u103a\u104b \u1015\u100a\u102c\u101e\u1004\u103a\u1000\u103c\u102c\u1038\u101b\u1031\u1038\u101e\u100a\u103a \u1014\u102d\u102f\u1004\u103a\u1004\u1036 \u1021\u102c\u1038\u101c\u102f\u1036\u1038 \u1010\u102d\u102f\u1037\u1010\u103d\u1004\u103a \u101c\u100a\u103a\u1038\u1000\u1031\u102c\u1004\u103a\u1038\u104a \u101c\u1030\u1019\u103b\u102d\u102f\u1038\u1005\u102f\u1019\u103b\u102c\u1038 \u1010\u103d\u1004\u103a\u101c\u100a\u103a\u1038\u1000\u1031\u102c\u1004\u103a\u1038\u104a \u1018\u102c\u101e\u102c\u101b\u1031\u1038\u1021\u101e\u1004\u103a\u1038\u1021\u1016\u103d\u1032\u1037\u1019\u103b\u102c\u1038\u1010\u103d\u1004\u103a \u101c\u100a\u103a\u1038\u1000\u1031\u102c\u1004\u103a\u1038\u104a \u1021\u1001\u103b\u1004\u103a\u1038\u1001\u103b\u1004\u103a\u1038\u1014\u102c\u1038\u101c\u100a\u103a\u1019\u103e\u102f\u104a \u101e\u100a\u103a\u1038\u1001\u1036 \u1019\u103e\u102f\u1014\u103e\u1004\u103a\u1037 \u1001\u1004\u103a\u1019\u1004\u103a\u101b\u1004\u103a\u1038\u1014\u103e\u102e\u1038\u1019\u103e\u102f\u1010\u102d\u102f\u1037\u1000\u102d\u102f \u1021\u102c\u1038\u1015\u1031\u1038\u101b\u1019\u100a\u103a\u104b \u1011\u102d\u102f\u1037\u1015\u103c\u1004\u103a \u1004\u103c\u102d\u1019\u103a\u1038\u1001\u103b\u1019\u103a\u1038\u101b\u1031\u1038 \u1010\u100a\u103a\u1010\u1036\u1037\u1021\u1031\u102c\u1004\u103a \u1006\u1031\u102c\u1004\u103a\u101b\u103d\u1000\u103a\u101b\u1014\u103a \u1021\u101c\u102d\u102f\u1037\u1004\u103e\u102c\u104a \u1000\u102f\u101c\u101e\u1019\u1002\u1039\u1002\u104f \u1006\u1031\u102c\u1004\u103a\u101b\u103d\u1000\u103a\u1019\u103e\u102f\u1019\u103b\u102c\u1038\u1000\u102d\u102f\u101c\u100a\u103a\u1038 \u1016\u103c\u1005\u103a\u1019\u103c\u1031\u102c\u1000\u103a \u1021\u1031\u102c\u1004\u103a \u1021\u102c\u1038\u1015\u1031\u1038\u101b\u1019\u100a\u103a\u104b<br \/>\n\u1019\u102d\u1018\u1010\u102d\u102f\u1037\u1010\u103d\u1004\u103a\u104a \u1019\u102d\u1019\u102d\u1010\u102d\u102f\u1037\u104f \u1000\u101c\u1031\u1038\u1019\u103b\u102c\u1038 \u101e\u1004\u103a\u101a\u1030\u101b\u1019\u100a\u103a\u1037 \u1015\u100a\u102c \u1021\u1019\u103b\u102d\u102f\u1038\u1021\u1005\u102c\u1038\u1000\u102d\u102f \u101b\u103d\u1031\u1038\u1001\u103b\u101a\u103a\u1014\u102d\u102f\u1004\u103a\u101e\u1031\u102c \u101c\u1000\u103a\u1026\u1038 \u1021\u1001\u103d\u1004\u103a\u1037\u1021\u101b\u1031\u1038\u101b\u103e\u102d\u101e\u100a\u103a\u104b<\/span><\/p>\n<p><br \/>\n<\/p>\n","protected":false},"excerpt":{"rendered":"<p>This document demonstrates all of the characters in the font. It is organized by Unicode block. Alternate glyphs that are available through features are demonstrated in the Font features document. At the end is an example of running text. All Characters Basic Latin: Regular: ! \u201c # $ % &amp; \u2018 ( ) * + [&hellip;]<\/p>\n","protected":false},"author":18,"featured_media":0,"parent":0,"menu_order":11,"comment_status":"closed","ping_status":"closed","template":"","meta":{"_acf_changed":false,"hide_sidebar":false,"hide_h1":false,"footnotes":""},"class_list":["post-494","page","type-page","status-publish","hentry"],"acf":[],"_links":{"self":[{"href":"https:\/\/software.sil.org\/padauk\/wp-json\/wp\/v2\/pages\/494","targetHints":{"allow":["GET"]}}],"collection":[{"href":"https:\/\/software.sil.org\/padauk\/wp-json\/wp\/v2\/pages"}],"about":[{"href":"https:\/\/software.sil.org\/padauk\/wp-json\/wp\/v2\/types\/page"}],"author":[{"embeddable":true,"href":"https:\/\/software.sil.org\/padauk\/wp-json\/wp\/v2\/users\/18"}],"replies":[{"embeddable":true,"href":"https:\/\/software.sil.org\/padauk\/wp-json\/wp\/v2\/comments?post=494"}],"version-history":[{"count":18,"href":"https:\/\/software.sil.org\/padauk\/wp-json\/wp\/v2\/pages\/494\/revisions"}],"predecessor-version":[{"id":685,"href":"https:\/\/software.sil.org\/padauk\/wp-json\/wp\/v2\/pages\/494\/revisions\/685"}],"wp:attachment":[{"href":"https:\/\/software.sil.org\/padauk\/wp-json\/wp\/v2\/media?parent=494"}],"curies":[{"name":"wp","href":"https:\/\/api.w.org\/{rel}","templated":true}]}}