{"id":22,"date":"2020-09-03T09:54:39","date_gmt":"2020-09-03T13:54:39","guid":{"rendered":"http:\/\/software.sil.org\/primerprep\/?page_id=22"},"modified":"2025-03-19T10:40:51","modified_gmt":"2025-03-19T14:40:51","slug":"learn","status":"publish","type":"page","link":"https:\/\/software.sil.org\/primerprep\/learn\/","title":{"rendered":"Learn"},"content":{"rendered":"<h2>Documentation<\/h2>\n<p>The in-program help, found in the Help menu (and also on the <a href=\"https:\/\/software.sil.org\/primerprep\/learn\/tutorial\/\">Tutorial page<\/a>), should be able to answer most of your questions about the program. Be sure to take advantage of the Table of Contents in the upper right corner of the page.<\/p>\n<h2>Training Videos<\/h2>\n<p>The <a title=\"PrimerPro Explainer\" href=\"https:\/\/vimeo.com\/653220544\" target=\"_blank\" rel=\"noopener\">PrimerPrep Explainer Video<\/a>\u00a0explains the basics of why and how to use PrimerPrep to help you design a primer. Use the Download link (under the video) to download the video in a variety of resolutions and sizes (from 24 MB to 65 MB).<\/p>\n<p>The <a title=\"PrimerPro Demo\" href=\"https:\/\/vimeo.com\/355907831\" target=\"_blank\" rel=\"noopener\">PrimerPrep Demo<\/a> shows an interactive group video demonstration of PrimerPrep. Use the Download link (under the video) to download the video in a variety of resolutions and sizes (from 13 MB to 270 MB).<\/p>\n<p>Il y a une <a href=\"https:\/\/vimeo.com\/1067254444?share=copy#t=0\" target=\"_blank\" rel=\"noopener\">d\u00e9monstration de PrimerPrep<\/a> qui a \u00e9t\u00e9 donn\u00e9e \u00e0 la Communaut\u00e9 de pratique pour l&#8217;alphab\u00e9tisation en Afrique francophone. Utilisez le lien T\u00e9l\u00e9charger (sous la vid\u00e9o) pour t\u00e9l\u00e9charger la vid\u00e9o dans diff\u00e9rentes r\u00e9solutions et tailles (de 186 Mo \u00e0 396 Mo).<\/p>\n","protected":false},"excerpt":{"rendered":"<p>Documentation The in-program help, found in the Help menu (and also on the Tutorial page), should be able to answer most of your questions about the program. Be sure to take advantage of the Table of Contents in the upper right corner of the page. Training Videos The PrimerPrep Explainer Video\u00a0explains the basics of why [&hellip;]<\/p>\n","protected":false},"author":65,"featured_media":0,"parent":0,"menu_order":4,"comment_status":"open","ping_status":"closed","template":"","meta":{"_acf_changed":false,"hide_sidebar":false,"hide_h1":false,"footnotes":""},"class_list":["post-22","page","type-page","status-publish","hentry"],"acf":[],"_links":{"self":[{"href":"https:\/\/software.sil.org\/primerprep\/wp-json\/wp\/v2\/pages\/22","targetHints":{"allow":["GET"]}}],"collection":[{"href":"https:\/\/software.sil.org\/primerprep\/wp-json\/wp\/v2\/pages"}],"about":[{"href":"https:\/\/software.sil.org\/primerprep\/wp-json\/wp\/v2\/types\/page"}],"author":[{"embeddable":true,"href":"https:\/\/software.sil.org\/primerprep\/wp-json\/wp\/v2\/users\/65"}],"replies":[{"embeddable":true,"href":"https:\/\/software.sil.org\/primerprep\/wp-json\/wp\/v2\/comments?post=22"}],"version-history":[{"count":128,"href":"https:\/\/software.sil.org\/primerprep\/wp-json\/wp\/v2\/pages\/22\/revisions"}],"predecessor-version":[{"id":871,"href":"https:\/\/software.sil.org\/primerprep\/wp-json\/wp\/v2\/pages\/22\/revisions\/871"}],"wp:attachment":[{"href":"https:\/\/software.sil.org\/primerprep\/wp-json\/wp\/v2\/media?parent=22"}],"curies":[{"name":"wp","href":"https:\/\/api.w.org\/{rel}","templated":true}]}}