{"id":979,"date":"2021-11-10T21:04:18","date_gmt":"2021-11-10T21:04:18","guid":{"rendered":"https:\/\/software.sil.org\/scheherazade\/?page_id=979"},"modified":"2026-04-15T17:49:35","modified_gmt":"2026-04-15T17:49:35","slug":"sample","status":"publish","type":"page","link":"https:\/\/software.sil.org\/scheherazade\/sample\/","title":{"rendered":"Type Sample"},"content":{"rendered":"<p>This document demonstrates all of the characters in the font. It is organized by Unicode block. Alternate glyphs that are available through features are demonstrated in the <a href=\"features\">Features<\/a> document. At the end is a sample demonstrating Arabic shaping and another example of running text.<\/p>\n<h2>Type Sample<\/h2>\n<h3>Basic Latin:<\/h3>\n<p>Regular: <span class=\"scheherazadenewL-R normal\"> ! &#8221; # $ % &amp; &#8216; ( ) * + , &#8211; . \/ 0 1 2 3 4 5 6 7 8 9 : ; &lt; = &gt; ? @ A B C D E F G H I J K L M N O P Q R S T U V W X Y Z [ \u00a0] ^ _ ` a b c d e f g h i j k l m n o p q r s t u v w x y z { | } ~<\/span><\/p>\n<p><strong>Bold:<\/strong> <span class=\"scheherazadenewL-B normal\">! &#8221; # $ % &amp; &#8216; ( ) * + , &#8211; . \/ 0 1 2 3 4 5 6 7 8 9 : ; &lt; = &gt; ? @ A B C D E F G H I J K L M N O P Q R S T U V W X Y Z [ \u00a0] ^ _ ` a b c d e f g h i j k l m n o p q r s t u v w x y z { | } ~<\/span><\/p>\n<h3>Latin-1 Supplement:<\/h3>\n<p>Regular: <span class=\"scheherazadenewL-R normal\" dir=\"rtl\"> \u00a1 \u00a2 \u00a3 \u00a4 \u00a5 \u00a6 \u00a7 \u00a8 \u00a9 \u00aa \u00ab \u00ac \u00ad \u00ae \u00af \u00b0 \u00b1 \u00b2 \u00b3 \u00b4 \u00b5 \u00b6 \u00b7 \u00b8 \u00b9 \u00ba \u00bb \u00bc \u00bd \u00be \u00bf \u00c0 \u00c1 \u00c2 \u00c3 \u00c4 \u00c5 \u00c6 \u00c7 \u00c8 \u00c9 \u00ca \u00cb \u00cc \u00cd \u00ce \u00cf \u00d1 \u00d2 \u00d3 \u00d4 \u00d5 \u00d6 \u00d7 \u00d8 \u00d9 \u00da \u00db \u00dc \u00dd \u00de \u00df \u00e0 \u00e1 \u00e2 \u00e3 \u00e4 \u00e5 \u00e6 \u00e7 \u00e8 \u00e9 \u00ea \u00eb \u00ec \u00ed \u00ee \u00ef \u00f1 \u00f2 \u00f3 \u00f4 \u00f5 \u00f6 \u00f7 \u00f8 \u00f9 \u00fa \u00fb \u00fc \u00fd \u00fe \u00ff<\/span><\/p>\n<p><strong>Bold:<\/strong> <span class=\"scheherazadenewL-B normal\" dir=\"rtl\"> \u00a1 \u00a2 \u00a3 \u00a4 \u00a5 \u00a6 \u00a7 \u00a8 \u00a9 \u00aa \u00ab \u00ac \u00ad \u00ae \u00af \u00b0 \u00b1 \u00b2 \u00b3 \u00b4 \u00b5 \u00b6 \u00b7 \u00b8 \u00b9 \u00ba \u00bb \u00bc \u00bd \u00be \u00bf \u00c0 \u00c1 \u00c2 \u00c3 \u00c4 \u00c5 \u00c6 \u00c7 \u00c8 \u00c9 \u00ca \u00cb \u00cc \u00cd \u00ce \u00cf \u00d1 \u00d2 \u00d3 \u00d4 \u00d5 \u00d6 \u00d7 \u00d8 \u00d9 \u00da \u00db \u00dc \u00dd \u00de \u00df \u00e0 \u00e1 \u00e2 \u00e3 \u00e4 \u00e5 \u00e6 \u00e7 \u00e8 \u00e9 \u00ea \u00eb \u00ec \u00ed \u00ee \u00ef \u00f1 \u00f2 \u00f3 \u00f4 \u00f5 \u00f6 \u00f7 \u00f8 \u00f9 \u00fa \u00fb \u00fc \u00fd \u00fe \u00ff<\/span><\/p>\n<h3>Latin Extended-A:<\/h3>\n<p>Regular: <span class=\"scheherazadenewL-R normal\" dir=\"rtl\"> \u0131 \u0152 \u0153 \u0160 \u0161 \u0178 \u017d \u017e<\/span><\/p>\n<p><strong>Bold:<\/strong> <span class=\"scheherazadenewL-B normal\" dir=\"rtl\"> \u0131 \u0152 \u0153 \u0160 \u0161 \u0178 \u017d \u017e<\/span><\/p>\n<h3>Latin Extended-B:<\/h3>\n<p>Regular:<span class=\"scheherazadenewL-R normal\"> \u0192<\/span><\/p>\n<p><strong>Bold:<\/strong> <span class=\"scheherazadenewL-B normal\"> \u0192<\/span><\/p>\n<h3>Spacing Modifier Letters:<\/h3>\n<p>Regular: <span class=\"scheherazadenewL-R normal\"> \u02c6 \u02c7 \u02c9 \u02d0 \u02d8 \u02d9 \u02da \u02db \u02dc \u02dd<\/span><\/p>\n<p><strong>Bold:<\/strong> <span class=\"scheherazadenewL-B normal\"> \u02c6 \u02c7 \u02c9 \u02d0 \u02d8 \u02d9 \u02da \u02db \u02dc \u02dd<\/span><\/p>\n<h3>Combining Diacritical Marks:<\/h3>\n<p>CGJ (U+034F)<\/p>\n<h3>Greek and Coptic:<\/h3>\n<p>Regular: <span class=\"scheherazadenewL-R normal\"> \u03c0 <\/span><\/p>\n<p><strong>Bold:<\/strong> <span class=\"scheherazadenewL-B normal\"> \u03c0 <\/span><\/p>\n<h3>General Punctuation, Supplemental Punctuation:<\/h3>\n<p>Regular:<span class=\"scheherazadenewL-R normal\">\u2010 \u2011 \u2012 \u2013 \u2014 \u2015 \u2018 \u2019 \u201a \u201b \u201c \u201d \u201e \u201f \u2020 \u2021 \u2022 \u2026 \u2030 \u2039 \u203a \u2044 \u204f \u2e41<\/span><\/p>\n<p><strong>Bold:<\/strong> <span class=\"scheherazadenewL-B normal\">\u2010 \u2011 \u2012 \u2013 \u2014 \u2015 \u2018 \u2019 \u201a \u201b \u201c \u201d \u201e \u201f \u2020 \u2021 \u2022 \u2026 \u2030 \u2039 \u203a \u2044 \u204f \u2e41<\/span><\/p>\n<h3>Currency Symbols:<\/h3>\n<p>Regular:<span class=\"scheherazadenewL-R normal\">\u20ac \u20c1<\/span><\/p>\n<p><strong>Bold:<\/strong> <span class=\"scheherazadenewL-B normal\">\u20ac \u20c1<\/span><\/p>\n<h3>Letterlike Symbols, Mathematical Operators, Control Pictures, Geometric Shapes, Miscellaneous Mathematical Symbols-B:<\/h3>\n<p>Regular:<span class=\"scheherazadenewL-R normal\">\u2122 \u2126 \u2202 \u2206 \u220f \u2211 \u2212 \u2215 \u2219 \u221a \u221e \u222b \u2260 \u2264 \u2265 \u25ca \u25cc \u29f5 <\/span><\/p>\n<p><strong>Bold:<\/strong> <span class=\"scheherazadenewL-B normal\">\u2122 \u2126 \u2202 \u2206 \u220f \u2211 \u2212 \u2215 \u2219 \u221a \u221e \u222b \u2260 \u2264 \u2265 \u25ca \u25cc \u29f5 <\/span><\/p>\n<h3>Arabic:<\/h3>\n<h4>Regular:<\/h4>\n<p dir=\"rtl\">\n<span class=\"scheherazadenew-R normal\" dir=\"rtl\">\u0600 \u0601 \u0602 \u0603 \u0604 \u0605 \u0606 \u0607 \u0608 \u0609 \u060a \u060b \u060c \u060d \u060e \u060f \u25cc\u0610 \u25cc\u0611 \u25cc\u0612 \u25cc\u0613 \u25cc\u0614 \u25cc\u0615 \u25cc\u0616 \u25cc\u0617 \u25cc\u0618 \u25cc\u0619 \u25cc\u061a \u061b \u061c \u061d \u061e \u061f \u0620 \u0621 \u0622 \u0623 \u0624 \u0625 \u0626 \u0627 \u0628 \u0629 \u062a \u062b \u062c \u062d \u062e \u062f \u0630 \u0631 \u0632 \u0633 \u0634 \u0635 \u0636 \u0637 \u0638 \u0639 \u063a \u063b \u063c \u063d \u063e \u063f \u0640 \u0641 \u0642 \u0643 \u0644 \u0645 \u0646 \u0647 \u0648 \u0649 \u064a \u25cc\u064b \u25cc\u064c \u25cc\u064d \u25cc\u064e \u25cc\u064f \u25cc\u0650 \u25cc\u0651 \u25cc\u0652 \u25cc\u0653 \u25cc\u0654 \u25cc\u0655 \u25cc\u0656 \u25cc\u0657 \u25cc\u0658 \u25cc\u0659 \u25cc\u065a \u25cc\u065b \u25cc\u065c \u25cc\u065d \u25cc\u065e \u25cc\u065f \u0660 \u0661 \u0662 \u0663 \u0664 \u0665 \u0666 \u0667 \u0668 \u0669 \u066a \u066b \u066c \u066d \u066e \u066f \u0670 \u0671 \u0672 \u0673 \u0674 \u0675 \u0676 \u0677 \u0678 \u0679 \u067a \u067b \u067c \u067d \u067e \u067f \u0680 \u0681 \u0682 \u0683 \u0684 \u0685 \u0686 \u0687 \u0688 \u0689 \u068a \u068b \u068c \u068d \u068e \u068f \u0690 \u0691 \u0692 \u0693 \u0694 \u0695 \u0696 \u0697 \u0698 \u0699 \u069a \u069b \u069c \u069d \u069e \u069f \u06a0 \u06a1 \u06a2 \u06a3 \u06a4 \u06a5 \u06a6 \u06a7 \u06a8 \u06a9 \u06aa \u06ab \u06ac \u06ad \u06ae \u06af \u06b0 \u06b1 \u06b2 \u06b3 \u06b4 \u06b5 \u06b6 \u06b7 \u06b8 \u06b9 \u06ba \u06bb \u06bc \u06bd \u06be \u06bf \u06c0 \u06c1 \u06c2 \u06c3 \u06c4 \u06c5 \u06c6 \u06c7 \u06c8 \u06c9 \u06ca \u06cb \u06cc \u06cd \u06ce \u06cf \u06d0 \u06d1 \u06d2 \u06d3 \u06d4 \u06d5 \u25cc\u06d6 \u25cc\u06d7 \u25cc\u06d8 \u25cc\u06d9 \u25cc\u06da \u25cc\u06db \u25cc\u06dc \u06dd \u06de \u25cc\u06df \u25cc\u06e0 \u25cc\u06e1 \u25cc\u06e2 \u25cc\u06e3 \u25cc\u06e4 \u06e5 \u06e6 \u25cc\u06e7 \u25cc\u06e8 \u06e9 \u25cc\u06ea \u25cc\u06eb \u25cc\u06ec \u25cc\u06ed \u06ee \u06ef \u06f0 \u06f1 \u06f2 \u06f3 \u06f4 \u06f5 \u06f6 \u06f7 \u06f8 \u06f9 \u06fa \u06fb \u06fc \u06fd \u06fe \u06ff<\/span>\n<\/p>\n<h4>Bold:<\/h4>\n<p dir=\"rtl\">\n<span class=\"scheherazadenew-B normal\" dir=\"rtl\">\u0600 \u0601 \u0602 \u0603 \u0604 \u0605 \u0606 \u0607 \u0608 \u0609 \u060a \u060b \u060c \u060d \u060e \u060f \u25cc\u0610 \u25cc\u0611 \u25cc\u0612 \u25cc\u0613 \u25cc\u0614 \u25cc\u0615 \u25cc\u0616 \u25cc\u0617 \u25cc\u0618 \u25cc\u0619 \u25cc\u061a \u061b \u061c \u061d \u061e \u061f \u0620 \u0621 \u0622 \u0623 \u0624 \u0625 \u0626 \u0627 \u0628 \u0629 \u062a \u062b \u062c \u062d \u062e \u062f \u0630 \u0631 \u0632 \u0633 \u0634 \u0635 \u0636 \u0637 \u0638 \u0639 \u063a \u063b \u063c \u063d \u063e \u063f \u0640 \u0641 \u0642 \u0643 \u0644 \u0645 \u0646 \u0647 \u0648 \u0649 \u064a \u25cc\u064b \u25cc\u064c \u25cc\u064d \u25cc\u064e \u25cc\u064f \u25cc\u0650 \u25cc\u0651 \u25cc\u0652 \u25cc\u0653 \u25cc\u0654 \u25cc\u0655 \u25cc\u0656 \u25cc\u0657 \u25cc\u0658 \u25cc\u0659 \u25cc\u065a \u25cc\u065b \u25cc\u065c \u25cc\u065d \u25cc\u065e \u25cc\u065f \u0660 \u0661 \u0662 \u0663 \u0664 \u0665 \u0666 \u0667 \u0668 \u0669 \u066a \u066b \u066c \u066d \u066e \u066f \u0670 \u0671 \u0672 \u0673 \u0674 \u0675 \u0676 \u0677 \u0678 \u0679 \u067a \u067b \u067c \u067d \u067e \u067f \u0680 \u0681 \u0682 \u0683 \u0684 \u0685 \u0686 \u0687 \u0688 \u0689 \u068a \u068b \u068c \u068d \u068e \u068f \u0690 \u0691 \u0692 \u0693 \u0694 \u0695 \u0696 \u0697 \u0698 \u0699 \u069a \u069b \u069c \u069d \u069e \u069f \u06a0 \u06a1 \u06a2 \u06a3 \u06a4 \u06a5 \u06a6 \u06a7 \u06a8 \u06a9 \u06aa \u06ab \u06ac \u06ad \u06ae \u06af \u06b0 \u06b1 \u06b2 \u06b3 \u06b4 \u06b5 \u06b6 \u06b7 \u06b8 \u06b9 \u06ba \u06bb \u06bc \u06bd \u06be \u06bf \u06c0 \u06c1 \u06c2 \u06c3 \u06c4 \u06c5 \u06c6 \u06c7 \u06c8 \u06c9 \u06ca \u06cb \u06cc \u06cd \u06ce \u06cf \u06d0 \u06d1 \u06d2 \u06d3 \u06d4 \u06d5 \u25cc\u06d6 \u25cc\u06d7 \u25cc\u06d8 \u25cc\u06d9 \u25cc\u06da \u25cc\u06db \u25cc\u06dc \u06dd \u06de \u25cc\u06df \u25cc\u06e0 \u25cc\u06e1 \u25cc\u06e2 \u25cc\u06e3 \u25cc\u06e4 \u06e5 \u06e6 \u25cc\u06e7 \u25cc\u06e8 \u06e9 \u25cc\u06ea \u25cc\u06eb \u25cc\u06ec \u25cc\u06ed \u06ee \u06ef \u06f0 \u06f1 \u06f2 \u06f3 \u06f4 \u06f5 \u06f6 \u06f7 \u06f8 \u06f9 \u06fa \u06fb \u06fc \u06fd \u06fe \u06ff<\/span>\n<\/p>\n<h3>Arabic Supplement:<\/h3>\n<h4>Regular:<\/h4>\n<p dir=\"rtl\">\n<span class=\"scheherazadenew-R normal\" dir=\"rtl\">\u0750 \u0751 \u0752 \u0753 \u0754 \u0755 \u0756 \u0757 \u0758 \u0759 \u075a \u075b \u075c \u075d \u075e \u075f \u0760 \u0761 \u0762 \u0763 \u0764 \u0765 \u0766 \u0767 \u0768 \u0769 \u076a \u076b \u076c \u076d \u076e \u076f \u0770 \u0771 \u0772 \u0773 \u0774 \u0775 \u0776 \u0777 \u0778 \u0779 \u077a \u077b \u077c \u077d \u077e \u077f<\/span>\n<\/p>\n<h4>Bold:<\/h4>\n<p dir=\"rtl\">\n<span class=\"scheherazadenew-B normal\" dir=\"rtl\">\u0750 \u0751 \u0752 \u0753 \u0754 \u0755 \u0756 \u0757 \u0758 \u0759 \u075a \u075b \u075c \u075d \u075e \u075f \u0760 \u0761 \u0762 \u0763 \u0764 \u0765 \u0766 \u0767 \u0768 \u0769 \u076a \u076b \u076c \u076d \u076e \u076f \u0770 \u0771 \u0772 \u0773 \u0774 \u0775 \u0776 \u0777 \u0778 \u0779 \u077a \u077b \u077c \u077d \u077e \u077f<\/span>\n<\/p>\n<h3>Arabic Extended-B:<\/h3>\n<h4>Regular:<\/h4>\n<p dir=\"rtl\">\n<span class=\"scheherazadenew-R normal\" dir=\"rtl\">\u0870 \u0871 \u0872 \u0873 \u0874 \u0875 \u0876 \u0877 \u0878 \u0879 \u087a \u087b \u087c \u087d \u087e \u087f \u0880 \u0881 \u0882 \u0883 \u0884 \u0885 \u0887 \u0888 \u0889 \u088a \u088b \u088c \u088d \u088e \u088f<\/br><\/br><br \/>\n\u25cc\u0890 \u25cc\u0891 \u25cc\u0897 \u25cc\u0898 \u25cc\u0899 \u25cc\u089a \u25cc\u089b \u25cc\u089c \u25cc\u089d \u25cc\u089e \u25cc\u089f<\/span>\n<\/p>\n<h4>Bold:<\/h4>\n<p dir=\"rtl\">\n<span class=\"scheherazadenew-B normal\" dir=\"rtl\">\u0870 \u0871 \u0872 \u0873 \u0874 \u0875 \u0876 \u0877 \u0878 \u0879 \u087a \u087b \u087c \u087d \u087e \u087f \u0880 \u0881 \u0882 \u0883 \u0884 \u0885 \u0887 \u0888 \u0889 \u088a \u088b \u088c \u088d \u088e \u088f<\/br><\/br><br \/>\n\u25cc\u0890 \u25cc\u0891 \u25cc\u0897 \u25cc\u0898 \u25cc\u0899 \u25cc\u089a \u25cc\u089b \u25cc\u089c \u25cc\u089d \u25cc\u089e \u25cc\u089f<\/span>\n<\/p>\n<h3>Arabic Extended-A:<\/h3>\n<h4>Regular:<\/h4>\n<p dir=\"rtl\">\n<span class=\"scheherazadenew-R normal\" dir=\"rtl\">\u08a0 \u08a1 \u08a2 \u08a3 \u08a4 \u08a5 \u08a6 \u08a7 \u08a8 \u08a9 \u08aa \u08ab \u08ac \u08ad \u08ae \u08af \u08b0 \u08b1 \u08b2 \u08b3 \u08b4 \u08b5 \u08b6 \u08b7 \u08b8 \u08b9 \u08ba \u08bb \u08bc \u08bd \u08be \u08bf \u08c0 \u08c1 \u08c2 \u08c3 \u08c4 \u08c5 \u08c6 \u08c7 \u08c8<\/br><\/br><br \/>\n\u08c9 \u25cc\u08ca \u25cc\u08cb \u25cc\u08cc \u25cc\u08cd \u25cc\u08ce \u25cc\u08cf \u25cc\u08d0 \u25cc\u08d1 \u25cc\u08d2 \u25cc\u08d3 \u25cc\u08d4 \u25cc\u08d5 \u25cc\u08d6 \u25cc\u08d7 \u25cc\u08d8 \u25cc\u08d9 \u25cc\u08da \u25cc\u08db \u25cc\u08dc \u25cc\u08dd \u25cc\u08de \u25cc\u08df \u25cc\u08e0 \u25cc\u08e1 \u25cc\u08e2 \u25cc\u08e3 \u25cc\u08e4 \u25cc\u08e5 \u25cc\u08e6 \u25cc\u08e7 \u25cc\u08e8 \u25cc\u08e9 \u25cc\u08ea \u25cc\u08eb \u25cc\u08ec \u25cc\u08ed \u25cc\u08ee \u25cc\u08ef \u25cc\u08f0 \u25cc\u08f1 \u25cc\u08f2 \u25cc\u08f3 \u25cc\u08f4 \u25cc\u08f5 \u25cc\u08f6 \u25cc\u08f7 \u25cc\u08f8 \u25cc\u08f9 \u25cc\u08fa \u25cc\u08fb \u25cc\u08fc \u25cc\u08fd \u25cc\u08fe \u25cc\u08ff<\/span>\n<\/p>\n<h4>Bold:<\/h4>\n<p dir=\"rtl\">\n<span class=\"scheherazadenew-B normal\" dir=\"rtl\">\u08a0 \u08a1 \u08a2 \u08a3 \u08a4 \u08a5 \u08a6 \u08a7 \u08a8 \u08a9 \u08aa \u08ab \u08ac \u08ad \u08ae \u08af \u08b0 \u08b1 \u08b2 \u08b3 \u08b4 \u08b5 \u08b6 \u08b7 \u08b8 \u08b9 \u08ba \u08bb \u08bc \u08bd \u08be \u08bf \u08c0 \u08c1 \u08c2 \u08c3 \u08c4 \u08c5 \u08c6 \u08c7 \u08c8<\/br><\/br><br \/>\n\u08c9 \u25cc\u08ca \u25cc\u08cb \u25cc\u08cc \u25cc\u08cd \u25cc\u08ce \u25cc\u08cf \u25cc\u08d0 \u25cc\u08d1 \u25cc\u08d2 \u25cc\u08d3 \u25cc\u08d4 \u25cc\u08d5 \u25cc\u08d6 \u25cc\u08d7 \u25cc\u08d8 \u25cc\u08d9 \u25cc\u08da \u25cc\u08db \u25cc\u08dc \u25cc\u08dd \u25cc\u08de \u25cc\u08df \u25cc\u08e0 \u25cc\u08e1 \u25cc\u08e2 \u25cc\u08e3 \u25cc\u08e4 \u25cc\u08e5 \u25cc\u08e6 \u25cc\u08e7 \u25cc\u08e8 \u25cc\u08e9 \u25cc\u08ea \u25cc\u08eb \u25cc\u08ec \u25cc\u08ed \u25cc\u08ee \u25cc\u08ef \u25cc\u08f0 \u25cc\u08f1 \u25cc\u08f2 \u25cc\u08f3 \u25cc\u08f4 \u25cc\u08f5 \u25cc\u08f6 \u25cc\u08f7 \u25cc\u08f8 \u25cc\u08f9 \u25cc\u08fa \u25cc\u08fb \u25cc\u08fc \u25cc\u08fd \u25cc\u08fe \u25cc\u08ff<\/span>\n<\/p>\n<h3>Arabic Presentation Forms:<\/h3>\n<h4>Regular:<\/h4>\n<p dir=\"rtl\">\n<span class=\"scheherazadenew-R normal\">\ufbc6 \u0628 \ufbc7 \u0628 \ufd3e \u0628 \ufd3f \u0628 \ufd40 \u0628 \ufd41 \u0628 \ufd42 \u0628 \ufd43 \u0628 \ufd44 \u0628 \ufd45 \u0628 \ufd46 \u0628 \ufd47 \u0628 \ufd47 \u0628 \ufd48 \u0628 \ufd49 \u0628 \ufd4a \u0628 \ufd4b \u0628 \ufd4c \u0628 \ufd4d \u0628 \ufd4e \u0628 \ufd4f \u0628 \ufd90 \u0628 \ufd91 \u0628 \ufdcf \u0628 \ufdf2 \u0628 \ufdfa \u0628 \ufdfb \u0628 \ufdfc \u0628 \ufdfd \u0628 \ufdfe\u0628 \ufdff<\/span>\n<\/p>\n<h4>Bold:<\/h4>\n<p dir=\"rtl\">\n<span class=\"scheherazadenew-B normal\">\ufbc6 \u0628 \ufbc7 \u0628 \ufd3e \u0628 \ufd3f \u0628 \ufd40 \u0628 \ufd41 \u0628 \ufd42 \u0628 \ufd43 \u0628 \ufd44 \u0628 \ufd45 \u0628 \ufd46 \u0628 \ufd47 \u0628 \ufd47 \u0628 \ufd48 \u0628 \ufd49 \u0628 \ufd4a \u0628 \ufd4b \u0628 \ufd4c \u0628 \ufd4d \u0628 \ufd4e \u0628 \ufd4f \u0628 \ufd90 \u0628 \ufd91 \u0628 \ufdcf \u0628 \ufdf2 \u0628 \ufdfa \u0628 \ufdfb \u0628 \ufdfc \u0628 \ufdfd \u0628 \ufdfe\u0628 \ufdff<\/span>\n<\/p>\n<h3>Arabic Extended-C:<\/h3>\n<h4>Regular:<\/h4>\n<p dir=\"rtl\">\n<span class=\"scheherazadenew-R normal\" dir=\"rtl\">\ud803\udec2 \ud803\udec3 \ud803\udec4 \ud803\udec5 \ud803\udec6 \ud803\udec7 \ud803\uded0 \u25cc\ud803\udefa \u25cc\ud803\udefb \u25cc\ud803\udefc \u25cc\ud803\udefd \u25cc\ud803\udefe \u25cc\ud803\udeff<\/span>\n<\/p>\n<h4>Bold:<\/h4>\n<p dir=\"rtl\">\n<span class=\"scheherazadenew-B normal\" dir=\"rtl\">\ud803\udec2 \ud803\udec3 \ud803\udec4 \ud803\udec5 \ud803\udec6 \ud803\udec7 \ud803\uded0 \u25cc\ud803\udefa \u25cc\ud803\udefb \u25cc\ud803\udefc \u25cc\ud803\udefd \u25cc\ud803\udefe \u25cc\ud803\udeff<\/span>\n<\/p>\n<h2>Arabic Shaping (some basic shapes):<\/h2>\n<h4>Regular:<\/h4>\n<p dir=\"rtl\">\n<span class=\"scheherazadenew-R normal\">\u0627 \u200d\u0627 \u0628 \u0628\u0628\u0628 \u062c \u062c\u062c\u062c \u062f \u200d\u062f \u0631 \u200d\u0631 \u0633 \u0633\u0633\u0633 \u0635 \u0635\u0635\u0635 \u0637 \u0637\u0637\u0637 \u0639 \u0639\u0639\u0639 \u0641 \u0641\u0641\u0641 \u0642 \u0642\u0642\u0642 \u0643 \u0643\u0643\u0643 \u0644 \u0644\u0644\u0644 \u0645 \u0645\u0645\u0645 \u0646 \u0646\u0646\u0646 \u0647 \u0647\u0647\u0647 \u0648 \u200d\u0648 \u064a \u064a\u064a\u064a \u06a9 \u06a9\u06a9\u06a9 \u06d2 \u200d\u06d2 \u0644\u0627 <\/br><br \/>\n\u202d\u06dd123\u202c \u202d\u06dd\u0661\u0662\u0663\u202c<\/span>\n<\/p>\n<h4>Bold:<\/h4>\n<p dir=\"rtl\">\n<span class=\"scheherazadenew-B normal\">\u0627 \u200d\u0627 \u0628 \u0628\u0628\u0628 \u062c \u062c\u062c\u062c \u062f \u200d\u062f \u0631 \u200d\u0631 \u0633 \u0633\u0633\u0633 \u0635 \u0635\u0635\u0635 \u0637 \u0637\u0637\u0637 \u0639 \u0639\u0639\u0639 \u0641 \u0641\u0641\u0641 \u0642 \u0642\u0642\u0642 \u0643 \u0643\u0643\u0643 \u0644 \u0644\u0644\u0644 \u0645 \u0645\u0645\u0645 \u0646 \u0646\u0646\u0646 \u0647 \u0647\u0647\u0647 \u0648 \u200d\u0648 \u064a \u064a\u064a\u064a \u06a9 \u06a9\u06a9\u06a9 \u06d2 \u200d\u06d2 \u0644\u0627 <\/br><br \/>\n\u202d\u06dd123\u202c \u202d\u06dd\u0661\u0662\u0663\u202c<\/span>\n<\/p>\n<h2>Arabic MSA UDHR #26:<\/h2>\n<p dir=\"rtl\">\n<span class=\"scheherazadenew-B normal\"> \u0627\u0644\u0645\u0627\u062f\u0629 26<\/span>\n<\/p>\n<p dir=\"rtl\">\n<span class=\"scheherazadenew-R normal\">\u0644\u0643\u0644 \u0634\u062e\u0635 \u0627\u0644\u062d\u0642 \u0641\u064a \u0627\u0644\u062a\u0639\u0644\u0645. \u0648\u064a\u062c\u0628 \u0623\u0646 \u064a\u0643\u0648\u0646 \u0627\u0644\u062a\u0639\u0644\u064a\u0645 \u0641\u064a \u0645\u0631\u0627\u062d\u0644\u0647 \u0627\u0644\u0623\u0648\u0644\u0649 \u0648\u0627\u0644\u0623\u0633\u0627\u0633\u064a\u0629 \u0639\u0644\u0649 \u0627\u0644\u0623\u0642\u0644 \u0628\u0627\u0644\u0645\u062c\u0627\u0646\u060c \u0648\u0623\u0646 \u064a\u0643\u0648\u0646 \u0627\u0644\u062a\u0639\u0644\u064a\u0645 \u0627\u0644\u0623\u0648\u0644\u064a \u0625\u0644\u0632\u0627\u0645\u064a\u0627 \u0648\u064a\u0646\u0628\u063a\u064a \u0623\u0646 \u064a\u0639\u0645\u0645 \u0627\u0644\u062a\u0639\u0644\u064a\u0645 \u0627\u0644\u0641\u0646\u064a \u0648\u0627\u0644\u0645\u0647\u0646\u064a\u060c \u0648\u0623\u0646 \u064a\u064a\u0633\u0631 \u0627\u0644\u0642\u0628\u0648\u0644 \u0644\u0644\u062a\u0639\u0644\u064a\u0645 \u0627\u0644\u0639\u0627\u0644\u064a \u0639\u0644\u0649 \u0642\u062f\u0645 \u0627\u0644\u0645\u0633\u0627\u0648\u0627\u0629 \u0627\u0644\u062a\u0627\u0645\u0629 \u0644\u0644\u062c\u0645\u064a\u0639 \u0648\u0639\u0644\u0649 \u0623\u0633\u0627\u0633 \u0627\u0644\u0643\u0641\u0627\u0621\u0629. <\/span>\n<\/p>\n<p dir=\"rtl\">\n<span class=\"scheherazadenew-R normal\">\u064a\u062c\u0628 \u0623\u0646 \u062a\u0647\u062f\u0641 \u0627\u0644\u062a\u0631\u0628\u064a\u0629 \u0625\u0644\u0649 \u0625\u0646\u0645\u0627\u0621 \u0634\u062e\u0635\u064a\u0629 \u0627\u0644\u0625\u0646\u0633\u0627\u0646 \u0625\u0646\u0645\u0627\u0621 \u0643\u0627\u0645\u0644\u0627\u060c \u0648\u0625\u0644\u0649 \u062a\u0639\u0632\u064a\u0632 \u0627\u062d\u062a\u0631\u0627\u0645 \u0627\u0644\u0625\u0646\u0633\u0627\u0646 \u0648\u0627\u0644\u062d\u0631\u064a\u0627\u062a \u0627\u0644\u0623\u0633\u0627\u0633\u064a\u0629 \u0648\u062a\u0646\u0645\u064a\u0629 \u0627\u0644\u062a\u0641\u0627\u0647\u0645 \u0648\u0627\u0644\u062a\u0633\u0627\u0645\u062d \u0648\u0627\u0644\u0635\u062f\u0627\u0642\u0629 \u0628\u064a\u0646 \u062c\u0645\u064a\u0639 \u0627\u0644\u0634\u0639\u0648\u0628 \u0648\u0627\u0644\u062c\u0645\u0627\u0639\u0627\u062a \u0627\u0644\u0639\u0646\u0635\u0631\u064a\u0629 \u0623\u0648 \u0627\u0644\u062f\u064a\u0646\u064a\u0629\u060c \u0648\u0625\u0644\u0649 \u0632\u064a\u0627\u062f\u0629 \u0645\u062c\u0647\u0648\u062f \u0627\u0644\u0623\u0645\u0645 \u0627\u0644\u0645\u062a\u062d\u062f\u0629 \u0644\u062d\u0641\u0638 \u0627\u0644\u0633\u0644\u0627\u0645.<\/span>\n<\/p>\n<p dir=\"rtl\">\n<span class=\"scheherazadenew-R normal\">\u0644\u0644\u0622\u0628\u0627\u0621 \u0627\u0644\u062d\u0642 \u0627\u0644\u0623\u0648\u0644 \u0641\u064a \u0627\u062e\u062a\u064a\u0627\u0631 \u0646\u0648\u0639 \u062a\u0631\u0628\u064a\u0629 \u0623\u0648\u0644\u0627\u062f\u0647\u0645.<\/span>\n<\/p>\n<p><br \/>\n<\/p>\n","protected":false},"excerpt":{"rendered":"<p>This document demonstrates all of the characters in the font. It is organized by Unicode block. Alternate glyphs that are available through features are demonstrated in the Features document. At the end is a sample demonstrating Arabic shaping and another example of running text. Type Sample Basic Latin: Regular: ! &#8221; # $ % &amp; [&hellip;]<\/p>\n","protected":false},"author":18,"featured_media":0,"parent":0,"menu_order":0,"comment_status":"closed","ping_status":"closed","template":"","meta":{"_acf_changed":false,"hide_sidebar":false,"hide_h1":false,"footnotes":""},"class_list":["post-979","page","type-page","status-publish","hentry"],"acf":[],"_links":{"self":[{"href":"https:\/\/software.sil.org\/scheherazade\/wp-json\/wp\/v2\/pages\/979","targetHints":{"allow":["GET"]}}],"collection":[{"href":"https:\/\/software.sil.org\/scheherazade\/wp-json\/wp\/v2\/pages"}],"about":[{"href":"https:\/\/software.sil.org\/scheherazade\/wp-json\/wp\/v2\/types\/page"}],"author":[{"embeddable":true,"href":"https:\/\/software.sil.org\/scheherazade\/wp-json\/wp\/v2\/users\/18"}],"replies":[{"embeddable":true,"href":"https:\/\/software.sil.org\/scheherazade\/wp-json\/wp\/v2\/comments?post=979"}],"version-history":[{"count":13,"href":"https:\/\/software.sil.org\/scheherazade\/wp-json\/wp\/v2\/pages\/979\/revisions"}],"predecessor-version":[{"id":1272,"href":"https:\/\/software.sil.org\/scheherazade\/wp-json\/wp\/v2\/pages\/979\/revisions\/1272"}],"wp:attachment":[{"href":"https:\/\/software.sil.org\/scheherazade\/wp-json\/wp\/v2\/media?parent=979"}],"curies":[{"name":"wp","href":"https:\/\/api.w.org\/{rel}","templated":true}]}}